{"id":1148,"date":"2022-05-18T14:22:43","date_gmt":"2022-05-18T07:22:43","guid":{"rendered":"https:\/\/dt-corp.com.vn\/?page_id=1148"},"modified":"2022-05-18T15:24:40","modified_gmt":"2022-05-18T08:24:40","slug":"he-thong-quan-ly-tai-lieu","status":"publish","type":"page","link":"https:\/\/dt-corp.com.vn\/?page_id=1148","title":{"rendered":"H\u1ec7 th\u1ed1ng qu\u1ea3n l\u00fd t\u00e0i li\u1ec7u"},"content":{"rendered":"\t\t<div data-elementor-type=\"wp-page\" data-elementor-id=\"1148\" class=\"elementor elementor-1148\" data-elementor-settings=\"[]\">\n\t\t\t\t\t\t\t<div class=\"elementor-section-wrap\">\n\t\t\t\t\t\t\t<section class=\"elementor-section elementor-top-section elementor-element elementor-element-4a69e5d elementor-section-boxed elementor-section-height-default elementor-section-height-default\" data-id=\"4a69e5d\" data-element_type=\"section\">\n\t\t\t\t\t\t<div class=\"elementor-container elementor-column-gap-default\">\n\t\t\t\t\t<div class=\"elementor-column elementor-col-100 elementor-top-column elementor-element elementor-element-f815afe\" data-id=\"f815afe\" data-element_type=\"column\">\n\t\t\t<div class=\"elementor-widget-wrap elementor-element-populated\">\n\t\t\t\t\t\t\t\t<div class=\"elementor-element elementor-element-af85ac3 elementor-flip-box--effect-flip elementor-flip-box--direction-up elementor-widget elementor-widget-flip-box\" data-id=\"af85ac3\" data-element_type=\"widget\" data-widget_type=\"flip-box.default\">\n\t\t\t\t<div class=\"elementor-widget-container\">\n\t\t\t\t\t<div class=\"elementor-flip-box\">\n\t\t\t<div class=\"elementor-flip-box__layer elementor-flip-box__front\">\n\t\t\t\t<div class=\"elementor-flip-box__layer__overlay\">\n\t\t\t\t\t<div class=\"elementor-flip-box__layer__inner\">\n\t\t\t\t\t\t\t\t\t\t\t\t\t<div class=\"elementor-icon-wrapper elementor-view-default\">\n\t\t\t\t\t\t\t\t<div class=\"elementor-icon\">\n\t\t\t\t\t\t\t\t\t<i class=\"far fa-list-alt\"><\/i>\t\t\t\t\t\t\t\t<\/div>\n\t\t\t\t\t\t\t<\/div>\n\t\t\t\t\t\t\n\t\t\t\t\t\t\t\t\t\t\t\t\t<h3 class=\"elementor-flip-box__layer__title\">\n\t\t\t\t\t\t\t\tDOCUMENT MANAGEMENT\t\t\t\t\t\t\t<\/h3>\n\t\t\t\t\t\t\n\t\t\t\t\t\t\t\t\t\t\t\t\t<div class=\"elementor-flip-box__layer__description\">\n\t\t\t\t\t\t\t\tGi\u1ea3i ph\u00e1p t\u1ef1 \u0111\u1ed9ng h\u00f3a trong c\u00f4ng t\u00e1c s\u1ed1 h\u00f3a V\u0103n b\u1ea3n \u0111i\u1ec7n t\u1eed v\u00e0 \u0110i\u1ec1u h\u00e0nh c\u00f4ng vi\u1ec7c, gi\u1ea3i ph\u00e1p \u0111\u01b0\u1ee3c ph\u00e1t tri\u1ec3n d\u1ef1a tr\u00ean n\u1ec1n t\u1ea3ng c\u00f4ng ngh\u1ec7 ti\u00ean ti\u1ebfn nh\u1eb1m \u0111\u00e1p \u1ee9ng h\u1ed7 tr\u1ee3 trong c\u00f4ng t\u00e1c l\u01b0u tr\u1eef th\u00f4ng tin t\u1eadp trung c\u00f3 c\u1ea5u tr\u00fac v\u00e0 phi c\u1ea5u tr\u00fac, gi\u00fap c\u00e1c c\u00e1 nh\u00e2n, t\u1ed5 ch\u1ee9c gi\u1ea3i quy\u1ebft c\u00f4ng vi\u1ec7c t\u1eeb xa \u1edf m\u1ecdi l\u00fac m\u1ecdi n\u01a1i tr\u00ean c\u00e1c thi\u1ebft b\u1ecb di \u0111\u1ed9ng th\u00f4ng qua Internet.\t\t\t\t\t\t\t<\/div>\n\t\t\t\t\t\t\t\t\t\t\t<\/div>\n\t\t\t\t<\/div>\n\t\t\t<\/div>\n\t\t\t<div class=\"elementor-flip-box__layer elementor-flip-box__back\">\n\t\t\t<div class=\"elementor-flip-box__layer__overlay\">\n\t\t\t\t<div class=\"elementor-flip-box__layer__inner\">\n\t\t\t\t\t\t\t\t\t\t\t<h3 class=\"elementor-flip-box__layer__title\">\n\t\t\t\t\t\t\tDocument Management\t\t\t\t\t\t<\/h3>\n\t\t\t\t\t\n\t\t\t\t\t\t\t\t\t\t\t<div class=\"elementor-flip-box__layer__description\">\n\t\t\t\t\t\t\tTi\u1ebft ki\u1ec7m chi ph\u00ed t\u00e0i ch\u00ednh  | \nPh\u00f9 h\u1ee3p c\u00e1c m\u00f4 h\u00ecnh kinh doanh | \nC\u00f4ng ngh\u1ec7 v\u01b0\u1ee3t tr\u1ed9i | \nL\u01b0u tr\u1eef t\u1eadp trung th\u00f4ng tin \t\t\t\t\t\t<\/div>\n\t\t\t\t\t\n\t\t\t\t\t\t\t\t\t\t\t<a class=\"elementor-flip-box__button elementor-button elementor-size-sm\">\n\t\t\t\t\t\t\tClick Here\t\t\t\t\t\t<\/a>\n\t\t\t\t\t\t\t\t<\/div>\n\t\t<\/div>\n\t\t<\/div>\n\t\t<\/div>\n\t\t\t\t<\/div>\n\t\t\t\t<\/div>\n\t\t\t\t\t<\/div>\n\t\t<\/div>\n\t\t\t\t\t\t\t<\/div>\n\t\t<\/section>\n\t\t\t\t<section class=\"elementor-section elementor-top-section elementor-element elementor-element-d8326ad elementor-section-boxed elementor-section-height-default elementor-section-height-default\" data-id=\"d8326ad\" data-element_type=\"section\">\n\t\t\t\t\t\t<div class=\"elementor-container elementor-column-gap-default\">\n\t\t\t\t\t<div class=\"elementor-column elementor-col-100 elementor-top-column elementor-element elementor-element-25eea7e\" data-id=\"25eea7e\" data-element_type=\"column\">\n\t\t\t<div class=\"elementor-widget-wrap elementor-element-populated\">\n\t\t\t\t\t\t\t\t<div class=\"elementor-element elementor-element-f9bee05 elementor-cta--skin-classic elementor-animated-content elementor-bg-transform elementor-bg-transform-zoom-in elementor-widget elementor-widget-call-to-action\" data-id=\"f9bee05\" data-element_type=\"widget\" data-widget_type=\"call-to-action.default\">\n\t\t\t\t<div class=\"elementor-widget-container\">\n\t\t\t\t\t<div class=\"elementor-cta\">\n\t\t\t\t\t<div class=\"elementor-cta__bg-wrapper\">\n\t\t\t\t<div class=\"elementor-cta__bg elementor-bg\" style=\"background-image: url(https:\/\/dt-corp.com.vn\/wp-content\/uploads\/2022\/05\/DocumentMgmt-1024x552.jpg);\"><\/div>\n\t\t\t\t<div class=\"elementor-cta__bg-overlay\"><\/div>\n\t\t\t<\/div>\n\t\t\t\t\t\t\t<div class=\"elementor-cta__content\">\n\t\t\t\t\n\t\t\t\t<h2 class=\"elementor-cta__title elementor-cta__content-item elementor-content-item\">PH\u00d9 H\u1ee2P CHO M\u1eccI LO\u1ea0I H\u00ccNH DOANH NGHI\u1ec6P<\/h2>\n\t\t\t\t\t\t\t\t\t<div class=\"elementor-cta__description elementor-cta__content-item elementor-content-item\">\n\t\t\t\t\t\tD\u1ec5 d\u00e0ng tri\u1ec3n khai v\u00e0 s\u1eed d\u1ee5ng, \u00e1p d\u1ee5ng cho t\u1ea5t c\u1ea3 c\u00e1c m\u00f4 h\u00ecnh t\u1ed5 ch\u1ee9c nh\u01b0 c\u00e1c c\u01a1 quan nh\u00e0 n\u01b0\u1edbc, c\u00e1c doanh nghi\u1ec7p c\u00f3 quy m\u00f4 v\u1eeba v\u00e0 nh\u1ecf hay m\u00f4 h\u00ecnh T\u1eadp \u0111o\u00e0n c\u00f3 nhi\u1ec1u \u0111\u01a1n v\u1ecb th\u00e0nh vi\u00ean\u2026\t\t\t\t\t<\/div>\n\t\t\t\t\n\t\t\t\t\t\t\t<\/div>\n\t\t\t\t\t\t<\/div>\n\t\t\t\t<\/div>\n\t\t\t\t<\/div>\n\t\t\t\t\t<\/div>\n\t\t<\/div>\n\t\t\t\t\t\t\t<\/div>\n\t\t<\/section>\n\t\t\t\t<section class=\"elementor-section elementor-top-section elementor-element elementor-element-1eb815b elementor-section-boxed elementor-section-height-default elementor-section-height-default\" data-id=\"1eb815b\" data-element_type=\"section\">\n\t\t\t\t\t\t<div class=\"elementor-container elementor-column-gap-default\">\n\t\t\t\t\t<div class=\"elementor-column elementor-col-100 elementor-top-column elementor-element elementor-element-e081f47\" data-id=\"e081f47\" data-element_type=\"column\">\n\t\t\t<div class=\"elementor-widget-wrap elementor-element-populated\">\n\t\t\t\t\t\t\t\t<div class=\"elementor-element elementor-element-c32f36c elementor-align-left elementor-icon-list--layout-traditional elementor-list-item-link-full_width elementor-widget elementor-widget-icon-list\" data-id=\"c32f36c\" data-element_type=\"widget\" data-widget_type=\"icon-list.default\">\n\t\t\t\t<div class=\"elementor-widget-container\">\n\t\t\t\t\t<ul class=\"elementor-icon-list-items\">\n\t\t\t\t\t\t\t<li class=\"elementor-icon-list-item\">\n\t\t\t\t\t\t\t\t\t\t\t<span class=\"elementor-icon-list-icon\">\n\t\t\t\t\t\t\t<i aria-hidden=\"true\" class=\"fas fa-check\"><\/i>\t\t\t\t\t\t<\/span>\n\t\t\t\t\t\t\t\t\t\t<span class=\"elementor-icon-list-text\">Hi\u1ec7u qu\u1ea3 c\u00f4ng vi\u1ec7c<\/span>\n\t\t\t\t\t\t\t\t\t<\/li>\n\t\t\t\t\t\t\t\t<li class=\"elementor-icon-list-item\">\n\t\t\t\t\t\t\t\t\t\t\t<span class=\"elementor-icon-list-icon\">\n\t\t\t\t\t\t\t<i aria-hidden=\"true\" class=\"far fa-money-bill-alt\"><\/i>\t\t\t\t\t\t<\/span>\n\t\t\t\t\t\t\t\t\t\t<span class=\"elementor-icon-list-text\">Ti\u1ebft ki\u1ec7m chi ph\u00ed<\/span>\n\t\t\t\t\t\t\t\t\t<\/li>\n\t\t\t\t\t\t\t\t<li class=\"elementor-icon-list-item\">\n\t\t\t\t\t\t\t\t\t\t\t<span class=\"elementor-icon-list-icon\">\n\t\t\t\t\t\t\t<i aria-hidden=\"true\" class=\"fas fa-dot-circle\"><\/i>\t\t\t\t\t\t<\/span>\n\t\t\t\t\t\t\t\t\t\t<span class=\"elementor-icon-list-text\">C\u00f4ng ngh\u1ec7 v\u01b0\u1ee3t tr\u1ed9i<\/span>\n\t\t\t\t\t\t\t\t\t<\/li>\n\t\t\t\t\t\t\t\t<li class=\"elementor-icon-list-item\">\n\t\t\t\t\t\t\t\t\t\t\t<span class=\"elementor-icon-list-icon\">\n\t\t\t\t\t\t\t<i aria-hidden=\"true\" class=\"fas fa-chalkboard-teacher\"><\/i>\t\t\t\t\t\t<\/span>\n\t\t\t\t\t\t\t\t\t\t<span class=\"elementor-icon-list-text\">M\u00f4 h\u00ecnh \u0111a d\u1ea1ng<\/span>\n\t\t\t\t\t\t\t\t\t<\/li>\n\t\t\t\t\t\t\t\t<li class=\"elementor-icon-list-item\">\n\t\t\t\t\t\t\t\t\t\t\t<span class=\"elementor-icon-list-icon\">\n\t\t\t\t\t\t\t<i aria-hidden=\"true\" class=\"fas fa-database\"><\/i>\t\t\t\t\t\t<\/span>\n\t\t\t\t\t\t\t\t\t\t<span class=\"elementor-icon-list-text\">L\u01b0u tr\u1eef t\u1eadp trung<\/span>\n\t\t\t\t\t\t\t\t\t<\/li>\n\t\t\t\t\t\t<\/ul>\n\t\t\t\t<\/div>\n\t\t\t\t<\/div>\n\t\t\t\t\t<\/div>\n\t\t<\/div>\n\t\t\t\t\t\t\t<\/div>\n\t\t<\/section>\n\t\t\t\t\t\t<\/div>\n\t\t\t\t\t<\/div>\n\t\t","protected":false},"excerpt":{"rendered":"<p class=\"tx-excerpt\">DOCUMENT MANAGEMENT Gi\u1ea3i ph\u00e1p t\u1ef1 \u0111\u1ed9ng h\u00f3a trong c\u00f4ng t\u00e1c s\u1ed1 h\u00f3a V\u0103n b\u1ea3n \u0111i\u1ec7n t\u1eed v\u00e0 \u0110i\u1ec1u h\u00e0nh c\u00f4ng vi\u1ec7c, gi\u1ea3i ph\u00e1p \u0111\u01b0\u1ee3c ph\u00e1t tri\u1ec3n d\u1ef1a tr\u00ean n\u1ec1n t\u1ea3ng c\u00f4ng ngh\u1ec7 ti\u00ean","protected":false},"author":1,"featured_media":0,"parent":0,"menu_order":0,"comment_status":"closed","ping_status":"closed","template":"","meta":{"footnotes":""},"class_list":["post-1148","page","type-page","status-publish","hentry"],"jetpack_sharing_enabled":true,"_links":{"self":[{"href":"https:\/\/dt-corp.com.vn\/index.php?rest_route=\/wp\/v2\/pages\/1148","targetHints":{"allow":["GET"]}}],"collection":[{"href":"https:\/\/dt-corp.com.vn\/index.php?rest_route=\/wp\/v2\/pages"}],"about":[{"href":"https:\/\/dt-corp.com.vn\/index.php?rest_route=\/wp\/v2\/types\/page"}],"author":[{"embeddable":true,"href":"https:\/\/dt-corp.com.vn\/index.php?rest_route=\/wp\/v2\/users\/1"}],"replies":[{"embeddable":true,"href":"https:\/\/dt-corp.com.vn\/index.php?rest_route=%2Fwp%2Fv2%2Fcomments&post=1148"}],"version-history":[{"count":15,"href":"https:\/\/dt-corp.com.vn\/index.php?rest_route=\/wp\/v2\/pages\/1148\/revisions"}],"predecessor-version":[{"id":1183,"href":"https:\/\/dt-corp.com.vn\/index.php?rest_route=\/wp\/v2\/pages\/1148\/revisions\/1183"}],"wp:attachment":[{"href":"https:\/\/dt-corp.com.vn\/index.php?rest_route=%2Fwp%2Fv2%2Fmedia&parent=1148"}],"curies":[{"name":"wp","href":"https:\/\/api.w.org\/{rel}","templated":true}]}}