{"id":1769,"date":"2024-11-10T20:35:58","date_gmt":"2024-11-10T13:35:58","guid":{"rendered":"https:\/\/dt-corp.com.vn\/?page_id=1769"},"modified":"2024-11-10T20:39:26","modified_gmt":"2024-11-10T13:39:26","slug":"ad-cyber-reciliency","status":"publish","type":"page","link":"https:\/\/dt-corp.com.vn\/?page_id=1769","title":{"rendered":"AD Cyber Reciliency"},"content":{"rendered":"\t\t<div data-elementor-type=\"wp-page\" data-elementor-id=\"1769\" class=\"elementor elementor-1769\" data-elementor-settings=\"[]\">\n\t\t\t\t\t\t\t<div class=\"elementor-section-wrap\">\n\t\t\t\t\t\t\t<section class=\"elementor-section elementor-top-section elementor-element elementor-element-ec0a32b elementor-section-boxed elementor-section-height-default elementor-section-height-default\" data-id=\"ec0a32b\" data-element_type=\"section\">\n\t\t\t\t\t\t<div class=\"elementor-container elementor-column-gap-default\">\n\t\t\t\t\t<div class=\"elementor-column elementor-col-100 elementor-top-column elementor-element elementor-element-0915b07\" data-id=\"0915b07\" data-element_type=\"column\">\n\t\t\t<div class=\"elementor-widget-wrap elementor-element-populated\">\n\t\t\t\t\t\t\t\t<div class=\"elementor-element elementor-element-02c7971 elementor-widget elementor-widget-heading\" data-id=\"02c7971\" data-element_type=\"widget\" data-widget_type=\"heading.default\">\n\t\t\t\t<div class=\"elementor-widget-container\">\n\t\t\t<h2 class=\"elementor-heading-title elementor-size-default\"><span>S\u1ef1 c\u1ea7n thi\u1ebft ph\u1ea3i b\u1ea3o m\u1eadt Active Directory<\/span><\/h2>\t\t<\/div>\n\t\t\t\t<\/div>\n\t\t\t\t\t<\/div>\n\t\t<\/div>\n\t\t\t\t\t\t\t<\/div>\n\t\t<\/section>\n\t\t\t\t<section class=\"elementor-section elementor-top-section elementor-element elementor-element-a0e35b7 elementor-section-boxed elementor-section-height-default elementor-section-height-default\" data-id=\"a0e35b7\" data-element_type=\"section\">\n\t\t\t\t\t\t<div class=\"elementor-container elementor-column-gap-default\">\n\t\t\t\t\t<div class=\"elementor-column elementor-col-100 elementor-top-column elementor-element elementor-element-7b6528f\" data-id=\"7b6528f\" data-element_type=\"column\">\n\t\t\t<div class=\"elementor-widget-wrap elementor-element-populated\">\n\t\t\t\t\t\t\t\t<div class=\"elementor-element elementor-element-19f10a6 elementor-widget elementor-widget-text-editor\" data-id=\"19f10a6\" data-element_type=\"widget\" data-widget_type=\"text-editor.default\">\n\t\t\t\t<div class=\"elementor-widget-container\">\n\t\t\t\t\t\t\t<p>Active Directory (AD) l\u00e0 m\u1ed9t \u1ee9ng d\u1ee5ng t\u1ed1i quan tr\u1ecdng v\u00e0 l\u00e0 x\u01b0\u01a1ng s\u1ed1ng c\u1ee7a c\u01a1 s\u1edf h\u1ea1 t\u1ea7ng CNTT trong m\u1ecdi t\u1ed5 ch\u1ee9c, l\u00e0 ngu\u1ed3n th\u00f4ng tin x\u00e1c th\u1ef1c duy nh\u1ea5t v\u1ec1 danh t\u00ednh v\u00e0 c\u1ea5p ph\u00e9p \u0111\u1ed1i v\u1edbi h\u1ec7 th\u1ed1ng, d\u1ecbch v\u1ee5 v\u00e0 con ng\u01b0\u1eddi. Tuy nhi\u00ean, AD hi\u1ec7n c\u0169ng l\u00e0 m\u1ee5c ti\u00eau s\u1ed1 1 c\u1ee7a c\u00e1c cu\u1ed9c t\u1ea5n c\u00f4ng tr\u00ean m\u1ea1ng v\u1edbi 95 tri\u1ec7u t\u00e0i kho\u1ea3n AD tr\u1edf th\u00e0nh m\u1ee5c ti\u00eau t\u1ea5n c\u00f4ng m\u1ed7i ng\u00e0y. \u0110\u1ec3 b\u1ea3o v\u1ec7 AD, m\u1ed7i t\u1ed5 ch\u1ee9c c\u1ea7n c\u00f3 h\u1ec7 th\u1ed1ng ph\u00f2ng th\u1ee7 theo l\u1edbp nh\u1eb1m b\u1ea3o v\u1ec7 m\u00ecnh tr\u01b0\u1edbc m\u1ecdi giai \u0111o\u1ea1n c\u1ee7a v\u00f2ng \u0111\u1eddi t\u1ea5n c\u00f4ng. Vi\u1ec7n Ti\u00eau chu\u1ea9n v\u00e0 C\u00f4ng ngh\u1ec7 Qu\u1ed1c gia Hoa K\u1ef3 (NIST) \u0111\u00e3 \u0111\u01b0a ra khung tham chi\u1ebfu cho an ninh m\u1ea1ng, bao g\u1ed3m c\u00e1c ti\u00eau ch\u00ed: <b>Identify &#8211; X\u00e1c \u0111\u1ecbnh, Protect &#8211; B\u1ea3o v\u1ec7, Detect &#8211; Ph\u00e1t hi\u1ec7n, Respond &#8211; \u1ee8ng ph\u00f3, Recover &#8211; Ph\u1ee5c h\u1ed3i<\/b>. D\u1ef1a tr\u00ean khung tham chi\u1ebfu n\u00e0y, Quest \u0111\u01b0a ra b\u1ed9 gi\u1ea3i ph\u00e1p <b>AD Cyber Resiliency<\/b> v\u1edbi \u0111\u1ea7y \u0111\u1ee7 c\u00e1c t\u00ednh n\u0103ng c\u1ea7n thi\u1ebft \u0111\u1ec3 b\u1ea3o v\u1ec7 AD cho m\u1ecdi m\u00f4i tr\u01b0\u1eddng m\u1ea1ng <\/p>\t\t\t\t\t\t<\/div>\n\t\t\t\t<\/div>\n\t\t\t\t\t<\/div>\n\t\t<\/div>\n\t\t\t\t\t\t\t<\/div>\n\t\t<\/section>\n\t\t\t\t<section class=\"elementor-section elementor-top-section elementor-element elementor-element-6967284 elementor-section-boxed elementor-section-height-default elementor-section-height-default\" data-id=\"6967284\" data-element_type=\"section\">\n\t\t\t\t\t\t<div class=\"elementor-container elementor-column-gap-default\">\n\t\t\t\t\t<div class=\"elementor-column elementor-col-100 elementor-top-column elementor-element elementor-element-af401ea\" data-id=\"af401ea\" data-element_type=\"column\">\n\t\t\t<div class=\"elementor-widget-wrap elementor-element-populated\">\n\t\t\t\t\t\t\t\t<div class=\"elementor-element elementor-element-24c559e elementor-widget elementor-widget-heading\" data-id=\"24c559e\" data-element_type=\"widget\" data-widget_type=\"heading.default\">\n\t\t\t\t<div class=\"elementor-widget-container\">\n\t\t\t<h2 class=\"elementor-heading-title elementor-size-default\"><span>B\u1ed9 gi\u1ea3i ph\u00e1p AD Cyber Resiliency c\u1ee7a Quest<\/span><\/h2>\t\t<\/div>\n\t\t\t\t<\/div>\n\t\t\t\t\t<\/div>\n\t\t<\/div>\n\t\t\t\t\t\t\t<\/div>\n\t\t<\/section>\n\t\t\t\t<section class=\"elementor-section elementor-top-section elementor-element elementor-element-db824fe elementor-section-boxed elementor-section-height-default elementor-section-height-default\" data-id=\"db824fe\" data-element_type=\"section\">\n\t\t\t\t\t\t<div class=\"elementor-container elementor-column-gap-default\">\n\t\t\t\t\t<div class=\"elementor-column elementor-col-100 elementor-top-column elementor-element elementor-element-fbc002b\" data-id=\"fbc002b\" data-element_type=\"column\">\n\t\t\t<div class=\"elementor-widget-wrap elementor-element-populated\">\n\t\t\t\t\t\t\t\t<div class=\"elementor-element elementor-element-c5e622b elementor-widget elementor-widget-text-editor\" data-id=\"c5e622b\" data-element_type=\"widget\" data-widget_type=\"text-editor.default\">\n\t\t\t\t<div class=\"elementor-widget-container\">\n\t\t\t\t\t\t\t<p>B\u1ed9 gi\u1ea3i ph\u00e1p AD Cyber Resiliency \u0111\u01b0\u1ee3c k\u1ebft h\u1ee3p v\u00e0 x\u00e2y d\u1ef1ng t\u1eeb nhi\u1ec1u gi\u1ea3i ph\u00e1p c\u1ee7a Quest, mang \u0111\u1ebfn nh\u1eefng kh\u1ea3 n\u0103ng:<\/p><ul><li>X\u00e1c \u0111\u1ecbnh c\u00e1c ch\u1ec9 d\u1ea5u v\u1ec1 \u0111i\u1ec3m y\u1ebfu b\u1ea3o m\u1eadt (indicator of\u00a0<span style=\"color: var( --e-global-color-text ); font-family: var( --e-global-typography-text-font-family ), Sans-serif; font-weight: var( --e-global-typography-text-font-weight );\">exposure &#8211; IOE) v\u00e0 \u01b0u ti\u00ean c\u00e1c \u0111\u01b0\u1eddng t\u1ea5n c\u00f4ng (attack\u00a0<\/span><span style=\"color: var( --e-global-color-text ); font-family: var( --e-global-typography-text-font-family ), Sans-serif; font-weight: var( --e-global-typography-text-font-weight );\">path) m\u00e0 k\u1ebb th\u00f9 c\u00f3 th\u1ec3 th\u1ef1c hi\u1ec7n \u0111\u1ec3 s\u1edf h\u1eefu m\u00f4i tr\u01b0\u1eddng<\/span><\/li><li>B\u1ea3o v\u1ec7 m\u00f4i tr\u01b0\u1eddng CNTT \u0111\u1ec3 nh\u1eefng k\u1ebb t\u1ea5n c\u00f4ng kh\u00f4ng\u00a0<span style=\"color: var( --e-global-color-text ); font-family: var( --e-global-typography-text-font-family ), Sans-serif; font-weight: var( --e-global-typography-text-font-weight );\">th\u1ec3 th\u1ef1c hi\u1ec7n thay \u0111\u1ed5i v\u1edbi c\u00e1c group quan tr\u1ecdng, thay\u00a0<\/span><span style=\"color: var( --e-global-color-text ); font-family: var( --e-global-typography-text-font-family ), Sans-serif; font-weight: var( --e-global-typography-text-font-weight );\">\u0111\u1ed5i c\u00e0i \u0111\u1eb7t GPO ho\u1eb7c truy\u1ec1n d\u1eef li\u1ec7u tr\u00e1i ph\u00e9p t\u1eeb c\u01a1 s\u1edf\u00a0<\/span><span style=\"color: var( --e-global-color-text ); font-family: var( --e-global-typography-text-font-family ), Sans-serif; font-weight: var( --e-global-typography-text-font-weight );\">d\u1eef li\u1ec7u AD \u0111\u1ec3 \u0111\u00e1nh\u00a0 c\u1eafp th\u00f4ng tin \u0111\u0103ng nh\u1eadp<\/span><\/li><li>Ph\u00e1t hi\u1ec7n c\u00e1c ch\u1ec9 d\u1ea5u x\u00e2m nh\u1eadp (indicator of compromise\u00a0<span style=\"color: var( --e-global-color-text ); font-family: var( --e-global-typography-text-font-family ), Sans-serif; font-weight: var( --e-global-typography-text-font-weight );\">&#8211; IOC) b\u1eb1ng c\u00e1ch ki\u1ec3m tra theo th\u1eddi gian th\u1ef1c, ph\u00e1t hi\u1ec7n s\u1ef1\u00a0<\/span><span style=\"color: var( --e-global-color-text ); font-family: var( --e-global-typography-text-font-family ), Sans-serif; font-weight: var( --e-global-typography-text-font-weight );\">b\u1ea5t th\u01b0\u1eddng v\u00e0 g\u1eedi c\u1ea3nh b\u00e1o<\/span><\/li><li><span style=\"color: var( --e-global-color-text ); font-family: var( --e-global-typography-text-font-family ), Sans-serif; font-weight: var( --e-global-typography-text-font-weight );\">\u1ee8ng ph\u00f3 <\/span><span style=\"color: var( --e-global-color-text ); font-family: var( --e-global-typography-text-font-family ), Sans-serif; font-weight: var( --e-global-typography-text-font-weight );\">v\u1edbi c\u00e1c m\u1ed1i \u0111e d\u1ecda v\u00e0 nhanh ch\u00f3ng thu th\u1eadp th\u00f4ng tin \u0111\u1ec3 t\u0103ng t\u1ed1c \u0111\u1ed9 \u0111i\u1ec1u tra<\/span><\/li><li>Ph\u1ee5c h\u1ed3i AD t\u1eeb b\u1ea5t k\u1ef3 cu\u1ed9c t\u1ea5n c\u00f4ng n\u00e0o, d\u00f9 l\u1edbn hay nh\u1ecf v\u00e0 kh\u00f4i ph\u1ee5c ho\u1ea1t \u0111\u1ed9ng kinh doanh, t\u00ednh\u00a0<span style=\"color: var( --e-global-color-text ); font-family: var( --e-global-typography-text-font-family ), Sans-serif; font-weight: var( --e-global-typography-text-font-weight );\">to\u00e0n v\u1eb9n d\u1eef li\u1ec7u v\u00e0 d\u1eef li\u1ec7u kh\u00e1ch h\u00e0ng trong v\u00e0i ph\u00fat thay v\u00ec v\u00e0i ng\u00e0y, v\u00e0i tu\u1ea7n th\u1eadm ch\u00ed v\u00e0i th\u00e1ng.<\/span><\/li><\/ul>\t\t\t\t\t\t<\/div>\n\t\t\t\t<\/div>\n\t\t\t\t\t<\/div>\n\t\t<\/div>\n\t\t\t\t\t\t\t<\/div>\n\t\t<\/section>\n\t\t\t\t<section class=\"elementor-section elementor-top-section elementor-element elementor-element-eab7c1e elementor-section-boxed elementor-section-height-default elementor-section-height-default\" data-id=\"eab7c1e\" data-element_type=\"section\">\n\t\t\t\t\t\t<div class=\"elementor-container elementor-column-gap-default\">\n\t\t\t\t\t<div class=\"elementor-column elementor-col-100 elementor-top-column elementor-element elementor-element-1356cfa\" data-id=\"1356cfa\" data-element_type=\"column\">\n\t\t\t<div class=\"elementor-widget-wrap elementor-element-populated\">\n\t\t\t\t\t\t\t\t<div class=\"elementor-element elementor-element-c3381d1 elementor-widget elementor-widget-heading\" data-id=\"c3381d1\" data-element_type=\"widget\" data-widget_type=\"heading.default\">\n\t\t\t\t<div class=\"elementor-widget-container\">\n\t\t\t<h2 class=\"elementor-heading-title elementor-size-default\">C\u00e1c gi\u1ea3i ph\u00e1p ch\u1ee7 \u0111\u1ea1o<\/h2>\t\t<\/div>\n\t\t\t\t<\/div>\n\t\t\t\t\t<\/div>\n\t\t<\/div>\n\t\t\t\t\t\t\t<\/div>\n\t\t<\/section>\n\t\t\t\t<section class=\"elementor-section elementor-top-section elementor-element elementor-element-973aa17 elementor-section-boxed elementor-section-height-default elementor-section-height-default\" data-id=\"973aa17\" data-element_type=\"section\">\n\t\t\t\t\t\t<div class=\"elementor-container elementor-column-gap-default\">\n\t\t\t\t\t<div class=\"elementor-column elementor-col-100 elementor-top-column elementor-element elementor-element-374ba3d\" data-id=\"374ba3d\" data-element_type=\"column\">\n\t\t\t<div class=\"elementor-widget-wrap elementor-element-populated\">\n\t\t\t\t\t\t\t\t<div class=\"elementor-element elementor-element-5ca6d51 elementor-widget elementor-widget-text-editor\" data-id=\"5ca6d51\" data-element_type=\"widget\" data-widget_type=\"text-editor.default\">\n\t\t\t\t<div class=\"elementor-widget-container\">\n\t\t\t\t\t\t\t<p><b>Change Auditor<\/b>: B\u1ea3o m\u1eadt v\u00e0 Ki\u1ec3m tra theo th\u1eddi gian th\u1ef1c cho m\u00f4i tr\u01b0\u1eddng Microsoft Windows &#8211; th\u1ef1c hi\u1ec7n c\u00e1c ch\u1ee9c n\u0103ng B\u1ea3o v\u1ec7, Ph\u00e1t hi\u1ec7n, \u1ee8ng ph\u00f3.<\/p><p><span style=\"color: var( --e-global-color-text ); font-family: var( --e-global-typography-text-font-family ), Sans-serif;\"><b>SpecterOps BloodHound Enterprise<\/b><\/span><span style=\"color: var( --e-global-color-text ); font-family: var( --e-global-typography-text-font-family ), Sans-serif; font-weight: var( --e-global-typography-text-font-weight );\">: <\/span><span style=\"color: var( --e-global-color-text ); font-family: var( --e-global-typography-text-font-family ), Sans-serif; font-weight: var( --e-global-typography-text-font-weight );\">X\u00e1c \u0111\u1ecbnh, \u0111\u1ecbnh l\u01b0\u1ee3ng v\u00e0 \u0111\u1eb7t m\u1ee9c \u01b0u ti\u00ean cho c\u00e1c \u0111\u01b0\u1eddng t\u1ea5n c\u00f4ng, gi\u00fap b\u1ea3o m\u1eadt Active Directory t\u1eeb m\u1ecdi g\u00f3c \u0111\u1ed9 &#8211; th\u1ef1c hi\u1ec7n ch\u1ee9c n\u0103ng <\/span><span style=\"color: var( --e-global-color-text ); font-family: var( --e-global-typography-text-font-family ), Sans-serif; font-weight: var( --e-global-typography-text-font-weight );\">X\u00e1c \u0111\u1ecbnh.<\/span><\/p><p><\/p><p><b>On Demand Audit<\/b>: T\u00ecm ki\u1ebfm v\u00e0 \u0111i\u1ec1u tra nh\u1eefng thay \u0111\u1ed5i trong m\u00f4i tr\u01b0\u1eddng c\u1ee7a t\u1ed5 ch\u1ee9c hay tr\u00ean cloud t\u1eeb m\u1ed9t b\u1ea3ng \u0111i\u1ec1u khi\u1ec3n duy nh\u1ea5t &#8211; th\u1ef1c hi\u1ec7n ch\u1ee9c n\u0103ng X\u00e1c \u0111\u1ecbnh, Ph\u00e1t hi\u1ec7n, \u1ee8ng ph\u00f3.&nbsp;<\/p><p><b>GPOADmin<\/b>: Ki\u1ec3m so\u00e1t v\u00e0 \u0111\u01a1n gi\u1ea3n h\u00f3a Group Policy management &#8211; th\u1ef1c hi\u1ec7n ch\u1ee9c n\u0103ng B\u1ea3o v\u1ec7.&nbsp;<\/p><p><b>Recovery Manager for Active Directory Disaster Recovery Edition<\/b>: Kh\u00f4i ph\u1ee5c \u0111\u1ea7y \u0111\u1ee7 AD sau th\u1ea3m&nbsp;<span style=\"color: var( --e-global-color-text ); font-family: var( --e-global-typography-text-font-family ), Sans-serif; font-weight: var( --e-global-typography-text-font-weight );\">h\u1ecda t\u1eeb m\u1ee9c object, directory \u0111\u1ebfn OS tr\u00ean to\u00e0n b\u1ed9 forest &#8211; th\u1ef1c hi\u1ec7n ch\u1ee9c n\u0103ng <\/span><span style=\"color: var( --e-global-color-text ); font-family: var( --e-global-typography-text-font-family ), Sans-serif; font-weight: var( --e-global-typography-text-font-weight );\">Ph\u1ee5c h\u1ed3i.&nbsp;<\/span><\/p><p><span style=\"color: var( --e-global-color-text ); font-family: var( --e-global-typography-text-font-family ), Sans-serif;\"><b>On Demand Recovery<\/b><\/span><span style=\"color: var( --e-global-color-text ); font-family: var( --e-global-typography-text-font-family ), Sans-serif; font-weight: var( --e-global-typography-text-font-weight );\">: <\/span><span style=\"color: var( --e-global-color-text ); font-family: var( --e-global-typography-text-font-family ), Sans-serif; font-weight: var( --e-global-typography-text-font-weight );\">Gi\u1ea3i ph\u00e1p SaaS gi\u00fap sao l\u01b0u v\u00e0 kh\u00f4i ph\u1ee5c Azure AD v\u00e0 Office 365 nhanh ch\u00f3ng, an to\u00e0n &#8211; th\u1ef1c hi\u1ec7n ch\u1ee9c n\u0103ng <\/span><span style=\"color: var( --e-global-color-text ); font-family: var( --e-global-typography-text-font-family ), Sans-serif; font-weight: var( --e-global-typography-text-font-weight );\">Ph\u1ee5c h\u1ed3i.<\/span><\/p>\t\t\t\t\t\t<\/div>\n\t\t\t\t<\/div>\n\t\t\t\t\t<\/div>\n\t\t<\/div>\n\t\t\t\t\t\t\t<\/div>\n\t\t<\/section>\n\t\t\t\t\t\t<\/div>\n\t\t\t\t\t<\/div>\n\t\t","protected":false},"excerpt":{"rendered":"<p class=\"tx-excerpt\">S\u1ef1 c\u1ea7n thi\u1ebft ph\u1ea3i b\u1ea3o m\u1eadt Active Directory Active Directory (AD) l\u00e0 m\u1ed9t \u1ee9ng d\u1ee5ng t\u1ed1i quan tr\u1ecdng v\u00e0 l\u00e0 x\u01b0\u01a1ng s\u1ed1ng c\u1ee7a c\u01a1 s\u1edf h\u1ea1 t\u1ea7ng CNTT trong m\u1ecdi t\u1ed5 ch\u1ee9c, l\u00e0","protected":false},"author":1,"featured_media":0,"parent":0,"menu_order":0,"comment_status":"closed","ping_status":"closed","template":"","meta":{"footnotes":""},"class_list":["post-1769","page","type-page","status-publish","hentry"],"jetpack_sharing_enabled":true,"_links":{"self":[{"href":"https:\/\/dt-corp.com.vn\/index.php?rest_route=\/wp\/v2\/pages\/1769","targetHints":{"allow":["GET"]}}],"collection":[{"href":"https:\/\/dt-corp.com.vn\/index.php?rest_route=\/wp\/v2\/pages"}],"about":[{"href":"https:\/\/dt-corp.com.vn\/index.php?rest_route=\/wp\/v2\/types\/page"}],"author":[{"embeddable":true,"href":"https:\/\/dt-corp.com.vn\/index.php?rest_route=\/wp\/v2\/users\/1"}],"replies":[{"embeddable":true,"href":"https:\/\/dt-corp.com.vn\/index.php?rest_route=%2Fwp%2Fv2%2Fcomments&post=1769"}],"version-history":[{"count":3,"href":"https:\/\/dt-corp.com.vn\/index.php?rest_route=\/wp\/v2\/pages\/1769\/revisions"}],"predecessor-version":[{"id":1772,"href":"https:\/\/dt-corp.com.vn\/index.php?rest_route=\/wp\/v2\/pages\/1769\/revisions\/1772"}],"wp:attachment":[{"href":"https:\/\/dt-corp.com.vn\/index.php?rest_route=%2Fwp%2Fv2%2Fmedia&parent=1769"}],"curies":[{"name":"wp","href":"https:\/\/api.w.org\/{rel}","templated":true}]}}