{"id":286,"date":"2019-10-29T15:26:16","date_gmt":"2019-10-29T15:26:16","guid":{"rendered":"https:\/\/x-theme.net\/avas-business\/?page_id=286"},"modified":"2021-11-30T17:17:51","modified_gmt":"2021-11-30T10:17:51","slug":"about-us","status":"publish","type":"page","link":"https:\/\/dt-corp.com.vn\/?page_id=286","title":{"rendered":"V\u1ec1 ch\u00fang t\u00f4i"},"content":{"rendered":"\t\t<div data-elementor-type=\"wp-page\" data-elementor-id=\"286\" class=\"elementor elementor-286\" data-elementor-settings=\"[]\">\n\t\t\t\t\t\t\t<div class=\"elementor-section-wrap\">\n\t\t\t\t\t\t\t<section class=\"elementor-section elementor-top-section elementor-element elementor-element-ef7ead6 elementor-section-stretched elementor-section-boxed elementor-section-height-default elementor-section-height-default\" data-id=\"ef7ead6\" data-element_type=\"section\" data-settings=\"{&quot;stretch_section&quot;:&quot;section-stretched&quot;}\">\n\t\t\t\t\t\t<div class=\"elementor-container elementor-column-gap-default\">\n\t\t\t\t\t<div class=\"elementor-column elementor-col-33 elementor-top-column elementor-element elementor-element-1908d79a\" data-id=\"1908d79a\" data-element_type=\"column\">\n\t\t\t<div class=\"elementor-widget-wrap elementor-element-populated\">\n\t\t\t\t\t\t\t\t<div class=\"elementor-element elementor-element-34a240ff tx-hd-align-left elementor-widget elementor-widget-avas-heading\" data-id=\"34a240ff\" data-element_type=\"widget\" data-widget_type=\"avas-heading.default\">\n\t\t\t\t<div class=\"elementor-widget-container\">\n\t\t\t        <div class=\"tx-hd-wrap\">\n\n            <div class=\"tx-hd-wm\"><\/div>\n\n            \n            <div class=\"tx-hd-sub\"><\/div>\n                        <h2 class=\"tx-hd-title\">\n                <span class=\"tx-hd-first-part\">TH\u01af NG\u1ece<\/span>\n                <span class=\"tx-hd-last-part\"><\/span>\n            <\/h2>    \n            \n            <div class=\"tx-hd-desc\"><p><em>K\u00ednh g\u1eedi qu\u00fd kh\u00e1ch h\u00e0ng v\u00e0 c\u00e1c \u0111\u1ed1i t\u00e1c th\u00e2n m\u1ebfn!<\/em><\/p><p><em>L\u1eddi \u0111\u1ea7u ti\u00ean, t\u00f4i xin \u0111\u01b0\u1ee3c thay m\u1eb7t cho to\u00e0n th\u1ec3 c\u00e1n b\u1ed9, nh\u00e2n vi\u00ean C\u00f4ng ty C\u1ed5 ph\u1ea7n C\u00f4ng ngh\u1ec7 v\u00e0 D\u1ecbch v\u1ee5 DTC g\u1eedi t\u1edbi qu\u00fd v\u1ecb l\u1eddi ch\u00fac s\u1ee9c kh\u1ecfe v\u00e0 th\u1ecbnh v\u01b0\u1ee3ng. \u0110\u1ed3ng th\u1eddi t\u00f4i c\u0169ng xin \u0111\u01b0\u1ee3c b\u00e0y t\u1ecf l\u00f2ng c\u1ea3m \u01a1n s\u00e2u s\u1eafc nh\u1ea5t t\u1edbi qu\u00fd kh\u00e1ch h\u00e0ng v\u00e0 c\u00e1c \u0111\u1ed1i t\u00e1c, nh\u1eefng ng\u01b0\u1eddi \u0111\u00e3 lu\u00f4n tin t\u01b0\u1edfng h\u1ee3p t\u00e1c v\u00e0 s\u1eed d\u1ee5ng d\u1ecbch v\u1ee5 c\u1ee7a ch\u00fang t\u00f4i. S\u1ef1 tin t\u01b0\u1edfng c\u1ee7a qu\u00fd v\u1ecb \u0111\u00e3, \u0111ang v\u00e0 s\u1ebd ti\u1ebfp t\u1ee5c g\u00f3p ph\u1ea7n to l\u1edbn trong vi\u1ec7c quy\u1ebft \u0111\u1ecbnh s\u1ef1 ph\u00e1t tri\u1ec3n c\u00f9ng th\u00e0nh c\u00f4ng c\u1ee7a C\u00f4ng ty.<\/em><\/p><p><em>C\u00f4ng ty C\u1ed5 ph\u1ea7n C\u00f4ng ngh\u1ec7 v\u00e0 D\u1ecbch v\u1ee5 DTC (t\u00ean giao d\u1ecbch qu\u1ed1c t\u1ebf DTC Technology &amp; Services Joint Stock Company) \u0111\u01b0\u1ee3c s\u00e1ng l\u1eadp b\u1edfi nh\u1eefng chuy\u00ean gia c\u00f3 b\u1ec1 d\u00e0y ki\u1ebfn th\u1ee9c v\u00e0 kinh nghi\u1ec7m trong vi\u1ec7c t\u01b0 v\u1ea5n, thi\u1ebft k\u1ebf gi\u1ea3i ph\u00e1p chuy\u00ean bi\u1ec7t trong c\u00e1c l\u0129nh v\u1ef1c chuy\u1ec3n \u0111\u1ed5i s\u1ed1, b\u1ea3o m\u1eadt, ph\u1ea7n m\u1ec1m y t\u1ebf.<\/em><\/p><p><em>V\u1edbi n\u1ec1n t\u1ea3ng l\u00e0 \u0111\u1ed9i ng\u0169 c\u00e1n b\u1ed9, k\u1ef9 thu\u1eadt chuy\u00ean m\u00f4n cao, nhi\u1ec1u n\u0103m kinh nghi\u1ec7m, \u0111\u01b0\u1ee3c \u0111\u00e0o t\u1ea1o b\u00e0i b\u1ea3n v\u00e0 s\u1ef1 k\u1ebft h\u1ee3p ch\u1eb7t ch\u1ebd v\u1edbi c\u00e1c chuy\u00ean gia \u0111\u1ea7u ng\u00e0nh, ch\u00fang t\u00f4i cam k\u1ebft s\u1ebd lu\u00f4n n\u1ed7 l\u1ef1c v\u1edbi mong mu\u1ed1n cung c\u1ea5p t\u1edbi Qu\u00fd Kh\u00e1ch h\u00e0ng nh\u1eefng s\u1ea3n ph\u1ea9m, d\u1ecbch v\u1ee5 v\u00e0 gi\u1ea3i ph\u00e1p t\u1ed1i \u01b0u nh\u1ea5t.<\/em><\/p><p><em>Trong nh\u1eefng n\u1ed7 l\u1ef1c c\u1ee7a m\u00ecnh, ch\u00fang t\u00f4i lu\u00f4n cam k\u1ebft d\u00e0nh cho \u0111\u1ed1i t\u00e1c c\u1ee7a m\u00ecnh:<\/em><\/p><p><em>- Nh\u1eefng s\u1ea3n ph\u1ea9m c\u00f3 th\u01b0\u01a1ng hi\u1ec7u, \u0111\u1ea3m b\u1ea3o uy t\u00edn ch\u1ea5t l\u01b0\u1ee3ng.<\/em><\/p><p><em>- C\u00e1c d\u1ecbch v\u1ee5 v\u1ec1 ho\u1ea1t \u0111\u1ed9ng l\u01b0u tr\u1eef chuy\u00ean nghi\u1ec7p, nhanh g\u1ecdn, \u0111\u1ea3m b\u1ea3o chuy\u00ean m\u00f4n nghi\u1ec7p v\u1ee5.<\/em><\/p><p><em>- Chia s\u1ebb, t\u01b0 v\u1ea5n c\u00e1c th\u00f4ng tin v\u1ec1 chuy\u1ec3n \u0111\u1ed5i s\u1ed1, l\u01b0u tr\u1eef,\u00a0 s\u1ed1 h\u00f3a.<\/em><\/p><p><em>- Ch\u00ednh s\u00e1ch gi\u00e1 c\u1ea3 h\u1ee3p l\u00fd, ph\u00f9 h\u1ee3p ti\u1ebft ki\u1ec7m nh\u1ea5t cho kh\u00e1ch h\u00e0ng.<\/em><\/p><p><em>V\u1edbi t\u1ea5t c\u1ea3 nh\u1eefng \u0111i\u1ec1u n\u00e0y, ch\u00fang t\u00f4i tin r\u1eb1ng Qu\u00fd \u0111\u1ed1i t\u00e1c v\u00e0 kh\u00e1ch h\u00e0ng s\u1ebd th\u1ef1c s\u1ef1 h\u00e0i l\u00f2ng.<\/em><\/p><p><em>Tr\u00e2n tr\u1ecdng.<\/em><\/p><\/div>\n\n\n                   \n        <\/div><!-- tx-hd-wrap -->\n\n\n\n\n\n\n\n\n\t\t<\/div>\n\t\t\t\t<\/div>\n\t\t\t\t\t<\/div>\n\t\t<\/div>\n\t\t\t\t<div class=\"elementor-column elementor-col-33 elementor-top-column elementor-element elementor-element-6a74d328\" data-id=\"6a74d328\" data-element_type=\"column\">\n\t\t\t<div class=\"elementor-widget-wrap\">\n\t\t\t\t\t\t\t\t\t<\/div>\n\t\t<\/div>\n\t\t\t\t<div class=\"elementor-column elementor-col-33 elementor-top-column elementor-element elementor-element-1b6817c1\" data-id=\"1b6817c1\" data-element_type=\"column\">\n\t\t\t<div class=\"elementor-widget-wrap elementor-element-populated\">\n\t\t\t\t\t\t\t\t<div class=\"elementor-element elementor-element-28baf018 tx-hd-align-left elementor-widget elementor-widget-avas-heading\" data-id=\"28baf018\" data-element_type=\"widget\" data-widget_type=\"avas-heading.default\">\n\t\t\t\t<div class=\"elementor-widget-container\">\n\t\t\t        <div class=\"tx-hd-wrap\">\n\n            <div class=\"tx-hd-wm\"><\/div>\n\n            \n            <div class=\"tx-hd-sub\"><\/div>\n                        <h2 class=\"tx-hd-title\">\n                <span class=\"tx-hd-first-part\">\u0110\u1ecaNH H\u01af\u1edaNG CHI\u1ebeN L\u01af\u1ee2C<\/span>\n                <span class=\"tx-hd-last-part\"><\/span>\n            <\/h2>    \n            \n            <div class=\"tx-hd-desc\"><p>DTC \u0111\u1ecbnh h\u01b0\u1edbng v\u00e0 lu\u00f4n ki\u00ean \u0111\u1ecbnh v\u1edbi nh\u1eefng chi\u1ebfn l\u01b0\u1ee3c ph\u00e1t tri\u1ec3n cho C\u00f4ng ty t\u1eeb nh\u1eefng ng\u00e0y \u0111\u1ea7u th\u00e0nh l\u1eadp:<\/p><ul><li>DTC \u0111\u1ecbnh h\u01b0\u1edbng tr\u1edf th\u00e0nh m\u1ed9t c\u00f4ng ty v\u1eefng m\u1ea1nh trong nghi\u00ean c\u1ee9u v\u00e0 \u1ee9ng d\u1ee5ng c\u00e1c gi\u1ea3i ph\u00e1p c\u00f4ng ngh\u1ec7 m\u1edbi, th\u1ef1c hi\u1ec7n chuy\u1ec3n \u0111\u1ed5i s\u1ed1 c\u00f9ng kh\u00e1ch h\u00e0ng theo h\u01b0\u1edbng b\u1ec1n v\u1eefng, mang l\u1ea1i c\u01a1 h\u1ed9i v\u00e0 l\u1ee3i \u00edch c\u00f4ng b\u1eb1ng cho m\u1ecdi ng\u01b0\u1eddi.<\/li><li>Li\u00ean t\u1ee5c c\u1ea3i thi\u1ec7n ch\u1ea5t l\u01b0\u1ee3ng d\u1ecbch v\u1ee5 t\u01b0 v\u1ea5n v\u00e0 \u0111\u00e0o t\u1ea1o \u0111\u1ed9i ng\u0169 l\u00e3nh \u0111\u1ea1o, nh\u00e2n vi\u00ean v\u00e0 c\u1ed9ng t\u00e1c vi\u00ean qua h\u1ecdc t\u1eadp v\u00e0 l\u00e0m vi\u1ec7c nh\u00f3m, t\u1ef1 h\u1ecdc h\u1ecfi v\u00e0 v\u1eadn \u0111\u1ed9ng c\u1ee7a m\u1ed7i c\u00e1 nh\u00e2n.<\/li><li>X\u00e2y d\u1ef1ng, ph\u00e1t tri\u1ec3n d\u1ecbch v\u1ee5 C\u00f4ng ngh\u1ec7 th\u00f4ng tin chuy\u00ean nghi\u1ec7p, bao g\u1ed3m: d\u1ecbch v\u1ee5 t\u01b0 v\u1ea5n, d\u1ecbch v\u1ee5 tri\u1ec3n khai gi\u1ea3i ph\u00e1p IT t\u1ed5ng th\u1ec3, d\u1ecbch v\u1ee5 ph\u1ea7n m\u1ec1m, d\u1ecbch v\u1ee5 qu\u1ea3n tr\u1ecb\u00a0 v\u00e0 d\u1ecbch v\u1ee5 b\u1ea3o tr\u00ec.<\/li><li>T\u0103ng c\u01b0\u1eddng n\u0103ng l\u1ef1c qu\u1ea3n l\u00fd, \u00e1p d\u1ee5ng c\u00f4ng ngh\u1ec7 trong vi\u1ec7c qu\u1ea3n l\u00fd, ch\u00fa tr\u1ecdng n\u00e2ng cao ch\u1ea5t l\u01b0\u1ee3ng ngu\u1ed3n nh\u00e2n l\u1ef1c v\u00e0 quy tr\u00ecnh qu\u1ea3n l\u00fd ch\u1ea5t l\u01b0\u1ee3ng.<\/li><li>X\u00e2y d\u1ef1ng nh\u1eefng m\u1ed1i quan h\u1ec7 h\u1ee3p t\u00e1c to\u00e0n di\u1ec7n, tr\u1edf th\u00e0nh \u0111\u1ed1i t\u00e1c tin c\u1eady c\u1ee7a c\u00e1c h\u00e3ng C\u00f4ng ngh\u1ec7 th\u00f4ng tin h\u00e0ng \u0111\u1ea7u th\u1ebf gi\u1edbi. Nghi\u00ean c\u1ee9u ph\u00e1t tri\u1ec3n c\u00f9ng \u0111\u1ed1i t\u00e1c, kh\u00e1ch h\u00e0ng \u0111\u1ec3 \u0111\u01b0a ra nh\u1eefng \u0111\u1ecbnh h\u01b0\u1edbng c\u00f4ng ngh\u1ec7 hi\u1ec7n \u0111\u1ea1i, t\u1ed1i \u01b0u cho th\u1ecb tr\u01b0\u1eddng v\u00e0 ph\u00f9 h\u1ee3p nh\u1ea5t v\u1edbi nhu c\u1ea7u c\u1ee7a kh\u00e1ch h\u00e0ng.<\/li><\/ul><\/div>\n\n\n                   \n        <\/div><!-- tx-hd-wrap -->\n\n\n\n\n\n\n\n\n\t\t<\/div>\n\t\t\t\t<\/div>\n\t\t\t\t\t<\/div>\n\t\t<\/div>\n\t\t\t\t\t\t\t<\/div>\n\t\t<\/section>\n\t\t\t\t<section class=\"elementor-section elementor-top-section elementor-element elementor-element-62557d2 elementor-section-stretched elementor-section-boxed elementor-section-height-default elementor-section-height-default\" data-id=\"62557d2\" data-element_type=\"section\" data-settings=\"{&quot;stretch_section&quot;:&quot;section-stretched&quot;}\">\n\t\t\t\t\t\t<div class=\"elementor-container elementor-column-gap-default\">\n\t\t\t\t\t<div class=\"elementor-column elementor-col-50 elementor-top-column elementor-element elementor-element-7b7f987e\" data-id=\"7b7f987e\" data-element_type=\"column\">\n\t\t\t<div class=\"elementor-widget-wrap elementor-element-populated\">\n\t\t\t\t\t\t\t\t<div class=\"elementor-element elementor-element-6e1f3ae4 elementor-widget elementor-widget-avas-animated-heading\" data-id=\"6e1f3ae4\" data-element_type=\"widget\" data-widget_type=\"avas-animated-heading.default\">\n\t\t\t\t<div class=\"elementor-widget-container\">\n\t\t\t\n    <div class=\"tx-animated-heading-wrap\" data-settings=\"{&quot;styles&quot;:&quot;typed&quot;,&quot;strings&quot;:[&quot;Chuy\\u1ec3n \\u0111\\u1ed5i s\\u1ed1&quot;,&quot; K\\u1ebf to\\u00e1n&quot;,&quot; Y t\\u1ebf&quot;,&quot; Ng\\u00e2n h\\u00e0ng&quot;,&quot; SMB&quot;],&quot;typeSpeed&quot;:70,&quot;startDelay&quot;:500,&quot;backSpeed&quot;:40,&quot;backDelay&quot;:500,&quot;loop&quot;:true,&quot;loopCount&quot;:&quot;infinity&quot;}\" >\n\n        \n            <h2 class=\"tx-animated-heading\">\n                <span class=\"tx-animated-heading-before-text\">T\u00ecm ki\u1ebfm gi\u1ea3i ph\u00e1p cho<\/span>\n                                <span id=\"tx-ah-6e1f3ae4\" class=\"tx-animated-txt\"><\/span>\n                                <span class=\"tx-animated-heading-after-text\"><\/span>\n            <\/h2>\n\n        \n    <\/div>\n\n\n\n\t\t<\/div>\n\t\t\t\t<\/div>\n\t\t\t\t\t<\/div>\n\t\t<\/div>\n\t\t\t\t<div class=\"elementor-column elementor-col-50 elementor-top-column elementor-element elementor-element-1c2d4821\" data-id=\"1c2d4821\" data-element_type=\"column\">\n\t\t\t<div class=\"elementor-widget-wrap elementor-element-populated\">\n\t\t\t\t\t\t\t\t<div class=\"elementor-element elementor-element-11c1689c elementor-widget elementor-widget-avas-button\" data-id=\"11c1689c\" data-element_type=\"widget\" data-widget_type=\"avas-button.default\">\n\t\t\t\t<div class=\"elementor-widget-container\">\n\t\t\t\n\t\t<div class=\"tx-btn-wrap style-4\">\n\t\t\t\n           <a data-hover=\"CLICK ME\"  target=\"_self\" >\n\n           \tCONTACT US TODAY\n           \t<span class=\"line-1\"><\/span>\n           \t<span class=\"line-2\"><\/span>\n           \t<span class=\"line-3\"><\/span>\n           \t<span class=\"line-4\"><\/span>\n           <\/a>\n          \n\t\t\t\n\t\t<\/div><!-- tx-btn-wrap -->\n\t\t\n\t\t\n\t\t<\/div>\n\t\t\t\t<\/div>\n\t\t\t\t\t<\/div>\n\t\t<\/div>\n\t\t\t\t\t\t\t<\/div>\n\t\t<\/section>\n\t\t\t\t\t\t<\/div>\n\t\t\t\t\t<\/div>\n\t\t","protected":false},"excerpt":{"rendered":"<p class=\"tx-excerpt\">TH\u01af NG\u1ece K\u00ednh g\u1eedi qu\u00fd kh\u00e1ch h\u00e0ng v\u00e0 c\u00e1c \u0111\u1ed1i t\u00e1c th\u00e2n m\u1ebfn! L\u1eddi \u0111\u1ea7u ti\u00ean, t\u00f4i xin \u0111\u01b0\u1ee3c thay m\u1eb7t cho to\u00e0n th\u1ec3 c\u00e1n b\u1ed9, nh\u00e2n vi\u00ean C\u00f4ng ty C\u1ed5 ph\u1ea7n C\u00f4ng","protected":false},"author":1,"featured_media":0,"parent":0,"menu_order":0,"comment_status":"closed","ping_status":"closed","template":"templates\/blank.php","meta":{"footnotes":""},"class_list":["post-286","page","type-page","status-publish","hentry"],"jetpack_sharing_enabled":true,"_links":{"self":[{"href":"https:\/\/dt-corp.com.vn\/index.php?rest_route=\/wp\/v2\/pages\/286","targetHints":{"allow":["GET"]}}],"collection":[{"href":"https:\/\/dt-corp.com.vn\/index.php?rest_route=\/wp\/v2\/pages"}],"about":[{"href":"https:\/\/dt-corp.com.vn\/index.php?rest_route=\/wp\/v2\/types\/page"}],"author":[{"embeddable":true,"href":"https:\/\/dt-corp.com.vn\/index.php?rest_route=\/wp\/v2\/users\/1"}],"replies":[{"embeddable":true,"href":"https:\/\/dt-corp.com.vn\/index.php?rest_route=%2Fwp%2Fv2%2Fcomments&post=286"}],"version-history":[{"count":18,"href":"https:\/\/dt-corp.com.vn\/index.php?rest_route=\/wp\/v2\/pages\/286\/revisions"}],"predecessor-version":[{"id":644,"href":"https:\/\/dt-corp.com.vn\/index.php?rest_route=\/wp\/v2\/pages\/286\/revisions\/644"}],"wp:attachment":[{"href":"https:\/\/dt-corp.com.vn\/index.php?rest_route=%2Fwp%2Fv2%2Fmedia&parent=286"}],"curies":[{"name":"wp","href":"https:\/\/api.w.org\/{rel}","templated":true}]}}