{"id":668,"date":"2022-03-21T16:14:06","date_gmt":"2022-03-21T09:14:06","guid":{"rendered":"https:\/\/dt-corp.com.vn\/?page_id=668"},"modified":"2022-03-23T22:37:34","modified_gmt":"2022-03-23T15:37:34","slug":"thu-ngo","status":"publish","type":"page","link":"https:\/\/dt-corp.com.vn\/?page_id=668","title":{"rendered":"Th\u01b0 ng\u1ecf"},"content":{"rendered":"\t\t<div data-elementor-type=\"wp-page\" data-elementor-id=\"668\" class=\"elementor elementor-668\" data-elementor-settings=\"[]\">\n\t\t\t\t\t\t\t<div class=\"elementor-section-wrap\">\n\t\t\t\t\t\t\t<section class=\"elementor-section elementor-top-section elementor-element elementor-element-33733b4 elementor-section-boxed elementor-section-height-default elementor-section-height-default\" data-id=\"33733b4\" data-element_type=\"section\">\n\t\t\t\t\t\t<div class=\"elementor-container elementor-column-gap-default\">\n\t\t\t\t\t<div class=\"elementor-column elementor-col-100 elementor-top-column elementor-element elementor-element-6212476\" data-id=\"6212476\" data-element_type=\"column\">\n\t\t\t<div class=\"elementor-widget-wrap elementor-element-populated\">\n\t\t\t\t\t\t\t\t<section class=\"elementor-section elementor-inner-section elementor-element elementor-element-20e34bd elementor-section-height-min-height elementor-section-content-middle elementor-section-boxed elementor-section-height-default\" data-id=\"20e34bd\" data-element_type=\"section\">\n\t\t\t\t\t\t<div class=\"elementor-container elementor-column-gap-narrow\">\n\t\t\t\t\t<div class=\"elementor-column elementor-col-33 elementor-inner-column elementor-element elementor-element-27de2ad\" data-id=\"27de2ad\" data-element_type=\"column\">\n\t\t\t<div class=\"elementor-widget-wrap elementor-element-populated\">\n\t\t\t\t\t\t\t\t<div class=\"elementor-element elementor-element-2c873b1 elementor-widget elementor-widget-image\" data-id=\"2c873b1\" data-element_type=\"widget\" data-settings=\"{&quot;motion_fx_motion_fx_scrolling&quot;:&quot;yes&quot;,&quot;motion_fx_translateY_effect&quot;:&quot;yes&quot;,&quot;motion_fx_translateY_speed&quot;:{&quot;unit&quot;:&quot;px&quot;,&quot;size&quot;:10,&quot;sizes&quot;:[]},&quot;motion_fx_translateY_affectedRange&quot;:{&quot;unit&quot;:&quot;%&quot;,&quot;size&quot;:&quot;&quot;,&quot;sizes&quot;:{&quot;start&quot;:0,&quot;end&quot;:100}},&quot;motion_fx_devices&quot;:[&quot;desktop&quot;,&quot;tablet&quot;,&quot;mobile&quot;]}\" data-widget_type=\"image.default\">\n\t\t\t\t<div class=\"elementor-widget-container\">\n\t\t\t\t\t\t\t\t\t\t\t\t\t\t\t<img loading=\"lazy\" decoding=\"async\" width=\"1024\" height=\"683\" src=\"https:\/\/dt-corp.com.vn\/wp-content\/uploads\/2022\/03\/openletter-1024x683.jpg\" class=\"attachment-large size-large\" alt=\"\" srcset=\"https:\/\/dt-corp.com.vn\/wp-content\/uploads\/2022\/03\/openletter-1024x683.jpg 1024w, https:\/\/dt-corp.com.vn\/wp-content\/uploads\/2022\/03\/openletter-300x200.jpg 300w, https:\/\/dt-corp.com.vn\/wp-content\/uploads\/2022\/03\/openletter-768x512.jpg 768w, https:\/\/dt-corp.com.vn\/wp-content\/uploads\/2022\/03\/openletter-1536x1024.jpg 1536w, https:\/\/dt-corp.com.vn\/wp-content\/uploads\/2022\/03\/openletter-2048x1365.jpg 2048w, https:\/\/dt-corp.com.vn\/wp-content\/uploads\/2022\/03\/openletter-1920x1280.jpg 1920w, https:\/\/dt-corp.com.vn\/wp-content\/uploads\/2022\/03\/openletter-150x100.jpg 150w, https:\/\/dt-corp.com.vn\/wp-content\/uploads\/2022\/03\/openletter-373x249.jpg 373w, https:\/\/dt-corp.com.vn\/wp-content\/uploads\/2022\/03\/openletter-80x53.jpg 80w, https:\/\/dt-corp.com.vn\/wp-content\/uploads\/2022\/03\/openletter-620x413.jpg 620w, https:\/\/dt-corp.com.vn\/wp-content\/uploads\/2022\/03\/openletter-460x307.jpg 460w, https:\/\/dt-corp.com.vn\/wp-content\/uploads\/2022\/03\/openletter-365x243.jpg 365w\" sizes=\"auto, (max-width: 1024px) 100vw, 1024px\" \/>\t\t\t\t\t\t\t\t\t\t\t\t\t\t\t<\/div>\n\t\t\t\t<\/div>\n\t\t\t\t\t<\/div>\n\t\t<\/div>\n\t\t\t\t<div class=\"elementor-column elementor-col-66 elementor-inner-column elementor-element elementor-element-53706f8\" data-id=\"53706f8\" data-element_type=\"column\">\n\t\t\t<div class=\"elementor-widget-wrap elementor-element-populated\">\n\t\t\t\t\t\t\t\t<div class=\"elementor-element elementor-element-ccfd650 elementor-widget elementor-widget-text-editor\" data-id=\"ccfd650\" data-element_type=\"widget\" data-widget_type=\"text-editor.default\">\n\t\t\t\t<div class=\"elementor-widget-container\">\n\t\t\t\t\t\t\t<p><strong><em>K\u00ednh g\u1eedi Qu\u00fd kh\u00e1ch h\u00e0ng v\u00e0 \u0111\u1ed1i t\u00e1c,<\/em><\/strong><\/p><p>Tr\u01b0\u1edbc h\u1ebft, thay m\u1eb7t c\u00f4ng ty C\u00f4\u0309 ph\u00e2\u0300n C\u00f4ng ngh\u1ec7 v\u00e0 D\u1ecbch v\u1ee5 DTC, xin \u0111\u01b0\u1ee3c g\u1eedi t\u1edbi qu\u00fd v\u1ecb l\u1eddi ch\u00fac s\u1ee9c kh\u1ecfe v\u00e0 th\u00e0nh \u0111\u1ea1t!<\/p><p>C\u00f4ng ty C\u00f4\u0309 ph\u00e2\u0300n C\u00f4ng ngh\u1ec7 v\u00e0 D\u1ecbch v\u1ee5 DTC \u0111\u01b0\u01a1\u0323c ra \u0111\u01a1\u0300i va\u0300o nga\u0300y 18 tha\u0301ng 11 n\u0103m 2021, trong k\u1ef7 nguy\u00ean pha\u0301t tri\u00ea\u0309n c\u00f4ng ngh\u1ec7 4.0, c\u00e1c c\u00f4ng ngh\u1ec7, xu h\u01b0\u1edbng s\u1ed1 h\u00f3a, chuy\u1ec3n \u0111\u1ed5i s\u1ed1 ph\u00e1t tri\u1ec3n m\u1ea1nh m\u1ebd nh\u01b0 v\u0169 b\u00e3o. DTC ra \u0111\u01a1\u0300i v\u01a1\u0301i s\u01b0\u0301 m\u00ea\u0323nh phu\u0323c vu\u0323 kha\u0301ch ha\u0300ng v\u01a1\u0301i di\u0323ch vu\u0323 t\u00f4\u0301t nh\u00e2\u0301t, \u0111\u01b0a ra nh\u01b0\u0303ng gia\u0309i pha\u0301p h\u01b0\u0303u i\u0301ch nh\u00e2\u0301t, g\u00f3p ph\u1ea7n v\u00e0o s\u1ef1 ph\u00e1t tri\u1ec3n c\u1ee7a \u0111\u1ea5t n\u01b0\u1edbc n\u00f3i chung v\u00e0 c\u00e1c kh\u00e1ch h\u00e0ng n\u00f3i ri\u00eang. Ch\u00fang t\u00f4i t\u01b0\u0323 l\u01b0\u0323a cho\u0323n cho mi\u0300nh con \u0111\u01b0\u01a1\u0300ng \u0111i l\u00ean l\u00e2\u0301y ch\u00e2\u0301t l\u01b0\u01a1\u0323ng va\u0300 uy ti\u0301n v\u00e0 t\u00ednh cam k\u1ebft l\u00e0m ti\u00eau ch\u00ed ha\u0300ng \u0111\u00e2\u0300u.<\/p><p>D\u00f9 l\u00e0 doanh nghi\u1ec7p m\u1edbi, nh\u01b0ng ch\u00fang t\u00f4i s\u1edf h\u1eefu m\u1ed9t \u0111\u1ed9i ng\u0169 d\u00e0y d\u1ea1n kinh nghi\u1ec7m v\u00e0 nhi\u1ec7t huy\u1ebft, lu\u00f4n t\u00e2m ni\u1ec7m h\u01b0\u1edbng v\u1ec1 ph\u00eda tr\u01b0\u1edbc, v\u1edbi m\u1ee5c ti\u00eau l\u00e0m ch\u1ee7 \u0111\u01b0\u1ee3c nh\u1eefng c\u00f4ng ngh\u1ec7 m\u1edbi nh\u1ea5t, hi\u1ec7n \u0111\u1ea1i nh\u1ea5t, g\u00f3p ph\u1ea7n ph\u00e1t tri\u1ec3n ngu\u1ed3n l\u1ef1c c\u00f4ng ngh\u1ec7 th\u00f4ng tin n\u00f3i ri\u00eang v\u00e0 \u0111\u00e1p \u1ee9ng c\u00e1c y\u00eau c\u1ea7u chuy\u1ec3n \u0111\u1ed5i s\u1ed1 4.0 n\u00f3i chung. Ch\u00fang t\u00f4i lu\u00f4n x\u00e1c \u0111\u1ecbnh t\u00f4n ch\u1ec9 c\u1ee7a m\u00ecnh d\u1ef1a tr\u00ean gi\u00e1 tr\u1ecb mang l\u1ea1i cho kh\u00e1ch h\u00e0ng.<\/p><p>\u201c<strong>M\u1ecdi th\u00e0nh c\u00f4ng h\u00f4m nay \u0111\u00e3 l\u00e0 qu\u00e1 kh\u1ee9<\/strong>\u201d. V\u1edbi tinh th\u1ea7n khi\u00eam t\u1ed1n v\u00e0 c\u1ea7u ti\u1ebfn, con ng\u01b0\u01a1\u0300i DTC lu\u00f4n trau d\u00f4\u0300i, tu d\u01b0\u01a1\u0303ng va\u0300 y\u0301 th\u01b0\u0301c \u0111\u01b0\u01a1\u0323c s\u01b0\u0301 m\u00ea\u0323nh phu\u0323c vu\u0323 kha\u0301ch ha\u0300ng cu\u0309a mi\u0300nh. \u201cT\u01b0 v\u1ea5n, ch\u0103m so\u0301c, mang l\u1ea1i gi\u00e1 tr\u1ecb cho kha\u0301ch ha\u0300ng \u0111\u00ea\u0309 t\u00f4\u0300n ta\u0323i va\u0300 pha\u0301t tri\u00ea\u0309n\u201d \u0111a\u0303 la\u0300 c\u00e2u no\u0301i c\u01b0\u0309a mi\u00ea\u0323ng cu\u0309a m\u00f4\u0303i con ng\u01b0\u01a1\u0300i DTC.<\/p><p>Trong th\u1eddi gian s\u1eafp t\u1edbi, Vi\u1ec7t Nam ti\u1ebfp t\u1ee5c tham gia v\u00e0 h\u1ed9i nh\u1eadp m\u1ea1nh m\u1ebd v\u1edbi th\u1ebf gi\u1edbi tr\u00ean m\u1ecdi ph\u01b0\u01a1ng di\u1ec7n. R\u1ea5t nhi\u1ec1u c\u01a1 h\u1ed9i, th\u00e1ch th\u1ee9c \u0111ang ch\u1edd \u0111\u00f3n ch\u00fang ta \u1edf ph\u00eda tr\u01b0\u1edbc. DTC c\u0169ng s\u1ebd kh\u00f4ng ng\u1eebng l\u1eafng nghe nh\u1eefng \u00fd ki\u1ebfn g\u00f3p \u00fd \u0111\u1ea7y thi\u1ec7n ch\u00ed, c\u0169ng nh\u01b0 nh\u1eefng ph\u00ea b\u00ecnh nghi\u00eam t\u00fac \u0111\u1ec3 ph\u1ea5n \u0111\u1ea5u n\u00e2ng cao ch\u1ea5t l\u01b0\u1ee3ng ph\u1ee5c v\u1ee5, n\u00e2ng cao n\u0103ng l\u1ef1c c\u1ea1nh tranh, c\u1ea3i ti\u1ebfn quy tr\u00ecnh qu\u1ea3n l\u00fd, v\u00e0 c\u1ea3i thi\u1ec7n ch\u1ea5t l\u01b0\u1ee3ng ph\u1ee5c v\u1ee5 theo ph\u01b0\u01a1ng ch\u00e2m: \u201c<strong>Kh\u00f4ng ng\u1eebng h\u1ecdc h\u1ecfi, s\u00e1ng t\u1ea1o\u201d<\/strong>.<\/p><p>DTC lu\u00f4n tr\u00e2n tr\u1ecdng gi\u00e1 tr\u1ecb n\u1ec1n t\u1ea3ng cho s\u1ef1 ph\u00e1t tri\u1ec3n, \u0111\u00f3 l\u00e0 c\u00e1c c\u01a1 h\u1ed9i \u0111\u01b0\u1ee3c h\u1ee3p t\u00e1c v\u1edbi Qu\u00fd kh\u00e1ch h\u00e0ng. L\u00e0 m\u1ed9t c\u00f4ng ty c\u00f4ng ngh\u1ec7, ch\u00fang t\u00f4i hi\u1ec3u \u0111\u01b0\u1ee3c t\u1ea7m quan tr\u1ecdng c\u1ee7a tri th\u1ee9c v\u00e0 con ng\u01b0\u1eddi, v\u00ec v\u1eady, ch\u00fang t\u00f4i lu\u00f4n ch\u00fa tr\u1ecdng v\u00e0 li\u00ean t\u1ee5c \u0111\u1ea7u t\u01b0 cho vi\u1ec7c nu\u00f4i d\u01b0\u1ee1ng v\u00e0 \u0111\u00e0o t\u1ea1o nh\u00e2n t\u00e0i. Ch\u00fang t\u00f4i tin t\u01b0\u1edfng r\u1eb1ng v\u1edbi t\u1eadp th\u1ec3 DTC \u0111o\u00e0n k\u1ebft, v\u1eefng m\u1ea1nh v\u00e0 s\u1ef1 \u1ee7ng h\u1ed9 c\u1ee7a Qu\u00fd kh\u00e1ch h\u00e0ng, DTC ch\u1eafc ch\u1eafn s\u1ebd \u0111\u1ea1t \u0111\u01b0\u1ee3c nhi\u1ec1u th\u00e0nh c\u00f4ng v\u00e0 g\u00f3p ph\u1ea7n ph\u00e1t tri\u1ec3n cho \u0111\u1ea5t n\u01b0\u1edbc.<\/p><p><strong><em>Tr\u00e2n tr\u1ecdng!<\/em><\/strong><\/p>\t\t\t\t\t\t<\/div>\n\t\t\t\t<\/div>\n\t\t\t\t\t<\/div>\n\t\t<\/div>\n\t\t\t\t\t\t\t<\/div>\n\t\t<\/section>\n\t\t\t\t\t<\/div>\n\t\t<\/div>\n\t\t\t\t\t\t\t<\/div>\n\t\t<\/section>\n\t\t\t\t\t\t<\/div>\n\t\t\t\t\t<\/div>\n\t\t","protected":false},"excerpt":{"rendered":"<p class=\"tx-excerpt\">K\u00ednh g\u1eedi Qu\u00fd kh\u00e1ch h\u00e0ng v\u00e0 \u0111\u1ed1i t\u00e1c, Tr\u01b0\u1edbc h\u1ebft, thay m\u1eb7t c\u00f4ng ty C\u00f4\u0309 ph\u00e2\u0300n C\u00f4ng ngh\u1ec7 v\u00e0 D\u1ecbch v\u1ee5 DTC, xin \u0111\u01b0\u1ee3c g\u1eedi t\u1edbi qu\u00fd v\u1ecb l\u1eddi ch\u00fac s\u1ee9c kh\u1ecfe v\u00e0","protected":false},"author":1,"featured_media":0,"parent":0,"menu_order":0,"comment_status":"closed","ping_status":"closed","template":"","meta":{"footnotes":""},"class_list":["post-668","page","type-page","status-publish","hentry"],"jetpack_sharing_enabled":true,"_links":{"self":[{"href":"https:\/\/dt-corp.com.vn\/index.php?rest_route=\/wp\/v2\/pages\/668","targetHints":{"allow":["GET"]}}],"collection":[{"href":"https:\/\/dt-corp.com.vn\/index.php?rest_route=\/wp\/v2\/pages"}],"about":[{"href":"https:\/\/dt-corp.com.vn\/index.php?rest_route=\/wp\/v2\/types\/page"}],"author":[{"embeddable":true,"href":"https:\/\/dt-corp.com.vn\/index.php?rest_route=\/wp\/v2\/users\/1"}],"replies":[{"embeddable":true,"href":"https:\/\/dt-corp.com.vn\/index.php?rest_route=%2Fwp%2Fv2%2Fcomments&post=668"}],"version-history":[{"count":19,"href":"https:\/\/dt-corp.com.vn\/index.php?rest_route=\/wp\/v2\/pages\/668\/revisions"}],"predecessor-version":[{"id":778,"href":"https:\/\/dt-corp.com.vn\/index.php?rest_route=\/wp\/v2\/pages\/668\/revisions\/778"}],"wp:attachment":[{"href":"https:\/\/dt-corp.com.vn\/index.php?rest_route=%2Fwp%2Fv2%2Fmedia&parent=668"}],"curies":[{"name":"wp","href":"https:\/\/api.w.org\/{rel}","templated":true}]}}