{"id":673,"date":"2022-03-21T16:17:10","date_gmt":"2022-03-21T09:17:10","guid":{"rendered":"https:\/\/dt-corp.com.vn\/?page_id=673"},"modified":"2022-03-23T23:02:11","modified_gmt":"2022-03-23T16:02:11","slug":"dinh-huong-chien-luoc","status":"publish","type":"page","link":"https:\/\/dt-corp.com.vn\/?page_id=673","title":{"rendered":"\u0110\u1ecbnh h\u01b0\u1edbng chi\u1ebfn l\u01b0\u1ee3c"},"content":{"rendered":"\t\t<div data-elementor-type=\"wp-page\" data-elementor-id=\"673\" class=\"elementor elementor-673\" data-elementor-settings=\"[]\">\n\t\t\t\t\t\t\t<div class=\"elementor-section-wrap\">\n\t\t\t\t\t\t\t<section class=\"elementor-section elementor-top-section elementor-element elementor-element-65c3ec7 elementor-section-boxed elementor-section-height-default elementor-section-height-default\" data-id=\"65c3ec7\" data-element_type=\"section\">\n\t\t\t\t\t\t<div class=\"elementor-container elementor-column-gap-default\">\n\t\t\t\t\t<div class=\"elementor-column elementor-col-100 elementor-top-column elementor-element elementor-element-97e891b\" data-id=\"97e891b\" data-element_type=\"column\">\n\t\t\t<div class=\"elementor-widget-wrap elementor-element-populated\">\n\t\t\t\t\t\t\t\t<div class=\"elementor-element elementor-element-a8fb3cb elementor-flip-box--effect-flip elementor-flip-box--direction-up elementor-widget elementor-widget-flip-box\" data-id=\"a8fb3cb\" data-element_type=\"widget\" data-widget_type=\"flip-box.default\">\n\t\t\t\t<div class=\"elementor-widget-container\">\n\t\t\t\t\t<div class=\"elementor-flip-box\">\n\t\t\t<div class=\"elementor-flip-box__layer elementor-flip-box__front\">\n\t\t\t\t<div class=\"elementor-flip-box__layer__overlay\">\n\t\t\t\t\t<div class=\"elementor-flip-box__layer__inner\">\n\t\t\t\t\t\t\t\t\t\t\t\t\t<div class=\"elementor-icon-wrapper elementor-view-default\">\n\t\t\t\t\t\t\t\t<div class=\"elementor-icon\">\n\t\t\t\t\t\t\t\t\t<i class=\"fas fa-eye\"><\/i>\t\t\t\t\t\t\t\t<\/div>\n\t\t\t\t\t\t\t<\/div>\n\t\t\t\t\t\t\n\t\t\t\t\t\t\t\t\t\t\t\t\t<h3 class=\"elementor-flip-box__layer__title\">\n\t\t\t\t\t\t\t\t\u0110\u1ecaNH H\u01af\u1edaNG CHI\u1ebeN L\u01af\u1ee2C\t\t\t\t\t\t\t<\/h3>\n\t\t\t\t\t\t\n\t\t\t\t\t\t\t\t\t\t\t\t\t<div class=\"elementor-flip-box__layer__description\">\n\t\t\t\t\t\t\t\tDTC \u0111\u1ecbnh h\u01b0\u1edbng v\u00e0 lu\u00f4n ki\u00ean \u0111\u1ecbnh v\u1edbi nh\u1eefng chi\u1ebfn l\u01b0\u1ee3c ph\u00e1t tri\u1ec3n cho C\u00f4ng ty t\u1eeb nh\u1eefng ng\u00e0y \u0111\u1ea7u th\u00e0nh l\u1eadp\t\t\t\t\t\t\t<\/div>\n\t\t\t\t\t\t\t\t\t\t\t<\/div>\n\t\t\t\t<\/div>\n\t\t\t<\/div>\n\t\t\t<div class=\"elementor-flip-box__layer elementor-flip-box__back\">\n\t\t\t<div class=\"elementor-flip-box__layer__overlay\">\n\t\t\t\t<div class=\"elementor-flip-box__layer__inner\">\n\t\t\t\t\t\t\t\t\t\t\t<h3 class=\"elementor-flip-box__layer__title\">\n\t\t\t\t\t\t\tPH\u01af\u01a0NG CH\u00c2M HO\u1ea0T \u0110\u1ed8NG\t\t\t\t\t\t<\/h3>\n\t\t\t\t\t\n\t\t\t\t\t\t\t\t\t\t\t<div class=\"elementor-flip-box__layer__description\">\n\t\t\t\t\t\t\tLu\u00f4n h\u01b0\u1edbng t\u1edbi nh\u1eefng c\u00f4ng ngh\u1ec7 cao, ch\u1ea5t l\u01b0\u1ee3ng cao c\u1ee7a s\u1ea3n ph\u1ea9m, d\u1ecbch v\u1ee5; c\u1ee7a gi\u1ea3i ph\u00e1p; v\u00e0 \u0111i\u1ec1u quan tr\u1ecdng nh\u1ea5t l\u00e0 mang l\u1ea1i hi\u1ec7u qu\u1ea3 cho kh\u00e1ch h\u00e0ng\t\t\t\t\t\t<\/div>\n\t\t\t\t\t\n\t\t\t\t\t\t\t\t<\/div>\n\t\t<\/div>\n\t\t<\/div>\n\t\t<\/div>\n\t\t\t\t<\/div>\n\t\t\t\t<\/div>\n\t\t\t\t\t<\/div>\n\t\t<\/div>\n\t\t\t\t\t\t\t<\/div>\n\t\t<\/section>\n\t\t\t\t<section class=\"elementor-section elementor-top-section elementor-element elementor-element-f1d6caf elementor-section-boxed elementor-section-height-default elementor-section-height-default\" data-id=\"f1d6caf\" data-element_type=\"section\">\n\t\t\t\t\t\t<div class=\"elementor-container elementor-column-gap-default\">\n\t\t\t\t\t<div class=\"elementor-column elementor-col-66 elementor-top-column elementor-element elementor-element-304fd5a\" data-id=\"304fd5a\" data-element_type=\"column\">\n\t\t\t<div class=\"elementor-widget-wrap elementor-element-populated\">\n\t\t\t\t\t\t\t\t<div class=\"elementor-element elementor-element-a3891b5 elementor-widget elementor-widget-heading\" data-id=\"a3891b5\" data-element_type=\"widget\" data-widget_type=\"heading.default\">\n\t\t\t\t<div class=\"elementor-widget-container\">\n\t\t\t<h2 class=\"elementor-heading-title elementor-size-default\">\u0110\u1ecbnh h\u01b0\u1edbng chi\u1ebfn l\u01b0\u1ee3c<\/h2>\t\t<\/div>\n\t\t\t\t<\/div>\n\t\t\t\t<div class=\"elementor-element elementor-element-7ac70b4 elementor-widget elementor-widget-text-editor\" data-id=\"7ac70b4\" data-element_type=\"widget\" data-widget_type=\"text-editor.default\">\n\t\t\t\t<div class=\"elementor-widget-container\">\n\t\t\t\t\t\t\t<p>DTC \u0111\u1ecbnh h\u01b0\u1edbng v\u00e0 lu\u00f4n ki\u00ean \u0111\u1ecbnh v\u1edbi nh\u1eefng chi\u1ebfn l\u01b0\u1ee3c ph\u00e1t tri\u1ec3n cho C\u00f4ng ty t\u1eeb nh\u1eefng ng\u00e0y \u0111\u1ea7u th\u00e0nh l\u1eadp:<\/p><ul><li>DTC \u0111\u1ecbnh h\u01b0\u1edbng tr\u1edf th\u00e0nh m\u1ed9t c\u00f4ng ty v\u1eefng m\u1ea1nh trong nghi\u00ean c\u1ee9u v\u00e0 \u1ee9ng d\u1ee5ng c\u00e1c gi\u1ea3i ph\u00e1p c\u00f4ng ngh\u1ec7 m\u1edbi, th\u1ef1c hi\u1ec7n chuy\u1ec3n \u0111\u1ed5i s\u1ed1 c\u00f9ng kh\u00e1ch h\u00e0ng theo h\u01b0\u1edbng b\u1ec1n v\u1eefng, mang l\u1ea1i c\u01a1 h\u1ed9i v\u00e0 l\u1ee3i \u00edch c\u00f4ng b\u1eb1ng cho m\u1ecdi ng\u01b0\u1eddi.<\/li><li>Li\u00ean t\u1ee5c c\u1ea3i thi\u1ec7n ch\u1ea5t l\u01b0\u1ee3ng d\u1ecbch v\u1ee5 t\u01b0 v\u1ea5n, tri\u1ec3n khai, b\u1ea3o tr\u00ec v\u00e0 \u0111\u00e0o t\u1ea1o \u0111\u1ed9i ng\u0169 l\u00e3nh \u0111\u1ea1o, nh\u00e2n vi\u00ean v\u00e0 c\u1ed9ng t\u00e1c vi\u00ean qua h\u1ecdc t\u1eadp v\u00e0 l\u00e0m vi\u1ec7c nh\u00f3m, t\u1ef1 h\u1ecdc h\u1ecfi v\u00e0 v\u1eadn \u0111\u1ed9ng c\u1ee7a m\u1ed7i c\u00e1 nh\u00e2n.<\/li><li>X\u00e2y d\u1ef1ng, ph\u00e1t tri\u1ec3n d\u1ecbch v\u1ee5 C\u00f4ng ngh\u1ec7 th\u00f4ng tin chuy\u00ean nghi\u1ec7p, bao g\u1ed3m: d\u1ecbch v\u1ee5 t\u01b0 v\u1ea5n, d\u1ecbch v\u1ee5 tri\u1ec3n khai gi\u1ea3i ph\u00e1p IT t\u1ed5ng th\u1ec3, d\u1ecbch v\u1ee5 ph\u1ea7n m\u1ec1m, d\u1ecbch v\u1ee5 qu\u1ea3n tr\u1ecb v\u00e0 d\u1ecbch v\u1ee5 b\u1ea3o tr\u00ec.<\/li><li>T\u0103ng c\u01b0\u1eddng n\u0103ng l\u1ef1c qu\u1ea3n l\u00fd, \u00e1p d\u1ee5ng c\u00f4ng ngh\u1ec7 trong vi\u1ec7c qu\u1ea3n l\u00fd, ch\u00fa tr\u1ecdng n\u00e2ng cao ch\u1ea5t l\u01b0\u1ee3ng ngu\u1ed3n nh\u00e2n l\u1ef1c v\u00e0 quy tr\u00ecnh qu\u1ea3n l\u00fd ch\u1ea5t l\u01b0\u1ee3ng.<\/li><li>X\u00e2y d\u1ef1ng nh\u1eefng m\u1ed1i quan h\u1ec7 h\u1ee3p t\u00e1c to\u00e0n di\u1ec7n, tr\u1edf th\u00e0nh \u0111\u1ed1i t\u00e1c tin c\u1eady c\u1ee7a c\u00e1c h\u00e3ng C\u00f4ng ngh\u1ec7 th\u00f4ng tin h\u00e0ng \u0111\u1ea7u th\u1ebf gi\u1edbi. Nghi\u00ean c\u1ee9u ph\u00e1t tri\u1ec3n c\u00f9ng \u0111\u1ed1i t\u00e1c, kh\u00e1ch h\u00e0ng \u0111\u1ec3 \u0111\u01b0a ra nh\u1eefng \u0111\u1ecbnh h\u01b0\u1edbng c\u00f4ng ngh\u1ec7 hi\u1ec7n \u0111\u1ea1i, t\u1ed1i \u01b0u cho th\u1ecb tr\u01b0\u1eddng v\u00e0 ph\u00f9 h\u1ee3p nh\u1ea5t v\u1edbi nhu c\u1ea7u c\u1ee7a kh\u00e1ch h\u00e0ng.<\/li><\/ul>\t\t\t\t\t\t<\/div>\n\t\t\t\t<\/div>\n\t\t\t\t\t<\/div>\n\t\t<\/div>\n\t\t\t\t<div class=\"elementor-column elementor-col-33 elementor-top-column elementor-element elementor-element-68f87d5\" data-id=\"68f87d5\" data-element_type=\"column\">\n\t\t\t<div class=\"elementor-widget-wrap elementor-element-populated\">\n\t\t\t\t\t\t\t\t<div class=\"elementor-element elementor-element-c4ac762 elementor-widget elementor-widget-heading\" data-id=\"c4ac762\" data-element_type=\"widget\" data-widget_type=\"heading.default\">\n\t\t\t\t<div class=\"elementor-widget-container\">\n\t\t\t<h2 class=\"elementor-heading-title elementor-size-default\">Ph\u01b0\u01a1ng ch\u00e2m ho\u1ea1t \u0111\u1ed9ng<\/h2>\t\t<\/div>\n\t\t\t\t<\/div>\n\t\t\t\t<div class=\"elementor-element elementor-element-7342d77 elementor-widget elementor-widget-text-editor\" data-id=\"7342d77\" data-element_type=\"widget\" data-widget_type=\"text-editor.default\">\n\t\t\t\t<div class=\"elementor-widget-container\">\n\t\t\t\t\t\t\t<p>C\u00f4ng ty C\u00f4\u0309 ph\u00e2\u0300n C\u00f4ng ngh\u1ec7 v\u00e0 D\u1ecbch v\u1ee5 DTC lu\u00f4n h\u01b0\u1edbng t\u1edbi nh\u1eefng c\u00f4ng ngh\u1ec7 cao nh\u1eb1m m\u1ee5c \u0111\u00edch t\u01b0 v\u1ea5n c\u0169ng nh\u01b0 chuy\u1ec3n giao c\u00f4ng ngh\u1ec7 c\u00f3 ch\u1ea5t l\u01b0\u1ee3ng cao t\u1edbi kh\u00e1ch ha\u0300ng. Ch\u00ednh \u0111i\u1ec1u n\u00e0y \u0111\u00e3 mang l\u1ea1i hi\u1ec7u qu\u1ea3 kinh t\u1ebf cho kh\u00e1ch h\u00e0ng trong b\u1ed1i c\u1ea3nh kinh t\u1ebf h\u1ed9i nh\u1eadp.<\/p><p>\u0110\u1ed1i v\u1edbi C\u00f4ng ty C\u00f4\u0309 ph\u00e2\u0300n C\u00f4ng ngh\u1ec7 v\u00e0 D\u1ecbch v\u1ee5 DTC s\u1ef1 h\u00e0i l\u00f2ng c\u1ee7a kh\u00e1ch h\u00e0ng l\u00e0 \u0111i\u1ec1u quan tr\u1ecdng nh\u1ea5t. S\u1ef1 h\u00e0i l\u00f2ng n\u00e0y \u0111\u00e3 v\u00e0 \u0111ang \u0111\u01b0\u1ee3c th\u1ec3 hi\u1ec7n r\u00f5 n\u00e9t trong t\u1eebng d\u1ecbch v\u1ee5, s\u1ea3n ph\u1ea9m m\u00e0 C\u00f4ng ty cung c\u1ea5p: ch\u1ea5t l\u01b0\u1ee3ng cao c\u1ee7a s\u1ea3n ph\u1ea9m, d\u1ecbch v\u1ee5; c\u1ee7a gi\u1ea3i ph\u00e1p; v\u00e0 \u0111i\u1ec1u quan tr\u1ecdng nh\u1ea5t l\u00e0 mang l\u1ea1i hi\u1ec7u qu\u1ea3 cho kh\u00e1ch h\u00e0ng.<\/p>\t\t\t\t\t\t<\/div>\n\t\t\t\t<\/div>\n\t\t\t\t\t<\/div>\n\t\t<\/div>\n\t\t\t\t\t\t\t<\/div>\n\t\t<\/section>\n\t\t\t\t\t\t<\/div>\n\t\t\t\t\t<\/div>\n\t\t","protected":false},"excerpt":{"rendered":"<p class=\"tx-excerpt\">\u0110\u1ecaNH H\u01af\u1edaNG CHI\u1ebeN L\u01af\u1ee2C DTC \u0111\u1ecbnh h\u01b0\u1edbng v\u00e0 lu\u00f4n ki\u00ean \u0111\u1ecbnh v\u1edbi nh\u1eefng chi\u1ebfn l\u01b0\u1ee3c ph\u00e1t tri\u1ec3n cho C\u00f4ng ty t\u1eeb nh\u1eefng ng\u00e0y \u0111\u1ea7u th\u00e0nh l\u1eadp PH\u01af\u01a0NG CH\u00c2M HO\u1ea0T \u0110\u1ed8NG Lu\u00f4n h\u01b0\u1edbng t\u1edbi","protected":false},"author":1,"featured_media":0,"parent":0,"menu_order":0,"comment_status":"closed","ping_status":"closed","template":"","meta":{"footnotes":""},"class_list":["post-673","page","type-page","status-publish","hentry"],"jetpack_sharing_enabled":true,"_links":{"self":[{"href":"https:\/\/dt-corp.com.vn\/index.php?rest_route=\/wp\/v2\/pages\/673","targetHints":{"allow":["GET"]}}],"collection":[{"href":"https:\/\/dt-corp.com.vn\/index.php?rest_route=\/wp\/v2\/pages"}],"about":[{"href":"https:\/\/dt-corp.com.vn\/index.php?rest_route=\/wp\/v2\/types\/page"}],"author":[{"embeddable":true,"href":"https:\/\/dt-corp.com.vn\/index.php?rest_route=\/wp\/v2\/users\/1"}],"replies":[{"embeddable":true,"href":"https:\/\/dt-corp.com.vn\/index.php?rest_route=%2Fwp%2Fv2%2Fcomments&post=673"}],"version-history":[{"count":7,"href":"https:\/\/dt-corp.com.vn\/index.php?rest_route=\/wp\/v2\/pages\/673\/revisions"}],"predecessor-version":[{"id":786,"href":"https:\/\/dt-corp.com.vn\/index.php?rest_route=\/wp\/v2\/pages\/673\/revisions\/786"}],"wp:attachment":[{"href":"https:\/\/dt-corp.com.vn\/index.php?rest_route=%2Fwp%2Fv2%2Fmedia&parent=673"}],"curies":[{"name":"wp","href":"https:\/\/api.w.org\/{rel}","templated":true}]}}