{"id":680,"date":"2022-03-21T16:47:21","date_gmt":"2022-03-21T09:47:21","guid":{"rendered":"https:\/\/dt-corp.com.vn\/?page_id=680"},"modified":"2022-04-09T11:34:51","modified_gmt":"2022-04-09T04:34:51","slug":"tu-van","status":"publish","type":"page","link":"https:\/\/dt-corp.com.vn\/?page_id=680","title":{"rendered":"T\u01b0 v\u1ea5n"},"content":{"rendered":"\t\t<div data-elementor-type=\"wp-page\" data-elementor-id=\"680\" class=\"elementor elementor-680\" data-elementor-settings=\"[]\">\n\t\t\t\t\t\t\t<div class=\"elementor-section-wrap\">\n\t\t\t\t\t\t\t<section class=\"elementor-section elementor-top-section elementor-element elementor-element-49830c8 elementor-section-boxed elementor-section-height-default elementor-section-height-default\" data-id=\"49830c8\" data-element_type=\"section\">\n\t\t\t\t\t\t<div class=\"elementor-container elementor-column-gap-default\">\n\t\t\t\t\t<div class=\"elementor-column elementor-col-100 elementor-top-column elementor-element elementor-element-7b0b858\" data-id=\"7b0b858\" data-element_type=\"column\">\n\t\t\t<div class=\"elementor-widget-wrap elementor-element-populated\">\n\t\t\t\t\t\t\t\t<div class=\"elementor-element elementor-element-518f099 elementor-widget elementor-widget-heading\" data-id=\"518f099\" data-element_type=\"widget\" data-widget_type=\"heading.default\">\n\t\t\t\t<div class=\"elementor-widget-container\">\n\t\t\t<h2 class=\"elementor-heading-title elementor-size-default\">Gi\u1edbi thi\u1ec7u<\/h2>\t\t<\/div>\n\t\t\t\t<\/div>\n\t\t\t\t<div class=\"elementor-element elementor-element-14679a1 elementor-widget elementor-widget-text-editor\" data-id=\"14679a1\" data-element_type=\"widget\" data-widget_type=\"text-editor.default\">\n\t\t\t\t<div class=\"elementor-widget-container\">\n\t\t\t\t\t\t\t<p>DTC T&amp;S s\u1edf h\u1eefu \u0111\u1ed9i ng\u0169 chuy\u00ean gia t\u01b0 v\u1ea5n nhi\u1ec1u n\u0103m kinh nghi\u1ec7m, ph\u00f9 h\u1ee3p v\u1edbi \u0111\u1eb7c th\u00f9 c\u1ee7a t\u1eebng lo\u1ea1i c\u00f4ng vi\u1ec7c c\u1ee7a kh\u00e1ch h\u00e0ng. \u0110\u1ed9i ng\u0169 c\u1ee7a ch\u00fang t\u00f4i lu\u00f4n tu\u00e2n th\u1ee7 ph\u01b0\u01a1ng ph\u00e1p ti\u1ebfp c\u1eadn c\u00f3 h\u1ec7 th\u1ed1ng v\u00e0 khung qu\u1ea3n l\u00fd d\u1ef1 \u00e1n \u0111\u1ec3 nh\u00ecn nh\u1eadn v\u1ea5n \u0111\u1ec1 m\u1ed9t c\u00e1ch \u0111a chi\u1ec1u v\u00e0 h\u01b0\u1edbng m\u1ee5c ti\u00eau, \u0111\u1ec3 t\u1eeb \u0111\u00f3 \u0111\u01b0a ra m\u1ed9t gi\u1ea3i ph\u00e1p ph\u00f9 h\u1ee3p v\u1edbi nhu c\u1ea7u v\u00e0 ho\u00e0n c\u1ea3nh th\u1ef1c t\u1ebf c\u1ee7a kh\u00e1ch h\u00e0ng, g\u00f3p ph\u1ea7n n\u00e2ng cao n\u0103ng l\u1ef1c qu\u1ea3n l\u00fd c\u1ee7a doanh nghi\u1ec7p, ti\u1ebft gi\u1ea3m chi ph\u00ed v\u00e0 th\u1eddi gian, t\u0103ng hi\u1ec7u qu\u1ea3 c\u1ea1nh tranh v\u00e0 n\u00e2ng cao h\u00ecnh \u1ea3nh th\u01b0\u01a1ng hi\u1ec7u cho kh\u00e1ch h\u00e0ng.<\/p>\t\t\t\t\t\t<\/div>\n\t\t\t\t<\/div>\n\t\t\t\t<div class=\"elementor-element elementor-element-ba211da elementor-widget elementor-widget-heading\" data-id=\"ba211da\" data-element_type=\"widget\" data-widget_type=\"heading.default\">\n\t\t\t\t<div class=\"elementor-widget-container\">\n\t\t\t<h2 class=\"elementor-heading-title elementor-size-default\">\u0110\u1eb7c \u0111i\u1ec3m n\u1ed5i b\u1eadt<\/h2>\t\t<\/div>\n\t\t\t\t<\/div>\n\t\t\t\t<div class=\"elementor-element elementor-element-9dc41ae elementor-widget elementor-widget-text-editor\" data-id=\"9dc41ae\" data-element_type=\"widget\" data-widget_type=\"text-editor.default\">\n\t\t\t\t<div class=\"elementor-widget-container\">\n\t\t\t\t\t\t\t<p>DTC T&amp;S h\u00e2n h\u1ea1nh mang \u0111\u1ebfn cho qu\u00fd kh\u00e1ch h\u00e0ng D\u1ecbch v\u1ee5 t\u01b0 v\u1ea5n d\u1ef1 \u00e1n CNTT chuy\u00ean nghi\u1ec7p v\u00e0 to\u00e0n di\u1ec7n xuy\u00ean su\u1ed1t v\u00f2ng \u0111\u1eddi d\u1ef1 \u00e1n. C\u00e1c n\u1ed9i dung t\u01b0 v\u1ea5n ch\u00fang t\u00f4i s\u1eb5n s\u00e0ng \u0111\u1ea3m nh\u1eadn bao g\u1ed3m:<\/p><ul><li>T\u01b0 v\u1ea5n t\u00ecm hi\u1ec3u y\u00eau c\u1ea7u v\u00e0 \u0111\u00e1nh gi\u00e1 hi\u1ec7n tr\u1ea1ng<\/li><li>Thi\u1ebft k\u1ebf v\u00e0 \u0111\u1ec1 xu\u1ea5t ki\u1ebfn tr\u00fac gi\u1ea3i ph\u00e1p<\/li><li>X\u00e2y d\u1ef1ng d\u1ef1 \u00e1n kh\u1ea3 thi<\/li><li>X\u00e2y d\u1ef1ng h\u1ed3 s\u01a1 m\u1eddi th\u1ea7u<\/li><li>H\u1ed7 tr\u1ee3 \u0111\u00e1nh gi\u00e1 l\u1ef1a ch\u1ecdn nh\u00e0 th\u1ea7u ph\u00f9 h\u1ee3p v\u00e0 th\u01b0\u01a1ng th\u1ea3o h\u1ee3p \u0111\u1ed3ng<\/li><li>T\u01b0 v\u1ea5n gi\u00e1m s\u00e1t tri\u1ec3n khai: h\u1ed7 tr\u1ee3 x\u00e2y d\u1ef1ng v\u00e0 qu\u1ea3n l\u00fd d\u1ef1 \u00e1n<\/li><\/ul>\t\t\t\t\t\t<\/div>\n\t\t\t\t<\/div>\n\t\t\t\t<div class=\"elementor-element elementor-element-1859467 elementor-widget elementor-widget-heading\" data-id=\"1859467\" data-element_type=\"widget\" data-widget_type=\"heading.default\">\n\t\t\t\t<div class=\"elementor-widget-container\">\n\t\t\t<h2 class=\"elementor-heading-title elementor-size-default\">L\u1ee3i \u00edch<\/h2>\t\t<\/div>\n\t\t\t\t<\/div>\n\t\t\t\t<div class=\"elementor-element elementor-element-4a4d099 elementor-widget elementor-widget-text-editor\" data-id=\"4a4d099\" data-element_type=\"widget\" data-widget_type=\"text-editor.default\">\n\t\t\t\t<div class=\"elementor-widget-container\">\n\t\t\t\t\t\t\t<p>\u01b0\u1eddng minh, ch\u00ednh x\u00e1c, hi\u1ec7u qu\u1ea3 \u2013 \u0111\u00f3 ch\u00ednh l\u00e0 ph\u01b0\u01a1ng ch\u00e2m c\u1ee7a DTC T&amp;S trong vai tr\u00f2 t\u01b0 v\u1ea5n \u0111\u1ec3 \u0111\u00e1p \u1ee9ng nhu c\u1ea7u c\u1ee7a kh\u00e1ch h\u00e0ng trong c\u00e1c d\u1ef1 \u00e1n CNTT. V\u1edbi s\u1ef1 tham gia c\u1ee7a c\u00e1c chuy\u00ean gia t\u00edch h\u1ee3p gi\u1ea3i ph\u00e1p, chuy\u00ean gia ph\u00e1t tri\u1ec3n s\u1ea3n ph\u1ea9m, chuy\u00ean gia am hi\u1ec3u lu\u1eadt v\u00e0 chuy\u00ean m\u00f4n \u2013 c\u00e1c chuy\u00ean gia gi\u00e0u kinh nghi\u1ec7m trong nhi\u1ec1u h\u1ec7 th\u1ed1ng v\u00e0 l\u0129nh v\u1ef1c kh\u00e1c nhau; ch\u00fang t\u00f4i ch\u1eafc ch\u1eafn s\u1ebd t\u01b0 v\u1ea5n, h\u1ed7 tr\u1ee3 kh\u00e1ch h\u00e0ng ra quy\u1ebft \u0111\u1ecbnh \u0111\u00fang \u0111\u1eafn khi x\u00e2y d\u1ef1ng v\u00e0\u00a0 thi\u1ebft k\u1ebf d\u1ef1 \u00e1n\/g\u00f3i th\u1ea7u, ch\u1ecdn l\u1ef1a nh\u1eefng gi\u1ea3i ph\u00e1p, nh\u00e0 th\u1ea7u, s\u1ea3n ph\u1ea9m, c\u00f4ng c\u1ee5 IT ph\u00f9 h\u1ee3p, hi\u1ec7u qu\u1ea3 v\u00e0 \u0111\u00e1ng tin c\u1eady nh\u1ea5t.<\/p>\t\t\t\t\t\t<\/div>\n\t\t\t\t<\/div>\n\t\t\t\t\t<\/div>\n\t\t<\/div>\n\t\t\t\t\t\t\t<\/div>\n\t\t<\/section>\n\t\t\t\t\t\t<\/div>\n\t\t\t\t\t<\/div>\n\t\t","protected":false},"excerpt":{"rendered":"<p class=\"tx-excerpt\">Gi\u1edbi thi\u1ec7u DTC T&amp;S s\u1edf h\u1eefu \u0111\u1ed9i ng\u0169 chuy\u00ean gia t\u01b0 v\u1ea5n nhi\u1ec1u n\u0103m kinh nghi\u1ec7m, ph\u00f9 h\u1ee3p v\u1edbi \u0111\u1eb7c th\u00f9 c\u1ee7a t\u1eebng lo\u1ea1i c\u00f4ng vi\u1ec7c c\u1ee7a kh\u00e1ch h\u00e0ng. \u0110\u1ed9i ng\u0169 c\u1ee7a ch\u00fang","protected":false},"author":1,"featured_media":0,"parent":0,"menu_order":0,"comment_status":"closed","ping_status":"closed","template":"","meta":{"footnotes":""},"class_list":["post-680","page","type-page","status-publish","hentry"],"jetpack_sharing_enabled":true,"_links":{"self":[{"href":"https:\/\/dt-corp.com.vn\/index.php?rest_route=\/wp\/v2\/pages\/680","targetHints":{"allow":["GET"]}}],"collection":[{"href":"https:\/\/dt-corp.com.vn\/index.php?rest_route=\/wp\/v2\/pages"}],"about":[{"href":"https:\/\/dt-corp.com.vn\/index.php?rest_route=\/wp\/v2\/types\/page"}],"author":[{"embeddable":true,"href":"https:\/\/dt-corp.com.vn\/index.php?rest_route=\/wp\/v2\/users\/1"}],"replies":[{"embeddable":true,"href":"https:\/\/dt-corp.com.vn\/index.php?rest_route=%2Fwp%2Fv2%2Fcomments&post=680"}],"version-history":[{"count":7,"href":"https:\/\/dt-corp.com.vn\/index.php?rest_route=\/wp\/v2\/pages\/680\/revisions"}],"predecessor-version":[{"id":917,"href":"https:\/\/dt-corp.com.vn\/index.php?rest_route=\/wp\/v2\/pages\/680\/revisions\/917"}],"wp:attachment":[{"href":"https:\/\/dt-corp.com.vn\/index.php?rest_route=%2Fwp%2Fv2%2Fmedia&parent=680"}],"curies":[{"name":"wp","href":"https:\/\/api.w.org\/{rel}","templated":true}]}}