{"id":682,"date":"2022-03-21T16:47:21","date_gmt":"2022-03-21T09:47:21","guid":{"rendered":"https:\/\/dt-corp.com.vn\/?page_id=682"},"modified":"2022-04-09T11:45:27","modified_gmt":"2022-04-09T04:45:27","slug":"danh-gia-he-thong","status":"publish","type":"page","link":"https:\/\/dt-corp.com.vn\/?page_id=682","title":{"rendered":"\u0110\u00e1nh gi\u00e1 h\u1ec7 th\u1ed1ng"},"content":{"rendered":"\t\t<div data-elementor-type=\"wp-page\" data-elementor-id=\"682\" class=\"elementor elementor-682\" data-elementor-settings=\"[]\">\n\t\t\t\t\t\t\t<div class=\"elementor-section-wrap\">\n\t\t\t\t\t\t\t<section class=\"elementor-section elementor-top-section elementor-element elementor-element-a623734 elementor-section-boxed elementor-section-height-default elementor-section-height-default\" data-id=\"a623734\" data-element_type=\"section\">\n\t\t\t\t\t\t<div class=\"elementor-container elementor-column-gap-default\">\n\t\t\t\t\t<div class=\"elementor-column elementor-col-100 elementor-top-column elementor-element elementor-element-bc9ca3b\" data-id=\"bc9ca3b\" data-element_type=\"column\">\n\t\t\t<div class=\"elementor-widget-wrap elementor-element-populated\">\n\t\t\t\t\t\t\t\t<div class=\"elementor-element elementor-element-0c83300 elementor-widget elementor-widget-text-editor\" data-id=\"0c83300\" data-element_type=\"widget\" data-widget_type=\"text-editor.default\">\n\t\t\t\t<div class=\"elementor-widget-container\">\n\t\t\t\t\t\t\t<p><strong>\u0110\u00e1nh gi\u00e1 h\u1ec7 th\u1ed1ng<\/strong><\/p><p>M\u1ed9t trong nh\u1eefng v\u1ea5n \u0111\u1ec1 l\u1edbn nh\u1ea5t v\u00e0 kh\u00f3 nh\u1ea5t m\u00e0 c\u00e1c chuy\u00ean vi\u00ean qu\u1ea3n tr\u1ecb h\u1ec7 th\u1ed1ng m\u1ea1ng m\u00e1y t\u00ednh ng\u00e0y nay th\u01b0\u1eddng g\u1eb7p ph\u1ea3i l\u00e0: L\u00e0m c\u00e1ch n\u00e0o \u0111\u1ec3 ki\u1ec3m so\u00e1t b\u1ea3o m\u1eadt h\u1ec7 th\u1ed1ng c\u00f4ng ngh\u1ec7 th\u00f4ng tin c\u1ee7a t\u1ed5 ch\u1ee9c v\u00e0 doanh nghi\u1ec7p? An to\u00e0n th\u00f4ng tin h\u1ec7 th\u1ed1ng m\u1ea1ng c\u00f3 th\u1eadt s\u1ef1 quan tr\u1ecdng? C\u00e1c c\u1ea5u h\u00ecnh n\u00e0o c\u1ea7n \u0111\u01b0\u1ee3c ki\u1ec3m tra tr\u00ean c\u00e1c h\u1ec7 th\u1ed1ng m\u00e1y ch\u1ee7 \u1ee9ng d\u1ee5ng ri\u00eang bi\u1ec7t? L\u00e0m c\u00e1ch n\u00e0o \u0111\u1ec3 l\u00e0m c\u00e1c ho\u1ea1t \u0111\u1ed9ng ri\u00eang r\u1ebd n\u00e0y th\u00e0nh m\u1ed9t quy tr\u00ecnh gi\u00e1m s\u00e1t li\u00ean t\u1ee5c?<\/p><p>DTC T&amp;S cung c\u1ea5p d\u1ecbch v\u1ee5 \u0111\u00e1nh gi\u00e1 h\u1ec7 th\u1ed1ng nh\u1eb1m gi\u1ea3i quy\u1ebft nh\u1eefng kh\u1ed1i l\u01b0\u1ee3ng c\u00f4ng vi\u1ec7c kh\u1ed5ng l\u1ed3 m\u00e0 chuy\u00ean vi\u00ean h\u1ec7 th\u1ed1ng ph\u1ea3i th\u1ef1c hi\u1ec7n \u0111\u1ec3 v\u1eadn h\u00e0nh c\u00e1c ch\u00ednh s\u00e1ch b\u1ea3o m\u1eadt c\u1ee7a t\u1ed5 ch\u1ee9c v\u00e0 doanh nghi\u1ec7p. T\u1eeb k\u1ebft qu\u1ea3 \u0111\u00e1nh gi\u00e1 h\u1ec7 th\u1ed1ng, ch\u00fang t\u00f4i s\u1ebd gi\u1ea3i th\u00edch l\u00e0m th\u1ebf n\u00e0o \u0111\u1ec3 x\u00e2y d\u1ef1ng h\u1ec7 th\u1ed1ng gi\u00e1m s\u00e1t tu\u00e2n th\u1ee7 di\u1ec5n ra li\u00ean t\u1ee5c v\u00e0 l\u00e0m th\u1ebf n\u00e0o \u0111\u1ec3 t\u1ef1 \u0111\u1ed9ng x\u00e1c nh\u1eadn th\u00f4ng qua c\u00e1c thi\u1ebft b\u1ecb b\u1ea3o v\u1ec7 v\u00e0 t\u1ef1 \u0111\u1ed9ng h\u00f3a c\u00e1c danh m\u1ee5c ki\u1ec3m tra.<\/p><p>Nh\u1eb1m gi\u1ea3m thi\u1ec3u c\u00e1c nguy c\u01a1 m\u1ea5t ki\u1ec3m so\u00e1t h\u1ec7 th\u1ed1ng th\u00f4ng tin n\u1ed9i b\u1ed9, d\u1ecbch v\u1ee5 \u0110\u00e1nh gi\u00e1 h\u1ec7 th\u1ed1ng th\u00f4ng tin \u0111\u01b0\u1ee3c ch\u00fang t\u00f4i \u00e1p d\u1ee5ng theo ti\u00eau chu\u1ea9n NIST (National Institute of Standards and Technology), CIS Security Benchmarks k\u1ebft h\u1ee3p v\u1edbi kinh nghi\u1ec7m t\u1eeb c\u00e1c chuy\u00ean gia h\u01a1n 10 n\u0103m kinh nghi\u1ec7m trong l\u0129nh v\u1ef1c t\u1ed1i \u01b0u h\u1ec7 th\u1ed1ng m\u00e1y ch\u1ee7, h\u1ea1 t\u1ea7ng.<\/p><p>Ch\u00fang t\u00f4i b\u1ea3o \u0111\u1ea3m c\u00e1c \u0111\u1ed1i t\u01b0\u1ee3ng k\u1ef9 thu\u1eadt CNTT \u0111\u01b0\u1ee3c tri\u1ec3n khai, v\u1eadn h\u00e0nh an to\u00e0n, hi\u1ec7u qu\u1ea3, bao g\u1ed3m c\u00e1c \u01b0u th\u1ebf v\u1ec1 t\u1ed1i \u01b0u h\u00f3a h\u1ec7 th\u1ed1ng trong kernel h\u1ec7 \u0111i\u1ec1u h\u00e0nh, vi\u1ec7c ki\u1ec3m \u0111\u1ecbnh c\u00f3 th\u1ec3 \u0111\u01b0\u1ee3c ch\u00fang t\u00f4i k\u1ebft h\u1ee3p v\u1edbi h\u00ecnh th\u1ee9c ki\u1ec3m tra x\u00e2m nh\u1eadp m\u0169 tr\u1eafng trong \u0111i\u1ec1u kho\u1ea3n chi ti\u1ebft h\u1ee3p \u0111\u1ed3ng \u0111\u01b0\u1ee3c k\u00fd k\u1ebft.\u00a0<\/p><p><strong>M\u1ee5c \u0111\u00edch<\/strong><\/p><p>\u0110\u00e1nh gi\u00e1 ATTT nh\u1eb1m ph\u00e1t hi\u1ec7n nh\u1eefng r\u1ee7i ro c\u1ee7a h\u1ec7 th\u1ed1ng m\u1ea1ng bao g\u1ed3m ph\u1ea7n c\u1ee9ng v\u00e0 ph\u1ea7n m\u1ec1m nh\u01b0 m\u00e1y ch\u1ee7, thi\u1ebft b\u1ecb t\u01b0\u1eddng l\u1eeda, thi\u1ebft b\u1ecb c\u00e2n b\u1eb1ng t\u1ea3i, c\u00e1c \u1ee9ng d\u1ee5ng ph\u1ea7n m\u1ec1m\u2026 \u0110\u00e1nh gi\u00e1 ATTT \u0111\u1ec3 \u0111\u1ecbnh l\u01b0\u1ee3ng c\u00e1c r\u1ee7i ro n\u00e0y, x\u00e2y d\u1ef1ng c\u00e1c ph\u01b0\u01a1ng \u00e1n v\u00e0 c\u00e1c bi\u1ec7n ph\u00e1p b\u1ea3o v\u1ec7 nh\u1eb1m gi\u1ea3m thi\u1ec3u, gi\u1ea3m nh\u1eb9 thi\u1ec7t h\u1ea1i. \u0110\u00e1nh gi\u00e1 ATTT c\u0169ng l\u00e0 c\u01a1 s\u1edf \u0111\u1ec3 x\u00e2y d\u1ef1ng c\u00e1c chi\u1ebfn l\u01b0\u1ee3c \u0111\u1ea7u t\u01b0, ph\u00e1t tri\u1ec3n h\u1ec7 th\u1ed1ng m\u1ea1ng v\u00e0 x\u00e2y d\u1ef1ng ch\u00ednh s\u00e1ch an to\u00e0n th\u00f4ng tin.<\/p><p><strong>L\u1ee3i \u00edch\u00a0gi\u00fap doanh nghi\u1ec7p:<\/strong><\/p><ul><li>Gi\u1ea3m thi\u1ec3u th\u1eddi gian \u0111\u00e1nh gi\u00e1 h\u1ec7 th\u1ed1ng m\u00e1y ch\u1ee7, \u0111\u00e2y l\u00e0 m\u1ed9t ti\u00eau ch\u00ed b\u1eaft bu\u1ed9c trong c\u00e1c ch\u1ee9ng ch\u1ec9 PCIDSS, ISO 27001, COBIT.<\/li><li>Nh\u1eadn th\u1ee9c v\u1ec1 c\u00e1c nguy c\u01a1 b\u1ea3o m\u1eadt m\u00e1y ch\u1ee7.<\/li><li>\u0110\u00e1nh gi\u00e1, b\u00e1o c\u00e1o chi ti\u1ebft v\u1ec1 c\u00e1c c\u1ea5u h\u00ecnh m\u00e1y ch\u1ee7 hi\u1ec7n t\u1ea1i.<\/li><li>Tri\u1ec3n khai c\u00e1c ch\u00ednh s\u00e1ch b\u1ea3o m\u1eadt trong v\u1eadn h\u00e0nh v\u00e0 b\u1ea3o tr\u00ec m\u00e1y ch\u1ee7.<\/li><li>\u0110\u00e1nh gi\u00e1, b\u00e1o c\u00e1o chi ti\u1ebft v\u1ec1 hi\u1ec7n tr\u1ea1ng b\u1ea3o m\u1eadt h\u1ec7 th\u1ed1ng m\u00e1y ch\u1ee7 th\u00f4ng qua c\u00e1c con s\u1ed1 c\u1ee5 th\u1ec3.<\/li><\/ul><p><strong>Quy tr\u00ecnh<\/strong><\/p><p>DTC T&amp;S th\u1ef1c hi\u1ec7n quy tr\u00ecnh \u0111\u00e1nh gi\u00e1 h\u1ec7 th\u1ed1ng m\u00e1y ch\u1ee7 d\u1ef1a tr\u00ean s\u1ef1 k\u1ebft h\u1ee3p nhi\u1ec1u ti\u00eau chu\u1ea9n \u0111\u00e1nh gi\u00e1 h\u1ec7 th\u1ed1ng kh\u00e1c nhau nh\u1eb1m b\u1ea3o \u0111\u1ea3m t\u1ea5t c\u1ea3 c\u00e1c khuy\u1ebfn c\u00e1o b\u1ea3o m\u1eadt m\u1edbi nh\u1ea5t s\u1ebd \u0111\u01b0\u1ee3c \u00e1p d\u1ee5ng tr\u00ean h\u1ec7 th\u1ed1ng m\u00e1y ch\u1ee7 c\u1ee7a t\u1ed5 ch\u1ee9c v\u00e0 doanh nghi\u1ec7p.<\/p><p>DTC T&amp;S th\u1ef1c hi\u1ec7n thu th\u1eadp th\u00f4ng tin h\u1ec7 th\u1ed1ng v\u00e0 ph\u00e2n t\u00edch k\u1ebft qu\u1ea3 ho\u00e0n to\u00e0n t\u1ef1 \u0111\u1ed9ng th\u00f4ng qua ch\u01b0\u01a1ng tr\u00ecnh, m\u00e3 th\u1ef1c thi \u0111\u01b0\u1ee3c ph\u00e1t tri\u1ec3n b\u1edfi c\u00e1c chuy\u00ean gia c\u1ee7a ch\u00fang t\u00f4i.<\/p><p><strong>C\u00e1c ti\u00eau chu\u1ea9n \u0111\u00e1nh gi\u00e1 b\u1ea3o m\u1eadt h\u1ec7 th\u1ed1ng ph\u1ed5 bi\u1ebfn:<\/strong><\/p><ul><li>CISBenchmarks<\/li><li>OSSTMM (Open Source Security Testing Methodology and Manual).<\/li><li>Critical Security Controls \u2013 Version 5 (SANS).<\/li><\/ul><p><strong>C\u00e1c ti\u00eau chu\u1ea9n b\u1ea3o m\u1eadt y\u00eau c\u1ea7u \u0111\u00e1nh gi\u00e1 b\u1ea3o m\u1eadt h\u1ec7 th\u1ed1ng:<\/strong><\/p><ul><li>PCIDSS<\/li><li>ISO27001<\/li><li>COBIT<\/li><\/ul><p>DTC T&amp;S th\u1ef1c hi\u1ec7n \u0111\u00e1nh gi\u00e1 h\u1ec7 th\u1ed1ng m\u00e1y ch\u1ee7 tr\u00ean 4 nh\u00f3m d\u1ecbch v\u1ee5 m\u00e1y ch\u1ee7, 10 \u2013 12 ti\u00eau ch\u00ed c\u1ea5u h\u00ecnh khuy\u1ebfn c\u00e1o cho nh\u1eefng h\u1ec7 th\u1ed1ng ri\u00eang bi\u1ec7t nh\u01b0 Microsoft Windows, Unix, Linux, Apple Macintosh, VMWare, Openstack\u2026<\/p><p><strong>C\u00e1c h\u1ea1ng m\u1ee5c \u0111\u00e1nh gi\u00e1 h\u1ec7 th\u1ed1ng:<\/strong><\/p><table><tbody><tr><td><p><strong>H\u1ec6 \u0110I\u1ec0U H\u00c0NH<\/strong><\/p><p>(Miscrosoft Windows, Unix\/Linux\u2026)<\/p><\/td><td><p>Ki\u1ec3m tra c\u00e1c b\u1ea3ng c\u1eadp nh\u1eadt, v\u00e1 l\u1ed7i v\u00e0 c\u00e1c ph\u1ea7n m\u1ec1m b\u1ea3o m\u1eadt.<br \/>Ki\u1ec3m tra c\u1ea5u h\u00ecnh t\u1eadp tin h\u1ec7 th\u1ed1ng (Ext3, NTFS).<br \/>Ki\u1ec3m tra c\u00e1c d\u1ecbch v\u1ee5 h\u1ec7 \u0111i\u1ec1u h\u00e0nh.<br \/>Ki\u1ec3m tra c\u00e1c d\u1ecbch v\u1ee5 \u0111\u1eb7c bi\u1ec7t.<br \/>Ki\u1ec3m tra log v\u00e0 c\u00e1c d\u1ecbch v\u1ee5 theo d\u00f5i s\u1ef1 ki\u1ec7n h\u1ec7 th\u1ed1ng (auditing services).<br \/>Ki\u1ec3m tra c\u1ea5u h\u00ecnh m\u1ea1ng v\u00e0 t\u01b0\u1eddng l\u1eeda.<br \/>Ki\u1ec3m tra v\u1ea5n \u0111\u1ec1 ph\u00e2n quy\u1ec1n truy c\u1eadp h\u1ec7 th\u1ed1ng, x\u00e1c th\u1ef1c.<br \/>Ki\u1ec3m tra c\u00e1c t\u00e0i kho\u1ea3n v\u00e0 c\u00e1c m\u00f4i tr\u01b0\u1eddng.<br \/>Ki\u1ec3m tra c\u00e1c c\u1ea5u h\u00ecnh c\u1ea3nh b\u00e1o v\u1ec1 quy\u1ec1n.<br \/>Ki\u1ec3m tra c\u00e1c v\u1ea5n \u0111\u1ec1 b\u1ea3o tr\u00ec h\u1ec7 th\u1ed1ng.<\/p><\/td><\/tr><tr><td><p><strong>C\u01a0 S\u1ede D\u1eee LI\u1ec6U<\/strong><\/p><p>(MySQL, MSSQL\u2026)<\/p><\/td><td><p>Ki\u1ec3m tra c\u1ea5p \u0111\u1ed9 h\u1ec7 \u0111i\u1ec1u h\u00e0nh.<br \/>Ki\u1ec3m tra ph\u00e2n quy\u1ec1n t\u1eadp tin h\u1ec7 th\u1ed1ng.<br \/>Ki\u1ec3m tra log.<br \/>Ki\u1ec3m tra c\u00e1c v\u1ea5n \u0111\u1ec1 chung li\u00ean quan \u0111\u1ebfn c\u01a1 s\u1edf d\u1eef li\u1ec7u.<br \/>Ki\u1ec3m tra quy\u1ec1n truy c\u1eadp c\u01a1 s\u1edf d\u1eef li\u1ec7u.<br \/>Ki\u1ec3m tra c\u00e1c c\u1ea5u h\u00ecnh t\u00f9y ch\u1ec9nh.<br \/>Ki\u1ec3m tra c\u00e1c c\u1ea5u h\u00ecnh SSL.<br \/>Ki\u1ec3m tra c\u00e1c c\u1ea5u h\u00ecnh sao l\u01b0u v\u00e0 ph\u1ee5c h\u1ed3i sau th\u1ea3m h\u1ecda.<\/p><\/td><\/tr><tr><td><p><strong>M\u00c1Y CH\u1ee6 WEB<\/strong><\/p><p>(Nginx, Apache, IIS\u2026)<\/p><\/td><td><p>Ki\u1ec3m tra qu\u00e1 tr\u00ecnh c\u00e0i \u0111\u1eb7t m\u00e1y ch\u1ee7 web.<br \/>Ki\u1ec3m tra c\u1ea5u h\u00ecnh h\u1ec7 \u0111i\u1ec1u h\u00e0nh v\u00e0 qu\u1ea3n l\u00fd truy c\u1eadp.<br \/>Ki\u1ec3m tra c\u00e1c c\u1ea5u h\u00ecnh b\u1ea3o m\u1eadt th\u01b0 m\u1ee5c l\u01b0u tr\u1eef m\u00e3 ngu\u1ed3n web.<br \/>Ki\u1ec3m tra c\u00e1c c\u1ea5u h\u00ecnh x\u00e1c th\u1ef1c v\u00e0 gi\u1ea3i ph\u00e1p m\u00e3 h\u00f3a.<br \/>Ki\u1ec3m tra c\u00e1c c\u1ea5u h\u00ecnh SSL\/TLS.<br \/>Ki\u1ec3m tra c\u00e1c c\u1ea5u h\u00ecnh logging.<br \/>Ki\u1ec3m tra c\u00e1c c\u1ea5u h\u00ecnh sao l\u01b0u h\u1ec7 th\u1ed1ng.<br \/>Ki\u1ec3m tra c\u00e1c c\u1ea5u h\u00ecnh truy c\u1eadp t\u1eeb xa v\u00e0 c\u1eadp nh\u1eadt n\u1ed9i dung m\u00e3 ngu\u1ed3n.<\/p><\/td><\/tr><tr><td><p><strong>NETWORK<\/strong><\/p><p>(Cisco, Juniper\u2026)<\/p><\/td><td><p>Ki\u1ec3m tra c\u00e1c y\u00eau c\u1ea7u truy c\u1eadp thi\u1ebft b\u1ecb (AAA, Access rule, Banner rule, Password\u2026).<br \/>Ki\u1ec3m tra c\u00e1c y\u00eau c\u1ea7u qu\u1ea3n tr\u1ecb thi\u1ebft b\u1ecb (Clock, Service, Log, NTP\u2026).<br \/>Ki\u1ec3m tra c\u00e1c y\u00eau c\u1ea7u truy\u1ec1n d\u1eabn s\u1ed1 li\u1ec7u (Border routing, Neighbor authentication, Routing rule\u2026.).<\/p><\/td><\/tr><\/tbody><\/table><p><strong>Qu\u00e1 tr\u00ecnh th\u1ef1c hi\u1ec7n<\/strong><\/p><p>T\u00f9y theo quy m\u00f4 c\u1ee7a c\u00e1c doanh nghi\u1ec7p v\u00e0 quy m\u00f4 c\u1ee7a c\u00e1c \u1ee9ng d\u1ee5ng, th\u00f4ng th\u01b0\u1eddng vi\u1ec7c \u0111\u00e1nh gi\u00e1 c\u00e1c h\u1ec7 th\u1ed1ng m\u00e1y ch\u1ee7, h\u1ec7 th\u1ed1ng C\u01a1 s\u1edf d\u1eef li\u1ec7u th\u01b0\u1eddng k\u00e9o d\u00e0i 10 ng\u00e0y.<\/p><p><strong>B\u00c1O C\u00c1O<\/strong><\/p><p>DTC T&amp;S th\u1ef1c hi\u1ec7n l\u1eadp b\u00e1o c\u00e1o chi ti\u1ebft to\u00e0n b\u1ed9 qu\u00e1 tr\u00ecnh \u0111\u00e1nh gi\u00e1 b\u1ea3o m\u1eadt h\u1ec7 th\u1ed1ng bao g\u1ed3m hai b\u00e1o c\u00e1o ch\u00ednh:<\/p><p><strong>B\u00e1o c\u00e1o t\u1ed5ng quan<\/strong><\/p><ul><li>B\u1ea3ng th\u1ed1ng k\u00ea hi\u1ec7n tr\u1ea1ng c\u00e1c tham s\u1ed1 c\u1ea5u h\u00ecnh (s\u1ed1 l\u01b0\u1ee3ng l\u1ed7 h\u1ed5ng theo m\u1ee9c \u0111\u1ed9 nghi\u00eam tr\u1ecdng, \u0111\u1ed3 th\u1ecb t\u1ed5ng quan\u2026).<\/li><li>B\u1ea3ng \u0111\u00e1nh gi\u00e1 t\u1ed5ng quan to\u00e0n b\u1ed9 h\u1ec7 th\u1ed1ng.<\/li><\/ul><p><strong>B\u00e1o c\u00e1o chi ti\u1ebft<\/strong><\/p><ul><li>Danh m\u1ee5c c\u00e1c c\u1ea5u h\u00ecnh h\u1ec7 th\u1ed1ng \u0111\u00e3 \u0111\u01b0\u1ee3c thu th\u1eadp.<\/li><li>Th\u00f4ng tin chi ti\u1ebft c\u00e1c h\u1ea1ng m\u1ee5c \u0111\u01b0\u1ee3c \u0111\u00e1nh gi\u00e1.<\/li><li>C\u00e1ch kh\u1eafc ph\u1ee5c c\u00e1c c\u1ea5u h\u00ecnh kh\u00f4ng \u0111\u1ea1t chu\u1ea9n.<\/li><li>\u0110\u00e1nh gi\u00e1 m\u1ee9c \u0111\u1ed9 \u1ea3nh h\u01b0\u1edfng c\u1ee7a c\u1ea5u h\u00ecnh kh\u00f4ng \u0111\u1ea1t chu\u1ea9n.<\/li><\/ul>\t\t\t\t\t\t<\/div>\n\t\t\t\t<\/div>\n\t\t\t\t\t<\/div>\n\t\t<\/div>\n\t\t\t\t\t\t\t<\/div>\n\t\t<\/section>\n\t\t\t\t\t\t<\/div>\n\t\t\t\t\t<\/div>\n\t\t","protected":false},"excerpt":{"rendered":"<p class=\"tx-excerpt\">\u0110\u00e1nh gi\u00e1 h\u1ec7 th\u1ed1ng M\u1ed9t trong nh\u1eefng v\u1ea5n \u0111\u1ec1 l\u1edbn nh\u1ea5t v\u00e0 kh\u00f3 nh\u1ea5t m\u00e0 c\u00e1c chuy\u00ean vi\u00ean qu\u1ea3n tr\u1ecb h\u1ec7 th\u1ed1ng m\u1ea1ng m\u00e1y t\u00ednh ng\u00e0y nay th\u01b0\u1eddng g\u1eb7p ph\u1ea3i l\u00e0: L\u00e0m c\u00e1ch","protected":false},"author":1,"featured_media":0,"parent":0,"menu_order":0,"comment_status":"closed","ping_status":"closed","template":"","meta":{"footnotes":""},"class_list":["post-682","page","type-page","status-publish","hentry"],"jetpack_sharing_enabled":true,"_links":{"self":[{"href":"https:\/\/dt-corp.com.vn\/index.php?rest_route=\/wp\/v2\/pages\/682","targetHints":{"allow":["GET"]}}],"collection":[{"href":"https:\/\/dt-corp.com.vn\/index.php?rest_route=\/wp\/v2\/pages"}],"about":[{"href":"https:\/\/dt-corp.com.vn\/index.php?rest_route=\/wp\/v2\/types\/page"}],"author":[{"embeddable":true,"href":"https:\/\/dt-corp.com.vn\/index.php?rest_route=\/wp\/v2\/users\/1"}],"replies":[{"embeddable":true,"href":"https:\/\/dt-corp.com.vn\/index.php?rest_route=%2Fwp%2Fv2%2Fcomments&post=682"}],"version-history":[{"count":5,"href":"https:\/\/dt-corp.com.vn\/index.php?rest_route=\/wp\/v2\/pages\/682\/revisions"}],"predecessor-version":[{"id":921,"href":"https:\/\/dt-corp.com.vn\/index.php?rest_route=\/wp\/v2\/pages\/682\/revisions\/921"}],"wp:attachment":[{"href":"https:\/\/dt-corp.com.vn\/index.php?rest_route=%2Fwp%2Fv2%2Fmedia&parent=682"}],"curies":[{"name":"wp","href":"https:\/\/api.w.org\/{rel}","templated":true}]}}