{"id":683,"date":"2022-03-21T16:47:21","date_gmt":"2022-03-21T09:47:21","guid":{"rendered":"https:\/\/dt-corp.com.vn\/?page_id=683"},"modified":"2022-03-25T18:07:29","modified_gmt":"2022-03-25T11:07:29","slug":"chuyen-doi-so-2","status":"publish","type":"page","link":"https:\/\/dt-corp.com.vn\/?page_id=683","title":{"rendered":"Chuy\u1ec3n \u0111\u1ed5i s\u1ed1"},"content":{"rendered":"\t\t<div data-elementor-type=\"wp-page\" data-elementor-id=\"683\" class=\"elementor elementor-683\" data-elementor-settings=\"[]\">\n\t\t\t\t\t\t\t<div class=\"elementor-section-wrap\">\n\t\t\t\t\t\t\t<section class=\"elementor-section elementor-top-section elementor-element elementor-element-889a6ed elementor-section-boxed elementor-section-height-default elementor-section-height-default\" data-id=\"889a6ed\" data-element_type=\"section\">\n\t\t\t\t\t\t<div class=\"elementor-container elementor-column-gap-default\">\n\t\t\t\t\t<div class=\"elementor-column elementor-col-100 elementor-top-column elementor-element elementor-element-5efe1d2\" data-id=\"5efe1d2\" data-element_type=\"column\">\n\t\t\t<div class=\"elementor-widget-wrap elementor-element-populated\">\n\t\t\t\t\t\t\t\t<div class=\"elementor-element elementor-element-a0f83ab elementor--h-position-center elementor--v-position-middle elementor-arrows-position-inside elementor-pagination-position-inside elementor-widget elementor-widget-slides\" data-id=\"a0f83ab\" data-element_type=\"widget\" data-settings=\"{&quot;navigation&quot;:&quot;both&quot;,&quot;autoplay&quot;:&quot;yes&quot;,&quot;pause_on_hover&quot;:&quot;yes&quot;,&quot;pause_on_interaction&quot;:&quot;yes&quot;,&quot;autoplay_speed&quot;:5000,&quot;infinite&quot;:&quot;yes&quot;,&quot;transition&quot;:&quot;slide&quot;,&quot;transition_speed&quot;:500}\" data-widget_type=\"slides.default\">\n\t\t\t\t<div class=\"elementor-widget-container\">\n\t\t\t\t\t<div class=\"elementor-swiper\">\n\t\t\t<div class=\"elementor-slides-wrapper elementor-main-swiper swiper-container\" dir=\"ltr\" data-animation=\"\">\n\t\t\t\t<div class=\"swiper-wrapper elementor-slides\">\n\t\t\t\t\t\t\t\t\t\t<div class=\"elementor-repeater-item-9bab2f4 swiper-slide\"><div class=\"swiper-slide-bg\"><\/div><div class=\"swiper-slide-inner\" ><div class=\"swiper-slide-contents\"><div class=\"elementor-slide-heading\">C\u1ea9m nang c\u01a1 b\u1ea3n<\/div><div class=\"elementor-slide-description\">Chuy\u1ec3n \u0111\u1ed5i s\u1ed1 l\u00e0 qu\u00e1 tr\u00ecnh thay \u0111\u1ed5i t\u1ed5ng th\u1ec3 v\u00e0 to\u00e0n di\u1ec7n c\u1ee7a c\u00e1 nh\u00e2n, t\u1ed5 ch\u1ee9c v\u1ec1 c\u00e1ch s\u1ed1ng, c\u00e1ch l\u00e0m vi\u1ec7c v\u00e0 ph\u01b0\u01a1ng th\u1ee9c s\u1ea3n xu\u1ea5t d\u1ef1a tr\u00ean c\u00e1c c\u00f4ng ngh\u1ec7 s\u1ed1.<\/div><\/div><\/div><\/div><div class=\"elementor-repeater-item-4247f2f swiper-slide\"><div class=\"swiper-slide-bg\"><\/div><div class=\"swiper-slide-inner\" ><div class=\"swiper-slide-contents\"><div class=\"elementor-slide-heading\">C\u1ea9m nang cho doanh nghi\u1ec7p<\/div><div class=\"elementor-slide-description\">Chuy\u1ec3n \u0111\u1ed5i s\u1ed1 mang l\u1ea1i thay \u0111\u1ed5i l\u1edbn, l\u00e0m gi\u00e1n \u0111o\u1ea1n to\u00e0n b\u1ed9 nhi\u1ec1u ng\u00e0nh c\u00f4ng nghi\u1ec7p, \u0111\u1ed3ng th\u1eddi, l\u1ea1i t\u1ea1o ra s\u1ef1 s\u00e1ng t\u1ea1o ph\u00e1 h\u1ee7y gi\u00fap m\u1ed9t s\u1ed1 doanh nghi\u1ec7p t\u0103ng tr\u01b0\u1edfng v\u00e0 ph\u00e1t tri\u1ec3n k\u1ef7 l\u1ee5c.<\/div><\/div><\/div><\/div><div class=\"elementor-repeater-item-b7aab8d swiper-slide\"><div class=\"swiper-slide-bg\"><\/div><div class=\"swiper-slide-inner\" ><div class=\"swiper-slide-contents\"><div class=\"elementor-slide-heading\">C\u1ea9m nang cho c\u01a1 quan nh\u00e0 n\u01b0\u1edbc<\/div><div class=\"elementor-slide-description\">Chuy\u1ec3n \u0111\u1ed5i s\u1ed1 c\u01a1 quan nh\u00e0 n\u01b0\u1edbc l\u00e0 ho\u1ea1t \u0111\u1ed9ng ph\u00e1t tri\u1ec3n ch\u00ednh ph\u1ee7 s\u1ed1 c\u1ee7a c\u00e1c c\u01a1 quan trung \u01b0\u01a1ng v\u00e0 t\u01b0\u01a1ng \u1ee9ng v\u1edbi \u0111\u00f3 l\u00e0 ho\u1ea1t \u0111\u1ed9ng ph\u00e1t tri\u1ec3n ch\u00ednh quy\u1ec1n s\u1ed1, \u0111\u00f4 th\u1ecb th\u00f4ng minh c\u1ee7a c\u00e1c c\u01a1 quan ch\u00ednh quy\u1ec1n c\u00e1c c\u1ea5p \u1edf \u0111\u1ecba ph\u01b0\u01a1ng.<\/div><\/div><\/div><\/div>\t\t\t\t<\/div>\n\t\t\t\t\t\t\t\t\t\t\t\t\t\t\t<div class=\"swiper-pagination\"><\/div>\n\t\t\t\t\t\t\t\t\t\t\t\t\t\t\t\t<div class=\"elementor-swiper-button elementor-swiper-button-prev\">\n\t\t\t\t\t\t\t<i aria-hidden=\"true\" class=\"eicon-chevron-left\"><\/i>\t\t\t\t\t\t\t<span class=\"elementor-screen-only\">Previous<\/span>\n\t\t\t\t\t\t<\/div>\n\t\t\t\t\t\t<div class=\"elementor-swiper-button elementor-swiper-button-next\">\n\t\t\t\t\t\t\t<i aria-hidden=\"true\" class=\"eicon-chevron-right\"><\/i>\t\t\t\t\t\t\t<span class=\"elementor-screen-only\">Next<\/span>\n\t\t\t\t\t\t<\/div>\n\t\t\t\t\t\t\t\t\t\t\t\t<\/div>\n\t\t<\/div>\n\t\t\t\t<\/div>\n\t\t\t\t<\/div>\n\t\t\t\t\t<\/div>\n\t\t<\/div>\n\t\t\t\t\t\t\t<\/div>\n\t\t<\/section>\n\t\t\t\t<section class=\"elementor-section elementor-top-section elementor-element elementor-element-c09de61 elementor-section-boxed elementor-section-height-default elementor-section-height-default\" data-id=\"c09de61\" data-element_type=\"section\">\n\t\t\t\t\t\t<div class=\"elementor-container elementor-column-gap-default\">\n\t\t\t\t\t<div class=\"elementor-column elementor-col-100 elementor-top-column elementor-element elementor-element-dfe7ffa\" data-id=\"dfe7ffa\" data-element_type=\"column\">\n\t\t\t<div class=\"elementor-widget-wrap elementor-element-populated\">\n\t\t\t\t\t\t\t\t<div class=\"elementor-element elementor-element-9b6d0ac elementor-widget elementor-widget-heading\" data-id=\"9b6d0ac\" data-element_type=\"widget\" data-widget_type=\"heading.default\">\n\t\t\t\t<div class=\"elementor-widget-container\">\n\t\t\t<h2 class=\"elementor-heading-title elementor-size-default\">C\u1ea9m nang c\u01a1 b\u1ea3n<\/h2>\t\t<\/div>\n\t\t\t\t<\/div>\n\t\t\t\t<section class=\"elementor-section elementor-inner-section elementor-element elementor-element-ca1be13 elementor-section-boxed elementor-section-height-default elementor-section-height-default\" data-id=\"ca1be13\" data-element_type=\"section\">\n\t\t\t\t\t\t<div class=\"elementor-container elementor-column-gap-default\">\n\t\t\t\t\t<div class=\"elementor-column elementor-col-50 elementor-inner-column elementor-element elementor-element-d0212f9\" data-id=\"d0212f9\" data-element_type=\"column\">\n\t\t\t<div class=\"elementor-widget-wrap elementor-element-populated\">\n\t\t\t\t\t\t\t\t<div class=\"elementor-element elementor-element-c98fec4 elementor-widget elementor-widget-text-editor\" data-id=\"c98fec4\" data-element_type=\"widget\" data-widget_type=\"text-editor.default\">\n\t\t\t\t<div class=\"elementor-widget-container\">\n\t\t\t\t\t\t\t<h5>C\u1ea9m nang c\u01a1 b\u1ea3n<\/h5><ul class=\"uk-nav uk-nav-default doc-nav\"><li class=\"\">Chuy\u1ec3n \u0111\u1ed5i s\u1ed1 l\u00e0 g\u00ec?<\/li><li class=\"\">Chuy\u1ec3n \u0111\u1ed5i s\u1ed1 v\u00ec sao l\u1ea1i c\u1ea7n?<\/li><li class=\"\">Chuy\u1ec3n \u0111\u1ed5i s\u1ed1 l\u00e0 vi\u1ec7c c\u1ee7a ai?<\/li><li class=\"\">Chuy\u1ec3n \u0111\u1ed5i s\u1ed1 khi n\u00e0o?<\/li><li class=\"\">Chuy\u1ec3n \u0111\u1ed5i s\u1ed1 nh\u1eefng g\u00ec?<\/li><li class=\"\">Chuy\u1ec3n \u0111\u1ed5i s\u1ed1 nh\u01b0 th\u1ebf n\u00e0o?<\/li><li class=\"\">Chuy\u1ec3n \u0111\u1ed5i s\u1ed1 t\u1ed1n bao nhi\u00eau ti\u1ec1n?<\/li><\/ul>\t\t\t\t\t\t<\/div>\n\t\t\t\t<\/div>\n\t\t\t\t\t<\/div>\n\t\t<\/div>\n\t\t\t\t<div class=\"elementor-column elementor-col-50 elementor-inner-column elementor-element elementor-element-fd6aaf4\" data-id=\"fd6aaf4\" data-element_type=\"column\">\n\t\t\t<div class=\"elementor-widget-wrap elementor-element-populated\">\n\t\t\t\t\t\t\t\t<div class=\"elementor-element elementor-element-0ad1f85 elementor-widget elementor-widget-text-editor\" data-id=\"0ad1f85\" data-element_type=\"widget\" data-widget_type=\"text-editor.default\">\n\t\t\t\t<div class=\"elementor-widget-container\">\n\t\t\t\t\t\t\t<h1 class=\"uk-article-title\">Chuy\u1ec3n \u0111\u1ed5i s\u1ed1 l\u00e0 g\u00ec?<\/h1><p class=\"uk-text-lead uk-text-muted\">Chuy\u1ec3n \u0111\u1ed5i s\u1ed1 l\u00e0 qu\u00e1 tr\u00ecnh thay \u0111\u1ed5i t\u1ed5ng th\u1ec3 v\u00e0 to\u00e0n di\u1ec7n c\u1ee7a c\u00e1 nh\u00e2n, t\u1ed5 ch\u1ee9c v\u1ec1 c\u00e1ch s\u1ed1ng, c\u00e1ch l\u00e0m vi\u1ec7c v\u00e0 ph\u01b0\u01a1ng th\u1ee9c s\u1ea3n xu\u1ea5t d\u1ef1a tr\u00ean c\u00e1c c\u00f4ng ngh\u1ec7 s\u1ed1.<\/p>\t\t\t\t\t\t<\/div>\n\t\t\t\t<\/div>\n\t\t\t\t<div class=\"elementor-element elementor-element-bbf22cf elementor-widget elementor-widget-text-editor\" data-id=\"bbf22cf\" data-element_type=\"widget\" data-widget_type=\"text-editor.default\">\n\t\t\t\t<div class=\"elementor-widget-container\">\n\t\t\t\t\t\t\t<h1 class=\"uk-article-title\">Chuy\u1ec3n \u0111\u1ed5i s\u1ed1 v\u00ec sao l\u1ea1i c\u1ea7n?<\/h1><p class=\"uk-text-lead uk-text-muted\">Chuy\u1ec3n \u0111\u1ed5i s\u1ed1 kh\u00f4ng ch\u1ec9 gi\u00fap t\u0103ng n\u0103ng su\u1ea5t, gi\u1ea3m chi ph\u00ed m\u00e0 c\u00f2n m\u1edf ra kh\u00f4ng gian ph\u00e1t tri\u1ec3n m\u1edbi, t\u1ea1o ra c\u00e1c gi\u00e1 tr\u1ecb m\u1edbi ngo\u00e0i c\u00e1c gi\u00e1 tr\u1ecb truy\u1ec1n th\u1ed1ng v\u1ed1n c\u00f3.<\/p>\t\t\t\t\t\t<\/div>\n\t\t\t\t<\/div>\n\t\t\t\t<div class=\"elementor-element elementor-element-0ba2e17 elementor-widget elementor-widget-text-editor\" data-id=\"0ba2e17\" data-element_type=\"widget\" data-widget_type=\"text-editor.default\">\n\t\t\t\t<div class=\"elementor-widget-container\">\n\t\t\t\t\t\t\t<h1 class=\"uk-article-title\">Chuy\u1ec3n \u0111\u1ed5i s\u1ed1 l\u00e0 vi\u1ec7c c\u1ee7a ai?<\/h1><p class=\"uk-text-lead uk-text-muted\">Chuy\u1ec3n \u0111\u1ed5i s\u1ed1 l\u00e0 qu\u00e1 tr\u00ecnh thay \u0111\u1ed5i t\u1ed5ng th\u1ec3 v\u00e0 to\u00e0n di\u1ec7n. V\u1edbi m\u1ed9t t\u1ed5 ch\u1ee9c, v\u00ec l\u00e0 s\u1ef1 thay \u0111\u1ed5i, n\u00ean tr\u01b0\u1edbc ti\u00ean \u0111\u00f3 l\u00e0 vi\u1ec7c c\u1ee7a l\u00e3nh \u0111\u1ea1o, c\u1ee7a ng\u01b0\u1eddi \u0111\u1ee9ng \u0111\u1ea7u, v\u00ec n\u1ebfu kh\u00f4ng th\u00ec kh\u00f4ng ai d\u00e1m l\u00e0m v\u00e0 c\u00f3 th\u1ec3 l\u00e0m. V\u00ec l\u00e0 t\u1ed5ng th\u1ec3 v\u00e0 to\u00e0n di\u1ec7n n\u00ean \u0111\u00f3 l\u00e0 vi\u1ec7c c\u1ee7a t\u1ea5t c\u1ea3 m\u1ecdi th\u00e0nh vi\u00ean trong t\u1ed5 ch\u1ee9c.<\/p>\t\t\t\t\t\t<\/div>\n\t\t\t\t<\/div>\n\t\t\t\t<div class=\"elementor-element elementor-element-b9d8161 elementor-widget elementor-widget-text-editor\" data-id=\"b9d8161\" data-element_type=\"widget\" data-widget_type=\"text-editor.default\">\n\t\t\t\t<div class=\"elementor-widget-container\">\n\t\t\t\t\t\t\t<h1 class=\"uk-article-title\">Chuy\u1ec3n \u0111\u1ed5i s\u1ed1 khi n\u00e0o?<\/h1><p class=\"uk-text-lead uk-text-muted\">Chuy\u1ec3n \u0111\u1ed5i s\u1ed1 l\u00e0 qu\u00e1 tr\u00ecnh kh\u00e1ch quan, mu\u1ed1n hay kh\u00f4ng th\u00ec chuy\u1ec3n \u0111\u1ed5i s\u1ed1 v\u1eabn x\u1ea3y ra v\u00e0 \u0111ang di\u1ec5n ra. M\u1ed7i c\u00e1 nh\u00e2n, t\u1ed5 ch\u1ee9c c\u00f3 th\u1ec3 tham gia ho\u1eb7c \u0111\u1ee9ng ngo\u00e0i qu\u00e1 tr\u00ecnh \u0111\u00f3. N\u1ebfu \u0111\u1ee9ng ngo\u00e0i, s\u1ebd c\u00f3 kho\u1ea3ng c\u00e1ch l\u1edbn gi\u1eefa c\u00e1c t\u1ed5 ch\u1ee9c, doanh nghi\u1ec7p, l\u0129nh v\u1ef1c \u0111\u00e3 th\u1ef1c hi\u1ec7n v\u00e0 ch\u01b0a th\u1ef1c hi\u1ec7n chuy\u1ec3n \u0111\u1ed5i s\u1ed1 v\u00e0 kho\u1ea3ng c\u00e1ch \u0111\u00f3 s\u1ebd d\u1ea7n \u0111\u01b0\u1ee3c n\u1edbi r\u1ed9ng theo c\u1ea5p s\u1ed1 nh\u00e2n.<\/p>\t\t\t\t\t\t<\/div>\n\t\t\t\t<\/div>\n\t\t\t\t<div class=\"elementor-element elementor-element-22e25f2 elementor-widget elementor-widget-text-editor\" data-id=\"22e25f2\" data-element_type=\"widget\" data-widget_type=\"text-editor.default\">\n\t\t\t\t<div class=\"elementor-widget-container\">\n\t\t\t\t\t\t\t<h1 class=\"uk-article-title\">Chuy\u1ec3n \u0111\u1ed5i s\u1ed1 nh\u1eefng g\u00ec?<\/h1><p class=\"uk-text-lead uk-text-muted\">Chuy\u1ec3n \u0111\u1ed5i s\u1ed1 l\u00e0 qu\u00e1 tr\u00ecnh thay \u0111\u1ed5i t\u1ed5ng th\u1ec3 v\u00e0 to\u00e0n di\u1ec7n. Chuy\u1ec3n \u0111\u1ed5i s\u1ed1 ch\u1ec9 th\u00e0nh c\u00f4ng khi tr\u1edf th\u00e0nh chi\u1ebfn l\u01b0\u1ee3c c\u1ed1t l\u00f5i, thay v\u00ec l\u00e0 n\u1ed7 l\u1ef1c ri\u00eang bi\u1ec7t, chuy\u1ec3n \u0111\u1ed5i s\u1ed1 ph\u1ea3i bao tr\u00f9m l\u00ean m\u1ecdi ho\u1ea1t \u0111\u1ed9ng, m\u1ecdi b\u01b0\u1edbc \u0111i c\u1ee7a t\u1ed5 ch\u1ee9c.<\/p>\t\t\t\t\t\t<\/div>\n\t\t\t\t<\/div>\n\t\t\t\t<div class=\"elementor-element elementor-element-bd55144 elementor-widget elementor-widget-text-editor\" data-id=\"bd55144\" data-element_type=\"widget\" data-widget_type=\"text-editor.default\">\n\t\t\t\t<div class=\"elementor-widget-container\">\n\t\t\t\t\t\t\t<h1 class=\"uk-article-title\">Chuy\u1ec3n \u0111\u1ed5i s\u1ed1 nh\u01b0 th\u1ebf n\u00e0o?<\/h1><p class=\"uk-text-lead uk-text-muted\">Chuy\u1ec3n \u0111\u1ed5i s\u1ed1 l\u00e0 m\u1ed9t qu\u00e1 tr\u00ecnh \u0111a d\u1ea1ng, kh\u00f4ng c\u00f3 con \u0111\u01b0\u1eddng v\u00e0 h\u00ecnh m\u1eabu chung cho t\u1ea5t c\u1ea3, v\u00e0 do v\u1eady, t\u1eebng t\u1ed5 ch\u1ee9c, t\u1eebng c\u00e1 nh\u00e2n c\u1ea7n x\u00e1c \u0111\u1ecbnh l\u1ed9 tr\u00ecnh ri\u00eang, th\u00edch h\u1ee3p v\u1edbi m\u00ecnh.<\/p>\t\t\t\t\t\t<\/div>\n\t\t\t\t<\/div>\n\t\t\t\t<div class=\"elementor-element elementor-element-6f5c61e elementor-widget elementor-widget-text-editor\" data-id=\"6f5c61e\" data-element_type=\"widget\" data-widget_type=\"text-editor.default\">\n\t\t\t\t<div class=\"elementor-widget-container\">\n\t\t\t\t\t\t\t<h1 class=\"uk-article-title\">Chuy\u1ec3n \u0111\u1ed5i s\u1ed1 t\u1ed1n bao nhi\u00eau ti\u1ec1n?<\/h1><p class=\"uk-text-lead uk-text-muted\">Chuy\u1ec3n \u0111\u1ed5i s\u1ed1 kh\u00f4ng ph\u1ea3i l\u00e0 m\u1ed9t kho\u1ea3n chi ph\u00ed, m\u00e0 chuy\u1ec3n \u0111\u1ed5i s\u1ed1 l\u00e0 gi\u1ea3i ph\u00e1p \u0111\u1ec3 t\u1ed1i \u01b0u h\u00f3a chi ph\u00ed v\u00e0 t\u1ea1o ra nh\u1eefng gi\u00e1 tr\u1ecb m\u1edbi. Chuy\u1ec3n \u0111\u1ed5i s\u1ed1 kh\u00f4ng ph\u1ea3i l\u00e0 mua s\u1eafm c\u00f4ng ngh\u1ec7 s\u1ed1 m\u1edbi nh\u1ea5t, hi\u1ec7n \u0111\u1ea1i nh\u1ea5t.<\/p>\t\t\t\t\t\t<\/div>\n\t\t\t\t<\/div>\n\t\t\t\t\t<\/div>\n\t\t<\/div>\n\t\t\t\t\t\t\t<\/div>\n\t\t<\/section>\n\t\t\t\t\t<\/div>\n\t\t<\/div>\n\t\t\t\t\t\t\t<\/div>\n\t\t<\/section>\n\t\t\t\t<section class=\"elementor-section elementor-top-section elementor-element elementor-element-49d9ac5 elementor-section-boxed elementor-section-height-default elementor-section-height-default\" data-id=\"49d9ac5\" data-element_type=\"section\">\n\t\t\t\t\t\t<div class=\"elementor-container elementor-column-gap-default\">\n\t\t\t\t\t<div class=\"elementor-column elementor-col-100 elementor-top-column elementor-element elementor-element-a9e962f\" data-id=\"a9e962f\" data-element_type=\"column\">\n\t\t\t<div class=\"elementor-widget-wrap elementor-element-populated\">\n\t\t\t\t\t\t\t\t<div class=\"elementor-element elementor-element-9288fc4 elementor-widget elementor-widget-heading\" data-id=\"9288fc4\" data-element_type=\"widget\" data-widget_type=\"heading.default\">\n\t\t\t\t<div class=\"elementor-widget-container\">\n\t\t\t<h2 class=\"elementor-heading-title elementor-size-default\">C\u1ea9m nang cho doanh nghi\u1ec7p<\/h2>\t\t<\/div>\n\t\t\t\t<\/div>\n\t\t\t\t<section class=\"elementor-section elementor-inner-section elementor-element elementor-element-678a6b9 elementor-section-boxed elementor-section-height-default elementor-section-height-default\" data-id=\"678a6b9\" data-element_type=\"section\">\n\t\t\t\t\t\t<div class=\"elementor-container elementor-column-gap-default\">\n\t\t\t\t\t<div class=\"elementor-column elementor-col-50 elementor-inner-column elementor-element elementor-element-5ffc2d4\" data-id=\"5ffc2d4\" data-element_type=\"column\">\n\t\t\t<div class=\"elementor-widget-wrap elementor-element-populated\">\n\t\t\t\t\t\t\t\t<div class=\"elementor-element elementor-element-05e7130 elementor-widget elementor-widget-text-editor\" data-id=\"05e7130\" data-element_type=\"widget\" data-widget_type=\"text-editor.default\">\n\t\t\t\t<div class=\"elementor-widget-container\">\n\t\t\t\t\t\t\t<h5>C\u1ea9m nang cho doanh nghi\u1ec7p<\/h5><ul class=\"uk-nav uk-nav-default doc-nav\"><li class=\"\">Chuy\u1ec3n \u0111\u1ed5i s\u1ed1 doanh nghi\u1ec7p l\u00e0 g\u00ec?<\/li><li class=\"\">T\u01b0 duy kinh doanh \u0111\u00e3 thay \u0111\u1ed5i nh\u01b0 th\u1ebf n\u00e0o?<\/li><li class=\"\">K\u00eanh ph\u00e2n ph\u1ed1i \u0111\u00e3 thay \u0111\u1ed5i nh\u01b0 th\u1ebf n\u00e0o?<\/li><li class=\"\">Kh\u00e1ch h\u00e0ng \u0111\u00e3 thay \u0111\u1ed5i nh\u01b0 th\u1ebf n\u00e0o?<\/li><li class=\"\">Qu\u1ea3n tr\u1ecb n\u1ed9i b\u1ed9 \u0111\u00e3 thay \u0111\u1ed5i nh\u01b0 th\u1ebf n\u00e0o?<\/li><\/ul>\t\t\t\t\t\t<\/div>\n\t\t\t\t<\/div>\n\t\t\t\t\t<\/div>\n\t\t<\/div>\n\t\t\t\t<div class=\"elementor-column elementor-col-50 elementor-inner-column elementor-element elementor-element-a41acac\" data-id=\"a41acac\" data-element_type=\"column\">\n\t\t\t<div class=\"elementor-widget-wrap elementor-element-populated\">\n\t\t\t\t\t\t\t\t<div class=\"elementor-element elementor-element-22fef96 elementor-widget elementor-widget-text-editor\" data-id=\"22fef96\" data-element_type=\"widget\" data-widget_type=\"text-editor.default\">\n\t\t\t\t<div class=\"elementor-widget-container\">\n\t\t\t\t\t\t\t<h1 class=\"uk-article-title\">Chuy\u1ec3n \u0111\u1ed5i s\u1ed1 doanh nghi\u1ec7p l\u00e0 g\u00ec?<\/h1><p class=\"uk-text-lead uk-text-muted\">Chuy\u1ec3n \u0111\u1ed5i s\u1ed1 mang l\u1ea1i thay \u0111\u1ed5i l\u1edbn, l\u00e0m gi\u00e1n \u0111o\u1ea1n to\u00e0n b\u1ed9 nhi\u1ec1u ng\u00e0nh c\u00f4ng nghi\u1ec7p, \u0111\u1ed3ng th\u1eddi, l\u1ea1i t\u1ea1o ra s\u1ef1 s\u00e1ng t\u1ea1o ph\u00e1 h\u1ee7y gi\u00fap m\u1ed9t s\u1ed1 doanh nghi\u1ec7p t\u0103ng tr\u01b0\u1edfng v\u00e0 ph\u00e1t tri\u1ec3n k\u1ef7 l\u1ee5c. Nhi\u1ec1u t\u1eadp \u0111o\u00e0n l\u1edbn, l\u00e2u \u0111\u1eddi ch\u1eadt v\u1eadt trong khi c\u00e1c doanh nghi\u1ec7p m\u1edbi, nh\u1ecf v\u00e0 linh ho\u1ea1t h\u01a1n nh\u1edd \u00e1p d\u1ee5ng nh\u1eefng m\u00f4 h\u00ecnh kinh doanh m\u1edbi. Nh\u01b0ng c\u01a1 h\u1ed9i v\u1eabn d\u00e0nh cho t\u1ea5t c\u1ea3. Chuy\u1ec3n \u0111\u1ed5i s\u1ed1 doanh nghi\u1ec7p c\u00f3 th\u1ec3 th\u1ef1c hi\u1ec7n th\u00f4ng qua vi\u1ec7c t\u01b0 duy l\u1ea1i h\u01b0\u1edbng kinh doanh, \u0111\u00e1nh gi\u00e1 l\u1ea1i chu\u1ed7i gi\u00e1 tr\u1ecb, k\u1ebft n\u1ed1i l\u1ea1i v\u1edbi kh\u00e1ch h\u00e0ng v\u00e0 c\u1ea5u tr\u00fac l\u1ea1i doanh nghi\u1ec7p.<\/p>\t\t\t\t\t\t<\/div>\n\t\t\t\t<\/div>\n\t\t\t\t<div class=\"elementor-element elementor-element-81d3b34 elementor-widget elementor-widget-text-editor\" data-id=\"81d3b34\" data-element_type=\"widget\" data-widget_type=\"text-editor.default\">\n\t\t\t\t<div class=\"elementor-widget-container\">\n\t\t\t\t\t\t\t<h1 class=\"uk-article-title\">T\u01b0 duy kinh doanh \u0111\u00e3 thay \u0111\u1ed5i nh\u01b0 th\u1ebf n\u00e0o?<\/h1><p class=\"uk-text-lead uk-text-muted\">S\u1ef1 ph\u00e1t tri\u1ec3n ch\u00f3ng m\u1eb7t c\u1ee7a c\u00f4ng ngh\u1ec7 s\u1ed1 v\u00e0 d\u1eef li\u1ec7u \u0111\u00e3 x\u00f3a m\u1edd ranh gi\u1edbi c\u1ee7a c\u00e1c l\u0129nh v\u1ef1c kinh doanh. Grab l\u00e0 doanh nghi\u1ec7p c\u00f4ng ngh\u1ec7, nh\u01b0ng c\u00f3 ho\u1ea1t \u0111\u1ed9ng trong l\u0129nh v\u1ef1c v\u1eadn t\u1ea3i, logistics, th\u01b0\u01a1ng m\u1ea1i \u0111i\u1ec7n t\u1eed&#8230; Th\u00f4ng qua n\u1ec1n t\u1ea3ng s\u1ed1 v\u1edbi l\u01b0\u1ee3ng ng\u01b0\u1eddi d\u00f9ng l\u1edbn, Grab c\u00f3 th\u1ec3 nhanh ch\u00f3ng tham gia th\u1ecb tr\u01b0\u1eddng c\u1ee7a c\u00e1c l\u0129nh v\u1ef1c kh\u00e1c, thay \u0111\u1ed5i c\u01a1 b\u1ea3n chu\u1ed7i gi\u00e1 tr\u1ecb c\u1ee7a ng\u00e0nh, l\u0129nh v\u1ef1c \u0111\u00f3. R\u1ea5t kh\u00f3 c\u00f3 th\u1ec3 \u0111\u01b0a ra \u0111\u1ecbnh ngh\u0129a ch\u00ednh x\u00e1c Grab l\u00e0 doanh nghi\u1ec7p ho\u1ea1t \u0111\u1ed9ng trong l\u0129nh v\u1ef1c n\u00e0o. Ho\u1ea1t \u0111\u1ed9ng kinh doanh hi\u1ec7n nay xoay quanh kh\u00e1ch h\u00e0ng ch\u1ee9 kh\u00f4ng ph\u1ea3i xoay quanh s\u1ea3n ph\u1ea9m hay \u0111\u1ed1i th\u1ee7 c\u1ea1nh tranh n\u1eefa. Gi\u00e1 r\u1ebb kh\u00f4ng c\u00f2n l\u00e0 l\u1ee3i th\u1ebf c\u1ea1nh tranh m\u00e0 thay v\u00e0o \u0111\u00f3 l\u00e0 s\u1ef1 hi\u1ec3u s\u00e2u v\u1ec1 kh\u00e1ch h\u00e0ng th\u00f4ng qua ph\u00e2n t\u00edch d\u1eef li\u1ec7u v\u00e0 n\u0103ng l\u1ef1c h\u1ea1 t\u1ea7ng t\u00ednh to\u00e1n.<\/p>\t\t\t\t\t\t<\/div>\n\t\t\t\t<\/div>\n\t\t\t\t<div class=\"elementor-element elementor-element-cf4c5ed elementor-widget elementor-widget-text-editor\" data-id=\"cf4c5ed\" data-element_type=\"widget\" data-widget_type=\"text-editor.default\">\n\t\t\t\t<div class=\"elementor-widget-container\">\n\t\t\t\t\t\t\t<h1 class=\"uk-article-title\">K\u00eanh ph\u00e2n ph\u1ed1i \u0111\u00e3 thay \u0111\u1ed5i nh\u01b0 th\u1ebf n\u00e0o?<\/h1><p class=\"uk-text-lead uk-text-muted\">K\u1ef7 nguy\u00ean s\u1ed1 \u0111\u00e3 chuy\u1ec3n th\u1ebf gi\u1edbi t\u1eeb \u201c\u0111i mua h\u00e0ng\u201d sang \u201cclick, ch\u1ea1m \u0111\u1ec3 mua h\u00e0ng\u201d. Ng\u00e2n h\u00e0ng s\u1ed1 s\u1ebd l\u1ea5y \u0111i kh\u00e1ch h\u00e0ng c\u1ee7a c\u00e1c ph\u00f2ng giao d\u1ecbch. S\u00e0n th\u01b0\u01a1ng m\u1ea1i \u0111i\u1ec7n t\u1eed s\u1ebd l\u1ea5y \u0111i kh\u00e1ch h\u00e0ng c\u1ee7a c\u00e1c c\u1eeda h\u00e0ng truy\u1ec1n th\u1ed1ng. C\u00e1c doanh nghi\u1ec7p s\u1ebd ph\u1ea3i t\u00ecm m\u1ed9t chi\u1ebfn l\u01b0\u1ee3c \u0111a k\u00eanh ph\u00e2n ph\u1ed1i hi\u1ec7u qu\u1ea3. Ai c\u0169ng bi\u1ebft r\u1eb1ng kh\u00f4ng \u0111\u01b0\u1ee3c ph\u00e9p l\u1ef1a ch\u1ecdn gi\u1eefa c\u1eeda h\u00e0ng truy\u1ec1n th\u1ed1ng v\u00e0 c\u1eeda h\u00e0ng tr\u1ef1c tuy\u1ebfn, m\u00e0 ph\u1ea3i c\u00f3 c\u1ea3 hai. Quan tr\u1ecdng nh\u1ea5t trong vi\u1ec7c qu\u1ea3n l\u00fd s\u1ef1 thay \u0111\u1ed5i n\u00e0y l\u00e0 coi c\u00e1c k\u00eanh kh\u00e1c nhau l\u00e0 b\u1ed5 sung, ch\u1ee9 kh\u00f4ng ph\u1ea3i thay th\u1ebf cho nhau. M\u1ed7i k\u00eanh \u0111\u1ec1u ph\u00f9 h\u1ee3p h\u01a1n cho nh\u1eefng s\u1ea3n ph\u1ea9m nh\u1ea5t \u0111\u1ecbnh, cho nh\u1eefng nh\u00f3m kh\u00e1ch h\u00e0ng nh\u1ea5t \u0111\u1ecbnh, ho\u1eb7c cho c\u00e1ch th\u1ee9c ch\u1ecdn l\u1ef1a, mua s\u1eafm nh\u1ea5t \u0111\u1ecbnh. M\u1ed7i doanh nghi\u1ec7p c\u1ea7n d\u1ef1a v\u00e0o \u0111\u1eb7c \u0111i\u1ec3m ri\u00eang c\u1ee7a m\u00ecnh \u0111\u1ec3 t\u00ecm ra nh\u1eefng \u0111i\u1ec3m b\u1ed5 sung v\u00e0 x\u00e2y d\u1ef1ng xung quanh ch\u00fang.<\/p>\t\t\t\t\t\t<\/div>\n\t\t\t\t<\/div>\n\t\t\t\t<div class=\"elementor-element elementor-element-09ad348 elementor-widget elementor-widget-text-editor\" data-id=\"09ad348\" data-element_type=\"widget\" data-widget_type=\"text-editor.default\">\n\t\t\t\t<div class=\"elementor-widget-container\">\n\t\t\t\t\t\t\t<h1 class=\"uk-article-title\">Kh\u00e1ch h\u00e0ng \u0111\u00e3 thay \u0111\u1ed5i nh\u01b0 th\u1ebf n\u00e0o?<\/h1><p class=\"uk-text-lead uk-text-muted\">T\u0103ng tr\u01b0\u1edfng l\u00e0 \u01b0u ti\u00ean quan tr\u1ecdng trong m\u1ecdi doanh nghi\u1ec7p. T\u00ecm ki\u1ebfm th\u00eam kh\u00e1ch h\u00e0ng m\u1edbi l\u00e0 m\u1ed9t trong nh\u1eefng h\u01b0\u1edbng t\u0103ng tr\u01b0\u1edfng ch\u00ednh. \u0110i\u1ec1u n\u00e0y c\u00f3 th\u1ec3 \u0111\u1ea1t \u0111\u01b0\u1ee3c th\u00f4ng qua vi\u1ec7c hi\u1ec3u bi\u1ebft s\u00e2u s\u1eafc v\u1ec1 nh\u1eefng giai \u0111o\u1ea1n quy\u1ebft \u0111\u1ecbnh trong mua s\u1eafm c\u1ee7a kh\u00e1ch h\u00e0ng. Trong k\u1ef7 nguy\u00ean s\u1ed1, doanh nghi\u1ec7p \u0111ang chuy\u1ec3n sang m\u1ed9t th\u1ebf gi\u1edbi \u0111\u01b0\u1ee3c m\u00f4 t\u1ea3 kh\u00f4ng ch\u1ec9 b\u1edfi th\u1ecb tr\u01b0\u1eddng \u0111\u1ea1i ch\u00fang m\u00e0 c\u00f2n b\u1edfi m\u1ea1ng l\u01b0\u1edbi kh\u00e1ch h\u00e0ng. Trong m\u00f4 h\u00ecnh n\u00e0y, kh\u00e1ch h\u00e0ng ng\u00e0y nay li\u00ean t\u1ee5c k\u1ebft n\u1ed1i v\u1edbi nhau v\u00e0 g\u00e2y \u1ea3nh h\u01b0\u1edfng l\u00ean nhau v\u00e0 \u0111\u1ecbnh h\u00ecnh uy t\u00edn c\u1ee7a doanh nghi\u1ec7p c\u0169ng nh\u01b0 c\u00e1c th\u01b0\u01a1ng hi\u1ec7u. Vi\u1ec7c s\u1eed d\u1ee5ng c\u00e1c c\u00f4ng c\u1ee5, c\u00e1c n\u1ec1n t\u1ea3ng s\u1ed1 \u0111ang thay \u0111\u1ed5i c\u00e1ch h\u1ecd kh\u00e1m ph\u00e1, \u0111\u00e1nh gi\u00e1, mua v\u00e0 s\u1eed d\u1ee5ng c\u00e1c s\u1ea3n ph\u1ea9m c\u0169ng nh\u01b0 c\u00e1ch h\u1ecd chia s\u1ebb, t\u01b0\u01a1ng t\u00e1c v\u00e0 duy tr\u00ec k\u1ebft n\u1ed1i v\u1edbi c\u00e1c th\u01b0\u01a1ng hi\u1ec7u.<\/p>\t\t\t\t\t\t<\/div>\n\t\t\t\t<\/div>\n\t\t\t\t<div class=\"elementor-element elementor-element-02f21d8 elementor-widget elementor-widget-text-editor\" data-id=\"02f21d8\" data-element_type=\"widget\" data-widget_type=\"text-editor.default\">\n\t\t\t\t<div class=\"elementor-widget-container\">\n\t\t\t\t\t\t\t<h1 class=\"uk-article-title\">Qu\u1ea3n tr\u1ecb n\u1ed9i b\u1ed9 \u0111\u00e3 thay \u0111\u1ed5i nh\u01b0 th\u1ebf n\u00e0o?<\/h1><p class=\"uk-text-lead uk-text-muted\">\u0110\u01b0a doanh nghi\u1ec7p qua ch\u1eb7ng \u0111\u01b0\u1eddng chuy\u1ec3n \u0111\u1ed5i s\u1ed1 kh\u00f4ng ph\u1ea3i l\u00e0 vi\u1ec7c d\u1ec5 d\u00e0ng. Khi v\u1eeba ph\u1ea3i c\u1ee7ng c\u1ed1 th\u1ebf m\u1ea1nh hi\u1ec7n t\u1ea1i, v\u1eeba x\u00e2y d\u1ef1ng cho t\u01b0\u01a1ng lai, ngh\u0129a l\u00e0 ng\u01b0\u1eddi l\u00e3nh \u0111\u1ea1o ph\u1ea3i qu\u1ea3n l\u00fd \u0111\u1ed3ng th\u1eddi hai doanh nghi\u1ec7p. Doanh thu v\u00e0 l\u1ee3i nhu\u1eadn trong giai \u0111o\u1ea1n chuy\u1ec3n \u0111\u1ed5i c\u00f3 th\u1ec3 s\u1ebd gi\u1ea3m, tr\u01b0\u1edbc khi c\u00f3 th\u1ec3 t\u0103ng l\u00ean. Kh\u00f4ng gi\u1ed1ng c\u00e1c c\u00f4ng ty kh\u1edfi nghi\u1ec7p, c\u00e1c c\u00f4ng ty l\u00e2u \u0111\u1eddi c\u00f3 nhi\u1ec1u t\u00e0i s\u1ea3n c\u1ed1 \u0111\u1ecbnh m\u00e0 h\u1ecd kh\u00f4ng th\u1ec3 b\u1ecf v\u00e0 nhi\u1ec1u c\u1ed5 \u0111\u00f4ng lu\u00f4n \u0111\u00f2i h\u1ecfi l\u1ee3i nhu\u1eadn.<\/p>\t\t\t\t\t\t<\/div>\n\t\t\t\t<\/div>\n\t\t\t\t\t<\/div>\n\t\t<\/div>\n\t\t\t\t\t\t\t<\/div>\n\t\t<\/section>\n\t\t\t\t\t<\/div>\n\t\t<\/div>\n\t\t\t\t\t\t\t<\/div>\n\t\t<\/section>\n\t\t\t\t\t\t<\/div>\n\t\t\t\t\t<\/div>\n\t\t","protected":false},"excerpt":{"rendered":"<p class=\"tx-excerpt\">C\u1ea9m nang c\u01a1 b\u1ea3nChuy\u1ec3n \u0111\u1ed5i s\u1ed1 l\u00e0 qu\u00e1 tr\u00ecnh thay \u0111\u1ed5i t\u1ed5ng th\u1ec3 v\u00e0 to\u00e0n di\u1ec7n c\u1ee7a c\u00e1 nh\u00e2n, t\u1ed5 ch\u1ee9c v\u1ec1 c\u00e1ch s\u1ed1ng, c\u00e1ch l\u00e0m vi\u1ec7c v\u00e0 ph\u01b0\u01a1ng th\u1ee9c s\u1ea3n xu\u1ea5t d\u1ef1a","protected":false},"author":1,"featured_media":0,"parent":0,"menu_order":0,"comment_status":"closed","ping_status":"closed","template":"","meta":{"footnotes":""},"class_list":["post-683","page","type-page","status-publish","hentry"],"jetpack_sharing_enabled":true,"_links":{"self":[{"href":"https:\/\/dt-corp.com.vn\/index.php?rest_route=\/wp\/v2\/pages\/683","targetHints":{"allow":["GET"]}}],"collection":[{"href":"https:\/\/dt-corp.com.vn\/index.php?rest_route=\/wp\/v2\/pages"}],"about":[{"href":"https:\/\/dt-corp.com.vn\/index.php?rest_route=\/wp\/v2\/types\/page"}],"author":[{"embeddable":true,"href":"https:\/\/dt-corp.com.vn\/index.php?rest_route=\/wp\/v2\/users\/1"}],"replies":[{"embeddable":true,"href":"https:\/\/dt-corp.com.vn\/index.php?rest_route=%2Fwp%2Fv2%2Fcomments&post=683"}],"version-history":[{"count":13,"href":"https:\/\/dt-corp.com.vn\/index.php?rest_route=\/wp\/v2\/pages\/683\/revisions"}],"predecessor-version":[{"id":844,"href":"https:\/\/dt-corp.com.vn\/index.php?rest_route=\/wp\/v2\/pages\/683\/revisions\/844"}],"wp:attachment":[{"href":"https:\/\/dt-corp.com.vn\/index.php?rest_route=%2Fwp%2Fv2%2Fmedia&parent=683"}],"curies":[{"name":"wp","href":"https:\/\/api.w.org\/{rel}","templated":true}]}}