{"id":684,"date":"2022-03-21T16:47:21","date_gmt":"2022-03-21T09:47:21","guid":{"rendered":"https:\/\/dt-corp.com.vn\/?page_id=684"},"modified":"2022-04-09T11:53:42","modified_gmt":"2022-04-09T04:53:42","slug":"trien-khai","status":"publish","type":"page","link":"https:\/\/dt-corp.com.vn\/?page_id=684","title":{"rendered":"Tri\u1ec3n khai"},"content":{"rendered":"\t\t<div data-elementor-type=\"wp-page\" data-elementor-id=\"684\" class=\"elementor elementor-684\" data-elementor-settings=\"[]\">\n\t\t\t\t\t\t\t<div class=\"elementor-section-wrap\">\n\t\t\t\t\t\t\t<section class=\"elementor-section elementor-top-section elementor-element elementor-element-ebe80b4 elementor-section-boxed elementor-section-height-default elementor-section-height-default\" data-id=\"ebe80b4\" data-element_type=\"section\">\n\t\t\t\t\t\t<div class=\"elementor-container elementor-column-gap-default\">\n\t\t\t\t\t<div class=\"elementor-column elementor-col-100 elementor-top-column elementor-element elementor-element-f9daebe\" data-id=\"f9daebe\" data-element_type=\"column\">\n\t\t\t<div class=\"elementor-widget-wrap elementor-element-populated\">\n\t\t\t\t\t\t\t\t<div class=\"elementor-element elementor-element-fc7a87c elementor-widget elementor-widget-heading\" data-id=\"fc7a87c\" data-element_type=\"widget\" data-widget_type=\"heading.default\">\n\t\t\t\t<div class=\"elementor-widget-container\">\n\t\t\t<h2 class=\"elementor-heading-title elementor-size-default\">T\u00cdCH H\u1ee2P H\u1ec6 TH\u1ed0NG<\/h2>\t\t<\/div>\n\t\t\t\t<\/div>\n\t\t\t\t<div class=\"elementor-element elementor-element-cbac1da elementor-widget elementor-widget-text-editor\" data-id=\"cbac1da\" data-element_type=\"widget\" data-widget_type=\"text-editor.default\">\n\t\t\t\t<div class=\"elementor-widget-container\">\n\t\t\t\t\t\t\t<ol><li><strong> XU H\u01af\u1edaNG T\u00cdCH H\u1ee2P H\u1ec6 TH\u1ed0NG HI\u1ec6N NAY\u00a0<\/strong><\/li><\/ol><p>&#8211; Trong th\u1ebf gi\u1edbi s\u1ed1, khi ph\u00e1t tri\u1ec3n v\u01b0\u1ee3t qua nh\u1eefng kh\u00e1i ni\u1ec7m, v\u01b0\u1ee3t qu\u00e1 nh\u1eefng \u0111\u1ecbnh ngh\u0129a th\u00f4ng th\u01b0\u1eddng v\u1ec1 t\u1ed1c \u0111\u1ed9 \u201cph\u00e1t tri\u1ec3n\u201d. Ng\u01b0\u1eddi ta s\u1ebd d\u00f9ng \u201cS\u1ef1 ti\u00ean ti\u1ebfn c\u1ee7a c\u00f4ng ngh\u1ec7\u201d \u0111\u1ec3 mi\u00eau t\u1ea3 ch\u00fang.<\/p><p>&#8211; Trong th\u1ebf gi\u1edbi k\u1ebft n\u1ed1i \u0111a chi\u1ec1u, khi c\u00f4ng ngh\u1ec7 l\u00e0 them ch\u1ed1t v\u00e0 b\u1eaft bu\u1ed9c cho m\u1ecdi n\u1ec1n t\u1ea3ng ph\u00e1t tri\u1ec3n kh\u00e1c, th\u00ec gi\u1ea3i ph\u00e1p \u201cT\u00edch h\u1ee3p h\u1ec7 th\u1ed1ng\u201d l\u00e0 c\u1ee5m t\u1eeb tr\u1edf n\u00ean quen thu\u1ed9c trong m\u1ecdi t\u1ed5 ch\u1ee9c kh\u00f4ng ph\u00e2n bi\u1ec7t quy m\u00f4. Tr\u1edf th\u00e0nh m\u1ed1i tr\u0103n tr\u1edf h\u00e0ng \u0111\u1ea7u cho t\u1ea5t c\u1ea3 doanh nghi\u1ec7p tham v\u1ecdng b\u1eaft k\u1ecbp v\u1edbi nh\u1ecbp ph\u00e1t tri\u1ec3n c\u1ee7a t\u1ed5 ch\u1ee9c m\u00ecnh. Gi\u00fap thi\u1ebft l\u1eadp h\u1ec7 th\u1ed1ng CNTT ho\u00e0n thi\u1ec7n t\u1eeb ph\u1ea7n c\u1ee9ng, ph\u1ea7n m\u1ec1m, gi\u1ea3i ph\u00e1p cho \u0111\u1ebfn d\u1ecbch v\u1ee5 v\u1edbi chi ph\u00ed th\u1ea5p v\u00e0 kh\u1ea3 n\u0103ng thu h\u1ed3i v\u1ed1n cao cho kh\u00e1ch h\u00e0ng.<\/p><p>&#8211; Sao l\u01b0u h\u1ec7 th\u1ed1ng d\u1eef li\u1ec7u \u201cKH\u1ed4NG L\u1ed2\u201d m\u1ed9t c\u00e1ch \u201cAN TO\u00c0N\u201d t\u1eeb \u0111\u00f3 qu\u1ea3n tr\u1ecb t\u00e0i nguy\u00ean m\u1ed9t c\u00e1ch d\u1ec5 d\u00e0ng, hi\u1ec7u qu\u1ea3; C\u00e1c gi\u1ea3i ph\u00e1p ph\u00f2ng\/ch\u1ed1ng r\u1ee7i ro t\u00e0i ch\u00ednh v\u1edbi hi\u1ec7u su\u1ea5t cao; H\u1ec7 th\u1ed1ng an ninh gi\u00fap b\u1ea3o m\u1eadt th\u00f4ng tin tuy\u1ec7t \u0111\u1ed1i, \u0111\u00e1ng tin c\u1eady; T\u1ed1i \u01b0u h\u00f3a th\u1eddi gian qu\u1ea3n l\u00fd h\u1ec7 th\u1ed1ng\u2026 L\u00e0 nh\u1eefng \u01b0u th\u1ebf v\u01b0\u1ee3t tr\u1ed9i m\u00e0 T\u00edch h\u1ee3p h\u1ec7 th\u1ed1ng mang l\u1ea1i cho doanh nghi\u1ec7p.<\/p><ol start=\"2\"><li><strong> T\u00cdCH H\u1ee2P H\u1ec6 TH\u1ed0NG L\u00c0 G\u00cc?\u00a0<\/strong><\/li><\/ol><p>&#8211; Trong k\u1ef9 thu\u1eadt, hi\u1ec3u theo m\u1ed9t c\u00e1ch d\u1ec5 h\u00ecnh dung nh\u1ea5t, t\u00edch h\u1ee3p h\u1ec7 th\u1ed1ng (System Integration \u2013 SI) l\u00e0 g\u1eafn k\u1ebft m\u1ed9t chu\u1ed7i c\u00e1c h\u1ec7 th\u1ed1ng con v\u1edbi nh\u1eefng t\u00ednh n\u0103ng kh\u00e1c nhau v\u00e0o m\u1ed9t h\u1ec7 th\u1ed1ng l\u1edbn, \u0111\u1ea3m b\u1ea3o t\u1ea5t c\u1ea3 \u0111\u01b0\u1ee3c k\u1ebft h\u1ee3p ch\u1eb7t ch\u1ebd v\u1edbi nhau nh\u01b0 c\u1ea5u t\u1ea1o s\u1ed1ng ho\u00e0n ch\u1ec9nh. V\u1eadn h\u00e0nh ho\u00e0n h\u1ea3o theo m\u1ee5c \u0111\u00edch ri\u00eang c\u00f3 c\u1ee7a t\u1eebng doanh nghi\u1ec7p. L\u00e0 gi\u1ea3i ph\u00e1p \u0111\u00e1p \u1ee9ng nh\u1eefng \u0111\u00f2i h\u1ecfi cao nh\u1ea5t v\u1ec1 v\u1ea5n \u0111\u1ec1 c\u00f4ng ngh\u1ec7 m\u1ed9t c\u00e1ch th\u00f4ng minh, h\u01a1n n\u1eefa l\u00e0 t\u00f9y bi\u1ebfn theo nhu c\u1ea7u.<\/p><p>&#8211; Trong c\u00f4ng ngh\u1ec7 th\u00f4ng tin, \u201cT\u00edch h\u1ee3p h\u1ec7 th\u1ed1ng\u201d gi\u00fap k\u1ebft n\u1ed1i c\u00e1c h\u1ec7 th\u1ed1ng con r\u1eddi r\u1ea1c, c\u00e1c ph\u1ea7n m\u1ec1m \u1ee9ng d\u1ee5ng kh\u00e1c nhau b\u1eb1ng vi\u1ec7c s\u1eed d\u1ee5ng c\u00e1c k\u1ef9 thu\u1eadt k\u1ebft n\u1ed1i nh\u01b0 m\u1ea1ng m\u00e1y t\u00ednh, t\u00edch h\u1ee3p \u1ee9ng d\u1ee5ng, qu\u1ea3n l\u00fd quy tr\u00ecnh, l\u1eadp tr\u00ecnh&#8230; T\u00edch h\u1ee3p h\u1ec7 th\u1ed1ng c\u0169ng l\u00e0 quy tr\u00ecnh gi\u00fap gia t\u0103ng gi\u00e1 tr\u1ecb v\u00e0 n\u0103ng l\u1ef1c c\u1ee7a h\u1ec7 th\u1ed1ng m\u1eb9 nh\u1edd h\u1ee3p l\u1ef1c t\u01b0\u01a1ng t\u00e1c gi\u1eefa c\u00e1c h\u1ec7 th\u1ed1ng con.<\/p><ol start=\"3\"><li><strong> NH\u1eeeNG L\u1ee2I \u00cdCH C\u1ee6A T\u00cdCH H\u1ee2P H\u1ec6 TH\u1ed0NG\u00a0<\/strong><\/li><\/ol><p>&#8211; T\u00edch h\u1ee3p h\u1ec7 th\u1ed1ng gi\u00fap ti\u1ebft ki\u1ec7m chi ph\u00ed nh\u1edd kh\u1ea3 n\u0103ng t\u00edch h\u1ee3p linh ho\u1ea1t khi \u0111\u01b0\u1ee3c l\u1ef1a ch\u1ecdn c\u00f4ng ngh\u1ec7, thi\u1ebft b\u1ecb, d\u1ecbch v\u1ee5 ph\u00f9 h\u1ee3p. H\u01a1n n\u1eefa, t\u00edch h\u1ee3p h\u1ec7 th\u1ed1ng c\u00f2n gi\u00fap t\u1ed1i \u01b0u h\u00f3a nhu c\u1ea7u s\u1eed d\u1ee5ng, gi\u00fap doanh nghi\u1ec7p ho\u1ea1ch \u0111\u1ecbnh v\u00e0 \u0111\u1ea7u t\u01b0 theo t\u1eebng giai \u0111o\u1ea1n ho\u1eb7c ph\u00e2n h\u1ec7 nghi\u1ec7p v\u1ee5 t\u00f9y v\u00e0o kh\u1ea3 n\u0103ng \u0111\u00e1p \u1ee9ng c\u1ee7a h\u1ecd trong giai \u0111o\u1ea1n \u0111\u00f3. S\u1ef1 \u1ee9ng d\u1ee5ng c\u00f4ng ngh\u1ec7 hi\u1ec7n \u0111\u1ea1i trong qu\u00e1 tr\u00ecnh qu\u1ea3n l\u00fd, s\u1ea3n xu\u1ea5t, gi\u00fap tinh g\u1ecdn quy tr\u00ecnh, r\u00fat ng\u1eafn th\u1eddi gian qu\u1ea3n tr\u1ecb h\u1ec7 th\u1ed1ng v\u00e0 ng\u0103n ch\u1eb7n c\u00e1c r\u1ee7i ro x\u00e2m h\u1ea1i t\u1eeb th\u1ea3m h\u1ecda c\u00f4ng ngh\u1ec7 x\u00e2m nh\u1eadp t\u1eeb b\u00ean ngo\u00e0i. G\u00f3p ph\u1ea7n l\u00e0m n\u00e2ng cao th\u1ebf m\u1ea1nh v\u00e0 t\u00ednh c\u1ea1nh tranh c\u1ee7a doanh nghi\u1ec7p tr\u00ean th\u1ecb tr\u01b0\u1eddng. \u00a0<\/p><p>&#8211; \u0110\u1ec3 t\u00edch h\u1ee3p h\u1ec7 th\u1ed1ng th\u00e0nh c\u00f4ng, c\u1ed1t l\u00f5i n\u1eb1m \u1edf n\u0103ng l\u1ef1c c\u1ee7a nh\u00e0 t\u00edch h\u1ee3p h\u1ec7 th\u1ed1ng. Khi c\u00e1c y\u1ebfu t\u1ed1 ph\u1ea7n m\u1ec1m, ph\u1ea7n c\u1ee9ng n\u1ec1n t\u1ea3ng l\u00e0 nh\u01b0 nhau. Th\u00ec n\u0103ng l\u1ef1c tri\u1ec3n khai c\u1ee7a \u0111\u1ed1i t\u00e1c cung c\u1ea5p gi\u1ea3i ph\u00e1p t\u00edch h\u1ee3p l\u00e0 ngh\u1ec7 thu\u1eadt k\u1ebft n\u1ed1i h\u1ec7 th\u1ed1ng r\u1eddi r\u1ea1c n\u00e0y th\u00e0nh kh\u1ed1i s\u1ee9c m\u1ea1nh h\u1ee3p nh\u1ea5t.<\/p><ol start=\"4\"><li><strong> C\u00c1C GI\u1ea2I PH\u00c1P T\u00cdCH H\u1ee2P T\u1ea0I DTC T&amp;S <\/strong><\/li><\/ol><p><strong>a) Gi\u1ea3i ph\u00e1p h\u1ea1 t\u1ea7ng CNTT:<\/strong><\/p><p>+ H\u1ea1 t\u1ea7ng trung t\u00e2m d\u1eef li\u1ec7u<\/p><p>+ H\u1ea1 t\u1ea7ng m\u1ea1ng<\/p><p>+ H\u1ec7 th\u1ed1ng m\u00e1y ch\u1ee7 v\u00e0 l\u01b0u tr\u1eef<\/p><p>+ C\u01a1 s\u1edf d\u1eef li\u1ec7u<\/p><p>+ \u1ea2o h\u00f3a v\u00e0 \u0111i\u1ec7n to\u00e1n \u0111\u00e1m m\u00e2y<\/p><p>+ H\u1ea1 t\u1ea7ng h\u1ec7 th\u1ed1ng gi\u00e1m s\u00e1t (CCTV, m\u00e1y ch\u1ea5m c\u00f4ng)<\/p><p>+ H\u1ea1 t\u1ea7ng ph\u1ea7n c\u1ee9ng: Laptop, desktop, Monitor\u2026<\/p><p><strong>b) D\u1ecbch v\u1ee5:<\/strong><\/p><p>+ D\u1ecbch v\u1ee5 b\u1ea3o tr\u00ec ph\u1ea7n m\u1ec1m<\/p><p>+ D\u1ecbch v\u1ee5 t\u01b0 v\u1ea5n v\u00e0 tri\u1ec3n khai<\/p><p>+ D\u1ecbch v\u1ee5 b\u1ea3o tr\u00ec, n\u00e2ng c\u1ea5p h\u1ec7 th\u1ed1ng<\/p><p>+ D\u1ecbch v\u1ee5 an ninh m\u1ea1ng<\/p><p><strong>c) Gi\u1ea3i ph\u00e1p an to\u00e0n th\u00f4ng tin<\/strong><\/p><p>+ Qu\u1ea3n l\u00fd an to\u00e0n th\u00f4ng tin<\/p><p>+ B\u1ea3o m\u1eadt h\u1ea1 t\u1ea7ng CNTT<\/p><p>+ B\u1ea3o m\u1eadt \u1ee9ng d\u1ee5ng<\/p><p><strong>d) B\u1ea3n quy\u1ec1n ph\u1ea7n m\u1ec1m<\/strong><\/p><p>+ Ph\u1ea7n m\u1ec1m b\u1ea3n quy\u1ec1n c\u1ee7a Micosoft, VMware, Oracle\u2026.<\/p><ol start=\"5\"><li><strong> \u0110\u1ed1i t\u00e1c<\/strong><\/li><\/ol><p>DTC T&amp;S hi\u1ec7n l\u00e0 \u0111\u1ea1i l\u00fd t\u00edch h\u1ee3p h\u1ec7 th\u1ed1ng c\u1ee7a h\u1ea7u h\u1ebft c\u00e1c h\u00e3ng c\u00f4ng ngh\u1ec7 th\u00f4ng tin l\u1edbn tr\u00ean th\u1ebf gi\u1edbi nh\u01b0 Cisco, IBM, HPE, Microsoft, Oracle, DellTechnologies, Juniper, Fortinet\u2026 v\u00e0 s\u1edf h\u1eefu h\u00e0ng ng\u00e0n ch\u1ee9ng ch\u1ec9 c\u00f4ng ngh\u1ec7 qu\u1ed1c t\u1ebf c\u1ee7a c\u00e1c nh\u00e0 cung c\u1ea5p gi\u1ea3i ph\u00e1p v\u00e0 d\u1ecbch v\u1ee5 h\u00e0ng \u0111\u1ea7u th\u1ebf gi\u1edbi.<\/p>\t\t\t\t\t\t<\/div>\n\t\t\t\t<\/div>\n\t\t\t\t\t<\/div>\n\t\t<\/div>\n\t\t\t\t\t\t\t<\/div>\n\t\t<\/section>\n\t\t\t\t\t\t<\/div>\n\t\t\t\t\t<\/div>\n\t\t","protected":false},"excerpt":{"rendered":"<p class=\"tx-excerpt\">T\u00cdCH H\u1ee2P H\u1ec6 TH\u1ed0NG XU H\u01af\u1edaNG T\u00cdCH H\u1ee2P H\u1ec6 TH\u1ed0NG HI\u1ec6N NAY\u00a0 &#8211; Trong th\u1ebf gi\u1edbi s\u1ed1, khi ph\u00e1t tri\u1ec3n v\u01b0\u1ee3t qua nh\u1eefng kh\u00e1i ni\u1ec7m, v\u01b0\u1ee3t qu\u00e1 nh\u1eefng \u0111\u1ecbnh ngh\u0129a th\u00f4ng th\u01b0\u1eddng v\u1ec1","protected":false},"author":1,"featured_media":0,"parent":0,"menu_order":0,"comment_status":"closed","ping_status":"closed","template":"","meta":{"footnotes":""},"class_list":["post-684","page","type-page","status-publish","hentry"],"jetpack_sharing_enabled":true,"_links":{"self":[{"href":"https:\/\/dt-corp.com.vn\/index.php?rest_route=\/wp\/v2\/pages\/684","targetHints":{"allow":["GET"]}}],"collection":[{"href":"https:\/\/dt-corp.com.vn\/index.php?rest_route=\/wp\/v2\/pages"}],"about":[{"href":"https:\/\/dt-corp.com.vn\/index.php?rest_route=\/wp\/v2\/types\/page"}],"author":[{"embeddable":true,"href":"https:\/\/dt-corp.com.vn\/index.php?rest_route=\/wp\/v2\/users\/1"}],"replies":[{"embeddable":true,"href":"https:\/\/dt-corp.com.vn\/index.php?rest_route=%2Fwp%2Fv2%2Fcomments&post=684"}],"version-history":[{"count":7,"href":"https:\/\/dt-corp.com.vn\/index.php?rest_route=\/wp\/v2\/pages\/684\/revisions"}],"predecessor-version":[{"id":927,"href":"https:\/\/dt-corp.com.vn\/index.php?rest_route=\/wp\/v2\/pages\/684\/revisions\/927"}],"wp:attachment":[{"href":"https:\/\/dt-corp.com.vn\/index.php?rest_route=%2Fwp%2Fv2%2Fmedia&parent=684"}],"curies":[{"name":"wp","href":"https:\/\/api.w.org\/{rel}","templated":true}]}}