{"id":685,"date":"2022-03-21T16:47:21","date_gmt":"2022-03-21T09:47:21","guid":{"rendered":"https:\/\/dt-corp.com.vn\/?page_id=685"},"modified":"2022-03-23T21:57:34","modified_gmt":"2022-03-23T14:57:34","slug":"bao-hanh-bao-tri","status":"publish","type":"page","link":"https:\/\/dt-corp.com.vn\/?page_id=685","title":{"rendered":"B\u1ea3o h\u00e0nh, b\u1ea3o tr\u00ec"},"content":{"rendered":"\t\t<div data-elementor-type=\"wp-page\" data-elementor-id=\"685\" class=\"elementor elementor-685\" data-elementor-settings=\"[]\">\n\t\t\t\t\t\t\t<div class=\"elementor-section-wrap\">\n\t\t\t\t\t\t\t<section class=\"elementor-section elementor-top-section elementor-element elementor-element-eb55b7b elementor-section-boxed elementor-section-height-default elementor-section-height-default\" data-id=\"eb55b7b\" data-element_type=\"section\">\n\t\t\t\t\t\t<div class=\"elementor-container elementor-column-gap-default\">\n\t\t\t\t\t<div class=\"elementor-column elementor-col-100 elementor-top-column elementor-element elementor-element-7b96933\" data-id=\"7b96933\" data-element_type=\"column\">\n\t\t\t<div class=\"elementor-widget-wrap elementor-element-populated\">\n\t\t\t\t\t\t\t\t<section class=\"elementor-section elementor-inner-section elementor-element elementor-element-e0e3d7e elementor-section-boxed elementor-section-height-default elementor-section-height-default\" data-id=\"e0e3d7e\" data-element_type=\"section\">\n\t\t\t\t\t\t<div class=\"elementor-container elementor-column-gap-default\">\n\t\t\t\t\t<div class=\"elementor-column elementor-col-33 elementor-inner-column elementor-element elementor-element-f5dd929\" data-id=\"f5dd929\" data-element_type=\"column\">\n\t\t\t<div class=\"elementor-widget-wrap elementor-element-populated\">\n\t\t\t\t\t\t\t\t<div class=\"elementor-element elementor-element-f1748ea elementor-widget elementor-widget-image\" data-id=\"f1748ea\" data-element_type=\"widget\" data-widget_type=\"image.default\">\n\t\t\t\t<div class=\"elementor-widget-container\">\n\t\t\t\t\t\t\t\t\t\t\t\t\t\t\t<img loading=\"lazy\" decoding=\"async\" width=\"1000\" height=\"748\" src=\"https:\/\/dt-corp.com.vn\/wp-content\/uploads\/2022\/03\/Baohanh-baotri.png\" class=\"attachment-large size-large\" alt=\"\" srcset=\"https:\/\/dt-corp.com.vn\/wp-content\/uploads\/2022\/03\/Baohanh-baotri.png 1000w, https:\/\/dt-corp.com.vn\/wp-content\/uploads\/2022\/03\/Baohanh-baotri-300x224.png 300w, https:\/\/dt-corp.com.vn\/wp-content\/uploads\/2022\/03\/Baohanh-baotri-768x574.png 768w, https:\/\/dt-corp.com.vn\/wp-content\/uploads\/2022\/03\/Baohanh-baotri-100x75.png 100w, https:\/\/dt-corp.com.vn\/wp-content\/uploads\/2022\/03\/Baohanh-baotri-373x279.png 373w, https:\/\/dt-corp.com.vn\/wp-content\/uploads\/2022\/03\/Baohanh-baotri-80x60.png 80w, https:\/\/dt-corp.com.vn\/wp-content\/uploads\/2022\/03\/Baohanh-baotri-620x464.png 620w, https:\/\/dt-corp.com.vn\/wp-content\/uploads\/2022\/03\/Baohanh-baotri-460x344.png 460w, https:\/\/dt-corp.com.vn\/wp-content\/uploads\/2022\/03\/Baohanh-baotri-365x273.png 365w\" sizes=\"auto, (max-width: 1000px) 100vw, 1000px\" \/>\t\t\t\t\t\t\t\t\t\t\t\t\t\t\t<\/div>\n\t\t\t\t<\/div>\n\t\t\t\t\t<\/div>\n\t\t<\/div>\n\t\t\t\t<div class=\"elementor-column elementor-col-66 elementor-inner-column elementor-element elementor-element-c4d29b8\" data-id=\"c4d29b8\" data-element_type=\"column\">\n\t\t\t<div class=\"elementor-widget-wrap elementor-element-populated\">\n\t\t\t\t\t\t\t\t<div class=\"elementor-element elementor-element-c46bb42 elementor-widget elementor-widget-text-editor\" data-id=\"c46bb42\" data-element_type=\"widget\" data-widget_type=\"text-editor.default\">\n\t\t\t\t<div class=\"elementor-widget-container\">\n\t\t\t\t\t\t\t<h3 class=\"title-main\">H\u1ec6 TH\u1ed0NG \u0110\u1ea2M B\u1ea2O CH\u1ea4T L\u01af\u1ee2NG B\u1ea2O H\u00c0NH \u2013 B\u1ea2O TR\u00cc<\/h3><div class=\"article-content\">DTC T&amp;S cam k\u1ebft lu\u00f4n lu\u00f4n cung c\u1ea5p nh\u1eefng s\u1ea3n ph\u1ea9m ch\u1ea5t l\u01b0\u1ee3ng cao, v\u00e0 \u0111\u1ea3m b\u1ea3o ngu\u1ed3n g\u1ed1c, xu\u1ea5t x\u1ee9 r\u00f5 r\u00e0ng c\u1ee7a thi\u1ebft b\u1ecb theo \u0111\u00fang y\u00eau c\u1ea7u c\u1ee7a kh\u00e1ch h\u00e0ng nh\u1eb1m t\u1ea1o l\u1eadp v\u00e0 gi\u1eef v\u1eefng ni\u1ec1m tin n\u01a1i kh\u00e1ch h\u00e0ng. Ngo\u00e0i ra, \u0110\u1ec3 \u0111\u1ea3m b\u1ea3o h\u1ec7 th\u1ed1ng \u0111\u01b0\u1ee3c ho\u1ea1t \u0111\u1ed9ng t\u1ed1t v\u00e0 li\u00ean t\u1ee5c, thi\u1ebft b\u1ecb do c\u00f4ng ty ch\u00fang t\u00f4i cung c\u1ea5p lu\u00f4n ho\u1ea1t \u0111\u1ed9ng v\u1edbi hi\u1ec7u qu\u1ea3 cao nh\u1ea5t, c\u00f3 tu\u1ed5i th\u1ecd cao nh\u1ea5t trong \u0111i\u1ec1u ki\u1ec7n m\u00f4i tr\u01b0\u1eddng \u0111\u1eb7c th\u00f9 c\u1ee7a Vi\u1ec7t Nam. C\u00f4ng ty ch\u00fang t\u00f4i lu\u00f4n t\u01b0 v\u1ea5n cho kh\u00e1ch h\u00e0ng nh\u1eefng ph\u01b0\u01a1ng \u00e1n b\u1ea3o h\u00e0nh thi\u1ebft b\u1ecb v\u00e0 h\u1ed7 tr\u1ee3 k\u1ef9 thu\u1eadt c\u1ea7n thi\u1ebft trong t\u1eebng \u0111i\u1ec1u ki\u1ec7n c\u1ee5 th\u1ec3 nh\u1eb1m \u0111\u00e1p \u1ee9ng t\u1ed1i \u01b0u theo y\u00eau c\u1ea7u, \u0111\u1ed3ng th\u1eddi \u0111\u1ec3 duy tr\u00ec t\u1ed1t nh\u1ea5t t\u00ecnh tr\u1ea1ng c\u1ee7a thi\u1ebft b\u1ecb trong su\u1ed1t qu\u00e1 tr\u00ecnh ho\u1ea1t \u0111\u1ed9ng.<\/div><div class=\"article-content\">V\u1edbi ph\u01b0\u01a1ng ch\u00e2m ch\u1ea5t l\u01b0\u1ee3ng to\u00e0n di\u1ec7n, trong th\u1ef1c thi d\u1ecbch v\u1ee5 b\u1ea3o h\u00e0nh, b\u1ea3o tr\u00ec, ch\u00fang t\u00f4i \u0111\u1eb7t ra kh\u1ea9u hi\u1ec7u: \u201cCh\u1ea5t l\u01b0\u1ee3ng \u0111\u1eb7t l\u00ean h\u00e0ng \u0111\u1ea7u\u201d qua h\u1ec7 th\u1ed1ng \u0111\u1ea3m b\u1ea3o ch\u1ea5t l\u01b0\u1ee3ng &#8220;Quality Assurance System&#8221; v\u00e0 c\u00e1c c\u00f4ng vi\u1ec7c ph\u1ea3i \u0111\u01b0\u1ee3c th\u1ef1c hi\u1ec7n nh\u01b0 sau:<br \/>\u00a0<p><strong>A. B\u1ea2O H\u00c0NH \u2013 B\u1ea2O TR\u00cc \u0110\u1ec2 \u0110\u1ec0 PH\u00d2NG H\u01af H\u1eceNG:<\/strong><\/p><p><b>QUY TR\u00ccNH KI\u1ec2M TRA,\u00a0B\u1ea2O TR\u00cc\u00a0\u00a0\u0110\u1ecaNH K\u1ef2<br \/><br \/><\/b>\u0110\u1ec3 \u0111\u1ea3m ch\u1ea5t l\u01b0\u1ee3ng ho\u1ea1t \u0111\u1ed9ng c\u1ee7a thi\u1ebft b\u1ecb v\u00e0 h\u1ec7 th\u1ed1ng, ch\u00fang t\u00f4i cung c\u1ea5p cho ng\u01b0\u1eddi s\u1eed d\u1ee5ng d\u1ecbch v\u1ee5 ki\u1ec3m tra, b\u1ea3o d\u01b0\u1ee1ng \u0111\u1ecbnh k\u1ef3 c\u00e1c thi\u1ebft b\u1ecb, h\u1ec7 th\u1ed1ng. Th\u1eddi h\u1ea1n ki\u1ec3m tra \u0111\u1ecbnh k\u1ef3 l\u00e0 kh\u00e1c nhau \u0111\u1ed1i v\u1edbi t\u1eebng lo\u1ea1i thi\u1ebft b\u1ecb. Quy tr\u00ecnh ki\u1ec3m tra, b\u1ea3o d\u01b0\u1ee1ng \u0111\u1ecbnh k\u1ef3 \u0111\u01b0\u1ee3c th\u1ef1c hi\u1ec7n nh\u01b0 sau:<br \/><br \/>o\u00a0\u00a0 Th\u1eddi h\u1ea1n ki\u1ec3m tra, b\u1ea3o d\u01b0\u1ee1ng \u0111\u1ecbnh k\u1ef3: \u0111\u1ec3 \u0111\u1ea3m b\u1ea3o tu\u1ed5i th\u1ecd c\u1ee7a thi\u1ebft b\u1ecb, ch\u00fang t\u00f4i \u0111\u1ec1 xu\u1ea5t th\u1eddi h\u1ea1n ki\u1ec3m tra, b\u1ea3o d\u01b0\u1ee1ng \u0111\u1ecbnh k\u1ef3 l\u00e0 3 ho\u1eb7c 6 th\u00e1ng\/l\u1ea7n.<\/p><p>o\u00a0\u00a0 Vi\u1ec7c ki\u1ec3m tra, b\u1ea3o d\u01b0\u1ee1ng thi\u1ebft b\u1ecb \u0111\u01b0\u1ee3c th\u1ef1c hi\u1ec7n theo tr\u00ecnh t\u1ef1 sau:<\/p><p>\u00d8\u00a0 Ki\u1ec3m tra, b\u1ea3o d\u01b0\u1ee1ng to\u00e0n b\u1ed9 h\u1ec7 th\u1ed1ng<\/p><p>\u00d8\u00a0 Ki\u1ec3m tra, b\u1ea3o d\u01b0\u1ee1ng t\u1eebng thi\u1ebft b\u1ecb<\/p><p>\u00d8\u00a0 Ki\u1ec3n tra, b\u1ea3o d\u01b0\u1ee1ng c\u00e1c ph\u1ee5 ki\u1ec7n<\/p><p>\u00d8\u00a0 Ki\u1ec3m tra c\u00e1p v\u00e0 ph\u1ea7n \u0111\u1ea5u n\u1ed1i thi\u1ebft b\u1ecb<\/p><p>\u00d8\u00a0 V\u1ec7 sinh ph\u1ea7n c\u1ee9ng thi\u1ebft b\u1ecb<\/p><p>\u00d8\u00a0 C\u00e0i \u0111\u1eb7t l\u1ea1i \u0111\u1ec3 thi\u1ebft b\u1ecb ho\u1ea1t \u0111\u1ed9ng b\u00ecnh th\u01b0\u1eddng<\/p><p>\u00d8\u00a0 V\u1eadn h\u00e0nh th\u1eed t\u1eebng thi\u1ebft b\u1ecb v\u00e0 to\u00e0n h\u1ec7 th\u1ed1ng<\/p><p>\u00d8\u00a0 B\u00e0n giao cho ng\u01b0\u1eddi s\u1eed d\u1ee5ng<\/p><p><strong>B. B\u1ea2O H\u00c0NH\u00a0 \u0110\u1ec2 S\u1eecA CH\u1eeeA C\u00c1C H\u01af H\u1eceNG:<\/strong><\/p><p><b>1.\u00a0\u00a0\u00a0\u00a0\u00a0\u00a0Quy \u0111\u1ecbnh v\u1ec1 b\u1ea3o h\u00e0nh<\/b><\/p><p>\u00b7\u00a0\u00a0\u00a0\u00a0\u00a0\u00a0\u00a0\u00a0\u00a0\u00a0S\u1ea3n ph\u1ea9m \u0111\u01b0\u1ee3c b\u1ea3o h\u00e0nh mi\u1ec5n ph\u00ed n\u1ebfu s\u1ea3n ph\u1ea9m \u0111\u00f3 c\u00f2n th\u1eddi h\u1ea1n b\u1ea3o h\u00e0nh \u0111\u01b0\u1ee3c t\u00ednh k\u1ec3 t\u1eeb ng\u00e0y giao h\u00e0ng. S\u1ea3n ph\u1ea9m \u0111\u01b0\u1ee3c b\u1ea3o h\u00e0nh trong th\u1eddi h\u1ea1n b\u1ea3o h\u00e0nh ghi tr\u00ean phi\u1ebfu b\u1ea3o h\u00e0nh, tem b\u1ea3o h\u00e0nh, serial v\u00e0 theo quy \u0111\u1ecbnh c\u1ee7a t\u1eebng h\u00e3ng s\u1ea3n xu\u1ea5t t\u1ea5t c\u1ea3 c\u00e1c s\u1ef1 c\u1ed1 v\u1ec1 m\u1eb7t k\u1ef9 thu\u1eadt.<\/p><p>\u00b7\u00a0\u00a0\u00a0\u00a0\u00a0\u00a0\u00a0\u00a0\u00a0\u00a0B\u1ea3o h\u00e0nh c\u00e1c thi\u1ebft b\u1ecb linh ki\u1ec7n do c\u00f4ng ty cung c\u1ea5p v\u00e0 s\u1eeda ch\u1eefa thay th\u1ebf linh ki\u1ec7n cho c\u00e1c l\u1ed7i c\u1ee7a nh\u00e0 s\u1ea3n xu\u1ea5t d\u01b0\u1edbi \u0111i\u1ec1u ki\u1ec7n b\u00ecnh th\u01b0\u1eddng<\/p><p>\u00b7\u00a0\u00a0\u00a0\u00a0\u00a0\u00a0\u00a0\u00a0\u00a0Ng\u01b0\u1eddi s\u1eed d\u1ee5ng ph\u1ea3i tu\u00e2n theo c\u00e1c quy \u0111\u1ecbnh , \u0111i\u1ec1u ki\u1ec7n v\u1ec1 m\u00f4i tr\u01b0\u1eddng, \u0111i\u1ec7n \u00e1p cho vi\u1ec7c s\u1eed d\u1ee5ng thi\u1ebft b\u1ecb, kh\u00f4ng t\u1ef1 \u00fd thay \u0111\u1ed5i, s\u1eeda ch\u1eefa ho\u1eb7c n\u00e2ng c\u1ea5p thi\u1ebft b\u1ecb trong m\u1ecdi tr\u01b0\u1eddng h\u1ee3p<\/p><p><b>2.\u00a0\u00a0\u00a0\u00a0\u00a0 Nh\u1eefng tr\u01b0\u1eddng h\u1ee3p kh\u00f4ng \u0111\u01b0\u1ee3c b\u1ea3o h\u00e0nh<\/b><\/p><p>\u00b7\u00a0\u00a0\u00a0\u00a0\u00a0\u00a0\u00a0\u00a0\u00a0\u00a0Kh\u00e1ch h\u00e0ng t\u1ef1 th\u00e1o m\u1edf m\u00e1y, t\u1ef1 s\u1eeda ch\u1eefa, thay \u0111\u1ed5i c\u1ea5u tr\u00fac s\u1ea3n ph\u1ea9m<\/p><p>\u00b7\u00a0\u00a0\u00a0\u00a0\u00a0\u00a0\u00a0\u00a0\u00a0\u00a0Do l\u1ed7i c\u1ee7a ng\u01b0\u1eddi s\u1eed d\u1ee5ng thao t\u00e1c kh\u00f4ng \u0111\u00fang v\u1edbi h\u01b0\u1edbng d\u1eabn k\u00e8m theo m\u00e1y, s\u1eed d\u1ee5ng v\u1eadt t\u01b0 kh\u00f4ng \u0111\u00fang v\u1edbi ti\u00eau chu\u1ea9n c\u1ee7a ch\u00ednh h\u00e3ng.<\/p><p>\u00b7\u00a0\u00a0\u00a0\u00a0\u00a0\u00a0\u00a0\u00a0\u00a0Do nguy\u00ean nh\u00e2n kh\u00e1ch quan nh\u01b0: ngu\u1ed3n \u0111i\u1ec7n s\u1eed d\u1ee5ng kh\u00f4ng \u1ed5n \u0111\u1ecbnh (qu\u00e1 cao, qu\u00e1 th\u1ea5p ho\u1eb7c th\u1ea5t th\u01b0\u1eddng), l\u00e0m r\u01a1i v\u1ee1, va \u0111\u1eadp m\u1ea1nh do thi\u00ean tai, ch\u00e1y, n\u1ed5..v.v..<\/p><p>\u00b7\u00a0\u00a0\u00a0\u00a0\u00a0\u00a0\u00a0\u00a0\u00a0Vi\u1ec7c b\u1ea3o h\u00e0nh kh\u00f4ng bao g\u1ed3m v\u1eadt t\u01b0 ph\u1ee5 ki\u1ec7n ti\u00eau d\u00f9ng trong qu\u00e1 tr\u00ednh s\u1eed d\u1ee5ng nh\u01b0 b\u00f3ng \u0111\u00e8n, pin, acquy\u2026.Trong tr\u01b0\u1eddng h\u1ee3p n\u00e0y ng\u01b0\u1eddi s\u1eed d\u1ee5ng ph\u1ea3i ch\u1ecbu to\u00e0n b\u1ed9 chi ph\u00ed ph\u00e1t sinh cho qu\u00e1 tr\u00ecnh s\u1eeda ch\u1eefa, thay th\u1ebf ( n\u1ebfu c\u00f3)<\/p><p><strong>C. B\u1ea2O TR\u00cc THEO Y\u00caU C\u1ea6U C\u1ee6A KH\u00c1CH H\u00c0NG:<\/strong><\/p><p>\u0110\u1ed1i v\u1edbi nh\u1eefng s\u1ea3n ph\u1ea9m \u0111\u00e3 h\u1ebft h\u1ea1n b\u1ea3o h\u00e0nh, DTC T&amp;S cam k\u1ebft v\u1eabn h\u1ed7 tr\u1ee3 k\u1ef9 thu\u1eadt cho kh\u00e1ch h\u00e0ng. V\u1edbi \u0111\u1ed9i ng\u0169 k\u1ef9 thu\u1eadt c\u00f3 chuy\u00ean m\u00f4n cao v\u00e0 d\u00e0y d\u1eb7n kinh nghi\u1ec7m th\u1ef1c t\u1ebf qua r\u1ea5t nhi\u1ec1u d\u1ef1 \u00e1n l\u1eafp \u0111\u1eb7t v\u00e0 s\u1eeda ch\u1eefa, ch\u00fang t\u00f4i s\u1ebd mang \u0111\u1ebfn c\u00e1c d\u1ecbch v\u1ee5 h\u1ed7 tr\u1ee3:<\/p><p>\u00b7\u00a0\u00a0\u00a0\u00a0\u00a0\u00a0\u00a0\u00a0\u00a0<i>Qua \u0111i\u1ec7n tho\u1ea1i<\/i><\/p><p>\u00b7\u00a0\u00a0\u00a0\u00a0\u00a0\u00a0\u00a0\u00a0\u00a0<i>Qua email<\/i><\/p><p>\u00b7\u00a0\u00a0\u00a0\u00a0\u00a0\u00a0\u00a0\u00a0\u00a0<i>M\u1eddi tham d\u1ef1 c\u00e1c bu\u1ed5i t\u1eadp hu\u1ea5n, \u0111\u00e0o t\u1ea1o<\/i><\/p><p>\u00b7\u00a0\u00a0\u00a0\u00a0\u00a0\u00a0\u00a0\u00a0\u00a0<i>T\u01b0 v\u1ea5n tr\u1ef1c ti\u1ebfp<\/i><\/p><p>\u00b7\u00a0\u00a0\u00a0\u00a0\u00a0\u00a0\u00a0\u00a0\u00a0<i>K\u1ebft n\u1ed1i t\u1eeb xa v\u00e0o h\u1ec7 th\u1ed1ng \u0111\u1ec3 ki\u1ec3m tra, kh\u1eafc ph\u1ee5c l\u1ed7i<\/i><\/p><p>\u00b7\u00a0\u00a0\u00a0\u00a0\u00a0\u00a0\u00a0\u00a0\u00a0<i>N\u00e2ng c\u1ea5p firmware (n\u1ebfu c\u00f3)<\/i><\/p><p>\u00b7\u00a0\u00a0\u00a0\u00a0\u00a0\u00a0\u00a0\u00a0\u00a0<i>G\u1eedi t\u00e0i li\u1ec7u k\u1ef9 thu\u1eadt c\u1eadp nh\u1eadt c\u00f4ng ngh\u1ec7<\/i><\/p><p>\u00b7\u00a0\u00a0\u00a0\u00a0\u00a0\u00a0\u00a0\u00a0\u00a0<i>C\u00e1c h\u00ecnh th\u1ee9c th\u00edch h\u1ee3p kh\u00e1c<\/i><\/p><\/div>\t\t\t\t\t\t<\/div>\n\t\t\t\t<\/div>\n\t\t\t\t\t<\/div>\n\t\t<\/div>\n\t\t\t\t\t\t\t<\/div>\n\t\t<\/section>\n\t\t\t\t\t<\/div>\n\t\t<\/div>\n\t\t\t\t\t\t\t<\/div>\n\t\t<\/section>\n\t\t\t\t\t\t<\/div>\n\t\t\t\t\t<\/div>\n\t\t","protected":false},"excerpt":{"rendered":"<p class=\"tx-excerpt\">H\u1ec6 TH\u1ed0NG \u0110\u1ea2M B\u1ea2O CH\u1ea4T L\u01af\u1ee2NG B\u1ea2O H\u00c0NH \u2013 B\u1ea2O TR\u00cc DTC T&amp;S cam k\u1ebft lu\u00f4n lu\u00f4n cung c\u1ea5p nh\u1eefng s\u1ea3n ph\u1ea9m ch\u1ea5t l\u01b0\u1ee3ng cao, v\u00e0 \u0111\u1ea3m b\u1ea3o ngu\u1ed3n g\u1ed1c, xu\u1ea5t x\u1ee9 r\u00f5","protected":false},"author":1,"featured_media":0,"parent":0,"menu_order":0,"comment_status":"closed","ping_status":"closed","template":"","meta":{"footnotes":""},"class_list":["post-685","page","type-page","status-publish","hentry"],"jetpack_sharing_enabled":true,"_links":{"self":[{"href":"https:\/\/dt-corp.com.vn\/index.php?rest_route=\/wp\/v2\/pages\/685","targetHints":{"allow":["GET"]}}],"collection":[{"href":"https:\/\/dt-corp.com.vn\/index.php?rest_route=\/wp\/v2\/pages"}],"about":[{"href":"https:\/\/dt-corp.com.vn\/index.php?rest_route=\/wp\/v2\/types\/page"}],"author":[{"embeddable":true,"href":"https:\/\/dt-corp.com.vn\/index.php?rest_route=\/wp\/v2\/users\/1"}],"replies":[{"embeddable":true,"href":"https:\/\/dt-corp.com.vn\/index.php?rest_route=%2Fwp%2Fv2%2Fcomments&post=685"}],"version-history":[{"count":10,"href":"https:\/\/dt-corp.com.vn\/index.php?rest_route=\/wp\/v2\/pages\/685\/revisions"}],"predecessor-version":[{"id":755,"href":"https:\/\/dt-corp.com.vn\/index.php?rest_route=\/wp\/v2\/pages\/685\/revisions\/755"}],"wp:attachment":[{"href":"https:\/\/dt-corp.com.vn\/index.php?rest_route=%2Fwp%2Fv2%2Fmedia&parent=685"}],"curies":[{"name":"wp","href":"https:\/\/api.w.org\/{rel}","templated":true}]}}