{"id":686,"date":"2022-03-21T16:47:21","date_gmt":"2022-03-21T09:47:21","guid":{"rendered":"https:\/\/dt-corp.com.vn\/?page_id=686"},"modified":"2022-03-25T18:21:24","modified_gmt":"2022-03-25T11:21:24","slug":"phat-trien-phan-mem","status":"publish","type":"page","link":"https:\/\/dt-corp.com.vn\/?page_id=686","title":{"rendered":"Ph\u00e1t tri\u1ec3n ph\u1ea7n m\u1ec1m"},"content":{"rendered":"\t\t<div data-elementor-type=\"wp-page\" data-elementor-id=\"686\" class=\"elementor elementor-686\" data-elementor-settings=\"[]\">\n\t\t\t\t\t\t\t<div class=\"elementor-section-wrap\">\n\t\t\t\t\t\t\t<section class=\"elementor-section elementor-top-section elementor-element elementor-element-98d894b elementor-section-boxed elementor-section-height-default elementor-section-height-default\" data-id=\"98d894b\" data-element_type=\"section\">\n\t\t\t\t\t\t<div class=\"elementor-container elementor-column-gap-default\">\n\t\t\t\t\t<div class=\"elementor-column elementor-col-100 elementor-top-column elementor-element elementor-element-1e0e11b\" data-id=\"1e0e11b\" data-element_type=\"column\">\n\t\t\t<div class=\"elementor-widget-wrap elementor-element-populated\">\n\t\t\t\t\t\t\t\t<div class=\"elementor-element elementor-element-969e8f4 elementor-widget elementor-widget-heading\" data-id=\"969e8f4\" data-element_type=\"widget\" data-widget_type=\"heading.default\">\n\t\t\t\t<div class=\"elementor-widget-container\">\n\t\t\t<h2 class=\"elementor-heading-title elementor-size-default\">D\u1ecbch v\u1ee5 ph\u00e1t tri\u1ec3n Ph\u1ea7n m\u1ec1m<\/h2>\t\t<\/div>\n\t\t\t\t<\/div>\n\t\t\t\t<section class=\"elementor-section elementor-inner-section elementor-element elementor-element-6a6a940 elementor-section-boxed elementor-section-height-default elementor-section-height-default\" data-id=\"6a6a940\" data-element_type=\"section\">\n\t\t\t\t\t\t<div class=\"elementor-container elementor-column-gap-default\">\n\t\t\t\t\t<div class=\"elementor-column elementor-col-50 elementor-inner-column elementor-element elementor-element-ecf9641\" data-id=\"ecf9641\" data-element_type=\"column\">\n\t\t\t<div class=\"elementor-widget-wrap elementor-element-populated\">\n\t\t\t\t\t\t\t\t<div class=\"elementor-element elementor-element-e558210 elementor-widget elementor-widget-image\" data-id=\"e558210\" data-element_type=\"widget\" data-widget_type=\"image.default\">\n\t\t\t\t<div class=\"elementor-widget-container\">\n\t\t\t\t\t\t\t\t\t\t\t\t\t\t\t<img loading=\"lazy\" decoding=\"async\" width=\"300\" height=\"206\" src=\"https:\/\/dt-corp.com.vn\/wp-content\/uploads\/2022\/03\/web-development-isometric-concept-composition-illustration-300x206.jpg\" class=\"attachment-medium size-medium\" alt=\"\" srcset=\"https:\/\/dt-corp.com.vn\/wp-content\/uploads\/2022\/03\/web-development-isometric-concept-composition-illustration-300x206.jpg 300w, https:\/\/dt-corp.com.vn\/wp-content\/uploads\/2022\/03\/web-development-isometric-concept-composition-illustration-1024x704.jpg 1024w, https:\/\/dt-corp.com.vn\/wp-content\/uploads\/2022\/03\/web-development-isometric-concept-composition-illustration-768x528.jpg 768w, https:\/\/dt-corp.com.vn\/wp-content\/uploads\/2022\/03\/web-development-isometric-concept-composition-illustration-320x220.jpg 320w, https:\/\/dt-corp.com.vn\/wp-content\/uploads\/2022\/03\/web-development-isometric-concept-composition-illustration-373x257.jpg 373w, https:\/\/dt-corp.com.vn\/wp-content\/uploads\/2022\/03\/web-development-isometric-concept-composition-illustration-485x335.jpg 485w, https:\/\/dt-corp.com.vn\/wp-content\/uploads\/2022\/03\/web-development-isometric-concept-composition-illustration-80x55.jpg 80w, https:\/\/dt-corp.com.vn\/wp-content\/uploads\/2022\/03\/web-development-isometric-concept-composition-illustration-620x426.jpg 620w, https:\/\/dt-corp.com.vn\/wp-content\/uploads\/2022\/03\/web-development-isometric-concept-composition-illustration-460x316.jpg 460w, https:\/\/dt-corp.com.vn\/wp-content\/uploads\/2022\/03\/web-development-isometric-concept-composition-illustration-365x251.jpg 365w, https:\/\/dt-corp.com.vn\/wp-content\/uploads\/2022\/03\/web-development-isometric-concept-composition-illustration.jpg 1380w\" sizes=\"auto, (max-width: 300px) 100vw, 300px\" \/>\t\t\t\t\t\t\t\t\t\t\t\t\t\t\t<\/div>\n\t\t\t\t<\/div>\n\t\t\t\t\t<\/div>\n\t\t<\/div>\n\t\t\t\t<div class=\"elementor-column elementor-col-50 elementor-inner-column elementor-element elementor-element-77b96d8\" data-id=\"77b96d8\" data-element_type=\"column\">\n\t\t\t<div class=\"elementor-widget-wrap elementor-element-populated\">\n\t\t\t\t\t\t\t\t<div class=\"elementor-element elementor-element-3cce3e2 elementor-widget elementor-widget-text-editor\" data-id=\"3cce3e2\" data-element_type=\"widget\" data-widget_type=\"text-editor.default\">\n\t\t\t\t<div class=\"elementor-widget-container\">\n\t\t\t\t\t\t\t<p>DTC T&amp;S .,JSC cung c\u1ea5p s\u1ea3n ph\u1ea9m d\u1ecbch v\u1ee5 ph\u00e1t tri\u1ec3n ph\u1ea7n m\u1ec1m v\u1edbi ti\u00eau chu\u1ea9n qu\u1ed1c t\u1ebf v\u00e0 \u0111\u00e3 tri\u1ec3n khai th\u00e0nh c\u00f4ng c\u00e1c d\u1ef1 \u00e1n ph\u00e1t tri\u1ec3n ph\u1ea7n m\u1ec1m ph\u1ee9c t\u1ea1p cho nhi\u1ec1u \u0111\u1ed1i t\u00e1c v\u00e0 kh\u00e1ch h\u00e0ng. Ch\u00fang t\u00f4i cung c\u1ea5p c\u00e1c d\u1ecbch v\u1ee5 ph\u00e1t tri\u1ec3n ph\u1ea7n m\u1ec1m \u0111a d\u1ea1ng nh\u01b0 tr\u1ee3 gi\u00fap kh\u00e1ch h\u00e0ng duy tr\u00ec h\u1ec7 th\u1ed1ng ph\u1ea7n m\u1ec1m th\u00f4ng qua vi\u1ec7c s\u1eeda l\u1ed7i v\u00e0 c\u1eadp nh\u1eadt t\u00ednh n\u0103ng ph\u1ea7n m\u1ec1m \u0111ang s\u1eed d\u1ee5ng ho\u1eb7c ph\u00e1t tri\u1ec3n tr\u1ecdn g\u00f3i ph\u1ea7n m\u1ec1m m\u1edbi.<\/p><ul><li>D\u1ecbch v\u1ee5 ph\u00e1t tri\u1ec3n ph\u1ea7n m\u1ec1m<\/li><li>D\u1ecbch v\u1ee5 v\u1eadn h\u00e0nh h\u1ec7 th\u1ed1ng ph\u1ea7n m\u1ec1m<\/li><li>D\u1ecbch v\u1ee5 chuy\u1ec3n \u0111\u1ed5i v\u00e0 b\u1ea3o tr\u00ec<\/li><li>D\u1ecbch v\u1ee5 s\u1ed1 h\u00f3a d\u1eef li\u1ec7u<\/li><li>D\u1ecbch v\u1ee5 qu\u1ea3n l\u00fd v\u00e0 x\u1eed l\u00fd d\u1eef li\u1ec7u<\/li><\/ul>\t\t\t\t\t\t<\/div>\n\t\t\t\t<\/div>\n\t\t\t\t\t<\/div>\n\t\t<\/div>\n\t\t\t\t\t\t\t<\/div>\n\t\t<\/section>\n\t\t\t\t<section class=\"elementor-section elementor-inner-section elementor-element elementor-element-85c8d58 elementor-section-boxed elementor-section-height-default elementor-section-height-default\" data-id=\"85c8d58\" data-element_type=\"section\">\n\t\t\t\t\t\t<div class=\"elementor-container elementor-column-gap-default\">\n\t\t\t\t\t<div class=\"elementor-column elementor-col-50 elementor-inner-column elementor-element elementor-element-17f1498\" data-id=\"17f1498\" data-element_type=\"column\">\n\t\t\t<div class=\"elementor-widget-wrap elementor-element-populated\">\n\t\t\t\t\t\t\t\t<div class=\"elementor-element elementor-element-96b081c elementor-widget elementor-widget-text-editor\" data-id=\"96b081c\" data-element_type=\"widget\" data-widget_type=\"text-editor.default\">\n\t\t\t\t<div class=\"elementor-widget-container\">\n\t\t\t\t\t\t\t<p><strong>M\u1ed9t s\u1ed1 \u0111\u1eb7c \u0111i\u1ec3m v\u1ec1 d\u1ecbch v\u1ee5 ph\u1ea7n m\u1ec1m c\u1ee7a DTC T&amp;S., JSC<\/strong><\/p><p>&#8211; D\u1ecbch v\u1ee5 \u0111a d\u1ea1ng: Ph\u00e1t tri\u1ec3n ph\u1ea7n m\u1ec1m, Ki\u1ec3m th\u1eed, N\u00e2ng c\u1ea5p, &#8230;<\/p><p>&#8211; \u00c1p d\u1ee5ng c\u00e1c c\u00f4ng c\u1ee5 ti\u00ean ti\u1ebfn<\/p><p>&#8211; Kh\u1ea3 n\u0103ng qu\u1ea3n tr\u1ecb d\u1ef1 \u00e1n chuy\u00ean nghi\u1ec7p, h\u1ec7 th\u1ed1ng qu\u1ea3n l\u00fd v\u00e0 s\u1ea3n xu\u1ea5t ph\u1ea7n m\u1ec1m \u0111\u1ec3 b\u1ea3o \u0111\u1ea3m th\u1ef1c hi\u1ec7n d\u1ef1 \u00e1n \u0111\u00fang ti\u1ebfn \u0111\u1ed9 v\u00e0 ch\u1ea5t l\u01b0\u1ee3ng \u0111\u00e3 cam k\u1ebft v\u1edbi kh\u00e1ch h\u00e0ng.<\/p><p>&#8211; Cung c\u1ea5p h\u1ec7 th\u1ed1ng t\u00e0i li\u1ec7u chi ti\u1ebft v\u00e0 ho\u00e0n ch\u1ec9nh li\u00ean quan \u0111\u1ebfn s\u1ea3n ph\u1ea9m do DTC tri\u1ec3n khai.<\/p><p>&#8211; B\u1ea3o \u0111\u1ea3m chuy\u1ec3n giao tri th\u1ee9c v\u00e0 b\u1ea3o tr\u00ec h\u1ec7 th\u1ed1ng.<\/p><p><strong>C\u00e1c d\u1ecbch v\u1ee5 bao g\u1ed3m:\u00a0<\/strong><\/p><p><u>1. D\u1ecbch v\u1ee5 t\u01b0 v\u1ea5n, thi\u1ebft k\u1ebf, x\u00e2y d\u1ef1ng, b\u1ea3o h\u00e0nh v\u00e0 b\u1ea3o tr\u00ec ph\u1ea7n m\u1ec1m:<\/u><\/p><p>\u00a0 \u00a0&#8211; N\u00e2ng c\u1ea5p s\u1ea3n ph\u1ea9m ph\u1ea7n m\u1ec1m<\/p><p>\u00a0 \u00a0&#8211; Tri\u1ec3n khai ph\u1ea7n m\u1ec1m \u1ee9ng d\u1ee5ng.<\/p><p>\u00a0 \u00a0&#8211; Chuy\u1ec3n \u0111\u1ed5i c\u01a1 s\u1edf d\u1eef li\u1ec7u.<\/p><p><u>2. D\u1ecbch v\u1ee5 ki\u1ec3m tra ch\u1ea5t l\u01b0\u1ee3ng s\u1ea3n ph\u1ea9m ph\u1ea7n m\u1ec1m:<\/u><\/p><p>\u00a0 \u00a0&#8211; X\u00e2y d\u1ef1ng c\u00e1c t\u00ecnh hu\u1ed1ng v\u00e0 k\u1ebf ho\u1ea1ch ki\u1ec3m th\u1eed s\u1ea3n ph\u1ea9m.<\/p><p>\u00a0 \u00a0&#8211; Th\u1ef1c hi\u1ec7n ki\u1ec3m th\u1eed ph\u1ea7n m\u1ec1m<\/p><p>\u00a0 \u00a0&#8211; \u0110\u00e1nh gi\u00e1 s\u1ef1 \u1ed5n \u0111\u1ecbnh c\u1ee7a c\u00e1c ch\u1ee9c n\u0103ng s\u1ea3n ph\u1ea9m.<\/p><p>\u00a0 \u00a0&#8211; D\u1ecbch v\u1ee5 ki\u1ec3m tra, \u0111\u00e1nh gi\u00e1, t\u1ed1i \u01b0u code<\/p>\t\t\t\t\t\t<\/div>\n\t\t\t\t<\/div>\n\t\t\t\t\t<\/div>\n\t\t<\/div>\n\t\t\t\t<div class=\"elementor-column elementor-col-50 elementor-inner-column elementor-element elementor-element-38e5e03\" data-id=\"38e5e03\" data-element_type=\"column\">\n\t\t\t<div class=\"elementor-widget-wrap elementor-element-populated\">\n\t\t\t\t\t\t\t\t<div class=\"elementor-element elementor-element-0475b21 elementor-widget elementor-widget-image\" data-id=\"0475b21\" data-element_type=\"widget\" data-widget_type=\"image.default\">\n\t\t\t\t<div class=\"elementor-widget-container\">\n\t\t\t\t\t\t\t\t\t\t\t\t\t\t\t<img loading=\"lazy\" decoding=\"async\" width=\"1024\" height=\"552\" src=\"https:\/\/dt-corp.com.vn\/wp-content\/uploads\/2022\/03\/devops-isometric-website-development-operation_107791-1420-1024x552.jpg\" class=\"attachment-large size-large\" alt=\"\" srcset=\"https:\/\/dt-corp.com.vn\/wp-content\/uploads\/2022\/03\/devops-isometric-website-development-operation_107791-1420-1024x552.jpg 1024w, https:\/\/dt-corp.com.vn\/wp-content\/uploads\/2022\/03\/devops-isometric-website-development-operation_107791-1420-300x162.jpg 300w, https:\/\/dt-corp.com.vn\/wp-content\/uploads\/2022\/03\/devops-isometric-website-development-operation_107791-1420-768x414.jpg 768w, https:\/\/dt-corp.com.vn\/wp-content\/uploads\/2022\/03\/devops-isometric-website-development-operation_107791-1420-373x201.jpg 373w, https:\/\/dt-corp.com.vn\/wp-content\/uploads\/2022\/03\/devops-isometric-website-development-operation_107791-1420-80x43.jpg 80w, https:\/\/dt-corp.com.vn\/wp-content\/uploads\/2022\/03\/devops-isometric-website-development-operation_107791-1420-620x334.jpg 620w, https:\/\/dt-corp.com.vn\/wp-content\/uploads\/2022\/03\/devops-isometric-website-development-operation_107791-1420-460x248.jpg 460w, https:\/\/dt-corp.com.vn\/wp-content\/uploads\/2022\/03\/devops-isometric-website-development-operation_107791-1420-365x197.jpg 365w, https:\/\/dt-corp.com.vn\/wp-content\/uploads\/2022\/03\/devops-isometric-website-development-operation_107791-1420.jpg 1480w\" sizes=\"auto, (max-width: 1024px) 100vw, 1024px\" \/>\t\t\t\t\t\t\t\t\t\t\t\t\t\t\t<\/div>\n\t\t\t\t<\/div>\n\t\t\t\t\t<\/div>\n\t\t<\/div>\n\t\t\t\t\t\t\t<\/div>\n\t\t<\/section>\n\t\t\t\t\t<\/div>\n\t\t<\/div>\n\t\t\t\t\t\t\t<\/div>\n\t\t<\/section>\n\t\t\t\t\t\t<\/div>\n\t\t\t\t\t<\/div>\n\t\t","protected":false},"excerpt":{"rendered":"<p class=\"tx-excerpt\">D\u1ecbch v\u1ee5 ph\u00e1t tri\u1ec3n Ph\u1ea7n m\u1ec1m DTC T&amp;S .,JSC cung c\u1ea5p s\u1ea3n ph\u1ea9m d\u1ecbch v\u1ee5 ph\u00e1t tri\u1ec3n ph\u1ea7n m\u1ec1m v\u1edbi ti\u00eau chu\u1ea9n qu\u1ed1c t\u1ebf v\u00e0 \u0111\u00e3 tri\u1ec3n khai th\u00e0nh c\u00f4ng c\u00e1c d\u1ef1 \u00e1n","protected":false},"author":1,"featured_media":0,"parent":0,"menu_order":0,"comment_status":"closed","ping_status":"closed","template":"","meta":{"footnotes":""},"class_list":["post-686","page","type-page","status-publish","hentry"],"jetpack_sharing_enabled":true,"_links":{"self":[{"href":"https:\/\/dt-corp.com.vn\/index.php?rest_route=\/wp\/v2\/pages\/686","targetHints":{"allow":["GET"]}}],"collection":[{"href":"https:\/\/dt-corp.com.vn\/index.php?rest_route=\/wp\/v2\/pages"}],"about":[{"href":"https:\/\/dt-corp.com.vn\/index.php?rest_route=\/wp\/v2\/types\/page"}],"author":[{"embeddable":true,"href":"https:\/\/dt-corp.com.vn\/index.php?rest_route=\/wp\/v2\/users\/1"}],"replies":[{"embeddable":true,"href":"https:\/\/dt-corp.com.vn\/index.php?rest_route=%2Fwp%2Fv2%2Fcomments&post=686"}],"version-history":[{"count":10,"href":"https:\/\/dt-corp.com.vn\/index.php?rest_route=\/wp\/v2\/pages\/686\/revisions"}],"predecessor-version":[{"id":856,"href":"https:\/\/dt-corp.com.vn\/index.php?rest_route=\/wp\/v2\/pages\/686\/revisions\/856"}],"wp:attachment":[{"href":"https:\/\/dt-corp.com.vn\/index.php?rest_route=%2Fwp%2Fv2%2Fmedia&parent=686"}],"curies":[{"name":"wp","href":"https:\/\/api.w.org\/{rel}","templated":true}]}}