{"id":687,"date":"2022-03-21T16:47:21","date_gmt":"2022-03-21T09:47:21","guid":{"rendered":"https:\/\/dt-corp.com.vn\/?page_id=687"},"modified":"2022-04-09T12:01:17","modified_gmt":"2022-04-09T05:01:17","slug":"khu-tu-huy-vat-ly","status":"publish","type":"page","link":"https:\/\/dt-corp.com.vn\/?page_id=687","title":{"rendered":"Kh\u1eed t\u1eeb &#8211; H\u1ee7y v\u1eadt l\u00fd"},"content":{"rendered":"\t\t<div data-elementor-type=\"wp-page\" data-elementor-id=\"687\" class=\"elementor elementor-687\" data-elementor-settings=\"[]\">\n\t\t\t\t\t\t\t<div class=\"elementor-section-wrap\">\n\t\t\t\t\t\t\t<section class=\"elementor-section elementor-top-section elementor-element elementor-element-af9db79 elementor-section-boxed elementor-section-height-default elementor-section-height-default\" data-id=\"af9db79\" data-element_type=\"section\">\n\t\t\t\t\t\t<div class=\"elementor-container elementor-column-gap-default\">\n\t\t\t\t\t<div class=\"elementor-column elementor-col-100 elementor-top-column elementor-element elementor-element-f7dfa20\" data-id=\"f7dfa20\" data-element_type=\"column\">\n\t\t\t<div class=\"elementor-widget-wrap elementor-element-populated\">\n\t\t\t\t\t\t\t\t<div class=\"elementor-element elementor-element-8c12165 elementor-widget elementor-widget-heading\" data-id=\"8c12165\" data-element_type=\"widget\" data-widget_type=\"heading.default\">\n\t\t\t\t<div class=\"elementor-widget-container\">\n\t\t\t<h2 class=\"elementor-heading-title elementor-size-default\">D\u1ecbch v\u1ee5 X\u00f3a d\u1eef li\u1ec7u an to\u00e0n v\u00e0 d\u1ecbch v\u1ee5 kh\u1eed t\u1eeb<\/h2>\t\t<\/div>\n\t\t\t\t<\/div>\n\t\t\t\t<div class=\"elementor-element elementor-element-44b5255 elementor-widget elementor-widget-text-editor\" data-id=\"44b5255\" data-element_type=\"widget\" data-widget_type=\"text-editor.default\">\n\t\t\t\t<div class=\"elementor-widget-container\">\n\t\t\t\t\t\t\t<p>R\u00f2 r\u1ec9 th\u00f4ng tin l\u00e0 m\u1ed1i \u0111e d\u1ecda l\u1edbn \u0111\u1ed1i v\u1edbi t\u1ea5t c\u1ea3 c\u00e1c t\u1ed5 ch\u1ee9c. C\u00e1c b\u1ed9 ph\u1eadn CNTT th\u01b0\u1eddng chi h\u00e0ng tri\u1ec7u \u0111\u00f4 la cho b\u1ea3o m\u1eadt truy c\u1eadp, ch\u1ed1ng virus v\u00e0 b\u1ea3o v\u1ec7 x\u00e2m nh\u1eadp. Ph\u00e1o \u0111\u00e0i b\u1ea3o m\u1eadt n\u00e0y tr\u1edf n\u00ean kh\u00f4ng \u0111\u1ea7y \u0111\u1ee7 khi x\u1eed l\u00fd r\u00f2 r\u1ec9 th\u00f4ng tin th\u00f4ng qua v\u1ec7 sinh c\u00e1c thi\u1ebft b\u1ecb l\u01b0u tr\u1eef d\u1eef li\u1ec7u. Data Terminator c\u00f3 kh\u1ea3 n\u0103ng, n\u0103ng l\u1ef1c v\u00e0 h\u1ed3 s\u01a1 theo d\u00f5i \u0111\u1ec3 cung c\u1ea5p cho c\u00e1c t\u1ed5 ch\u1ee9c c\u00e1c gi\u1ea3i ph\u00e1p b\u1ea3o v\u1ec7 vi\u1ec7c r\u00f2 r\u1ec9 d\u1eef li\u1ec7u hi\u1ec7u qu\u1ea3.<\/p><p>C\u00e1c quy tr\u00ecnh v\u1ec7 sinh d\u1eef li\u1ec7u an to\u00e0n c\u1ee7a Data Terminator \u0111\u01b0\u1ee3c ch\u1ee9ng nh\u1eadn \u0111\u1ea1t chu\u1ea9n ISO 9001: 2008, l\u00e0 \u0111\u01a1n v\u1ecb \u0111\u1ea7u ti\u00ean t\u1ea1i Singapore \u0111\u1ea1t chu\u1ea9n n\u00e0y. \u0110i\u1ec1u \u0111\u00f3 cho th\u1ea5y th\u1ecb cam k\u1ebft v\u00e0 \u01b0u ti\u00ean c\u1ee7a ch\u00fang t\u00f4i \u0111\u1ed1i v\u1edbi nhu c\u1ea7u b\u1ea3o m\u1eadt c\u1ee7a c\u00e1c t\u1ed5 ch\u1ee9c.<\/p><p>D\u1ecbch v\u1ee5 v\u1ec7 sinh d\u1eef li\u1ec7u an to\u00e0n c\u1ee7a Data Terminator c\u00f3 th\u1ec3 x\u1eed l\u00fd t\u1ea5t c\u1ea3 c\u00e1c d\u1ea1ng thi\u1ebft b\u1ecb l\u01b0u tr\u1eef d\u1eef li\u1ec7u \u0111i\u1ec7n t\u1eed, bao g\u1ed3m \u1ed5 c\u1ee9ng, b\u0103ng t\u1eeb, b\u0103ng \u00e2m thanh\/ video, \u1ed5 \u0111\u0129a quang h\u1ecdc, \u1ed5 \u0111\u0129a flash, \u1ed5 \u0111\u0129a l\u01b0u tr\u1eef t\u0129nh, \u0111\u0129a m\u1ec1m v\u00e0 h\u1ed9p Zip, v.v.<\/p><p>B\u00ean c\u1ea1nh vi\u1ec7c v\u1ec7 sinh d\u1eef li\u1ec7u, Data Terminator c\u0169ng cung c\u1ea5p c\u00e1c gi\u1ea3i ph\u00e1p x\u1eed l\u00fd t\u00e0i s\u1ea3n CNTT ho\u00e0n ch\u1ec9nh. Ch\u00fang t\u00f4i c\u00f3 kh\u1ea3 n\u0103ng qu\u1ea3n l\u00fd quy tr\u00ecnh x\u1eed l\u00fd ho\u00e0n ch\u1ec9nh \u0111\u1ec3 x\u00e1c minh t\u00e0i s\u1ea3n, v\u1ec7 sinh d\u1eef li\u1ec7u an to\u00e0n, ph\u00e2n lo\u1ea1i t\u00e0i s\u1ea3n, ti\u00eau h\u1ee7y v\u00e0 x\u1eed l\u00fd th\u00edch h\u1ee3p.<\/p><p>Khi m\u1ed9t t\u1ec7p b\u1ecb x\u00f3a ho\u1eb7c x\u00f3a kh\u1ecfi m\u00e1y t\u00ednh c\u1ee7a b\u1ea1n, d\u1eef li\u1ec7u th\u1ef1c t\u1ebf trong t\u1ec7p kh\u00f4ng bi\u1ebfn m\u1ea5t v\u0129nh vi\u1ec5n. Kh\u00f4ng gian \u0111\u01b0\u1ee3c s\u1eed d\u1ee5ng b\u1edfi t\u1ec7p \u0111\u00f3 ch\u1ec9 \u0111\u01a1n gi\u1ea3n \u0111\u01b0\u1ee3c \u0111\u00e1nh d\u1ea5u l\u00e0 \u201ctr\u1ed1ng \u2013 free\u201d \u0111\u1ec3 c\u00f3 th\u1ec3 ghi d\u1eef li\u1ec7u kh\u00e1c v\u00e0o. Tr\u01b0\u1eddng h\u1ee3p n\u00e0y c\u0169ng \u00e1p d\u1ee5ng cho c\u00e1c \u0111\u0129a c\u1ee9ng b\u1ecb h\u1ecfng ho\u1eb7c v\u1edbi c\u00e1c v\u00f9ng nh\u1edb b\u1ecb h\u1ecfng. Th\u1ef1c t\u1ebf l\u00e0 d\u1eef li\u1ec7u c\u1ee7a b\u1ea1n v\u1eabn \u0111ang \u1ea9n trong c\u00e1c \u0111\u0129a c\u1ee9ng kh\u00f4ng \u0111\u01b0\u1ee3c s\u1eed d\u1ee5ng.<\/p><p>Nhi\u1ec1u ng\u01b0\u1eddi c\u00f3 th\u1ec3 ngh\u0129 r\u1eb1ng m\u1ed9t khi d\u1eef li\u1ec7u kh\u00e1c \u0111\u01b0\u1ee3c ghi trong kh\u00f4ng gian \u0111\u00f3, d\u1eef li\u1ec7u g\u1ed1c s\u1ebd bi\u1ebfn m\u1ea5t v\u0129nh vi\u1ec5n. Tuy nhi\u00ean, v\u1edbi c\u00e1c c\u00f4ng c\u1ee5 ph\u1ee5c h\u1ed3i d\u1eef li\u1ec7u c\u00f3 s\u1eb5n, gi\u1edd \u0111\u00e2y c\u00f3 th\u1ec3 kh\u00f4i ph\u1ee5c d\u1eef li\u1ec7u ngay c\u1ea3 khi \u0111\u00e3 \u0111\u01b0\u1ee3c ghi \u0111\u00e8 m\u1ed9t v\u00e0i l\u1ea7n.<\/p><p>Data Terminator cung c\u1ea5p c\u00e1c thi\u1ebft b\u1ecb v\u00e0 d\u1ecbch v\u1ee5 v\u1ec7 sinh d\u1eef li\u1ec7u an to\u00e0n v\u00e0 to\u00e0n di\u1ec7n v\u1edbi s\u1ef1 tu\u00e2n th\u1ee7 \u0111\u1ea7y \u0111\u1ee7 v\u00e0 ch\u1ea5t l\u01b0\u1ee3ng cao, mang \u0111\u1ebfn cho kh\u00e1ch h\u00e0ng c\u1ee7a ch\u00fang t\u00f4i s\u1ef1 an t\u00e2m ho\u00e0n to\u00e0n. C\u00e1c thi\u1ebft b\u1ecb v\u1ec7 sinh d\u1eef li\u1ec7u an to\u00e0n \u0111\u1ec1u \u0111\u01b0\u1ee3c NSA ch\u1ee9ng nh\u1eadn v\u00e0 quy tr\u00ecnh v\u1ec7 sinh d\u1eef li\u1ec7u c\u1ee7a ch\u00fang t\u00f4i \u0111\u1ea1t ch\u1ee9ng ch\u1ec9 ISO.<\/p><h3>V\u1ec7 sinh \u0111\u0129a c\u1ee9ng &amp; b\u0103ng<\/h3><p>M\u1ed9t trong nh\u1eefng gi\u1ea3i ph\u00e1p ch\u00ednh \u0111\u1ec3 lo\u1ea1i b\u1ecf nguy c\u01a1 d\u1eef li\u1ec7u r\u01a1i v\u00e0o tay k\u1ebb x\u1ea5u l\u00e0 kh\u1eed t\u1eeb cho c\u00e1c \u1ed5 c\u1ee9ng tr\u01b0\u1edbc khi x\u1eed l\u00fd. B\u1ed9 kh\u1eed t\u1eeb \u1ed5 c\u1ee9ng s\u1eed d\u1ee5ng nam ch\u00e2m c\u1ef1c m\u1ea1nh ho\u1eb7c xung \u0111i\u1ec7n c\u01a1 \u0111i\u1ec7n t\u1eed \u0111\u1ec3 x\u00f3a d\u1eef li\u1ec7u kh\u1ecfi \u1ed5 c\u1ee9ng. T\u01b0\u01a1ng t\u1ef1, b\u0103ng c\u0169ng n\u00ean \u0111\u01b0\u1ee3c kh\u1eed t\u1eeb \u0111\u00fang c\u00e1ch tr\u01b0\u1edbc khi lo\u1ea1i b\u1ecf.<\/p><p>Trong th\u1ef1c t\u1ebf, B\u1ed9 qu\u1ed1c ph\u00f2ng M\u0129 y\u00eau c\u1ea7u c\u00e1c \u1ed5 \u0111\u0129a c\u1ee9ng ph\u1ea3i \u0111\u01b0\u1ee3c kh\u1eed t\u1eeb trong m\u1ed9t b\u1ed9 kh\u1eed t\u1eeb n\u1eb1m trong danh s\u00e1ch c\u1ee7a NSA v\u00e0 sau \u0111\u00f3 b\u1ecb ph\u00e1 h\u1ee7y v\u1ec1 m\u1eb7t v\u1eadt l\u00fd tr\u01b0\u1edbc khi x\u1eed l\u00fd.<\/p><h2>Ph\u00e1 h\u1ee7y \u0111\u0129a quang CD\/DVD<\/h2><p>Ph\u00e1 h\u1ee7y \u0111\u0129a quang CD\/DVD kh\u00f4ng ph\u1ea3i l\u00e0 m\u1ed9t v\u1ea5n \u0111\u1ec1.<\/p><p>Data Terminator c\u00f3 nhi\u1ec1u lo\u1ea1i m\u00e1y kh\u00e1c nhau \u0111\u1ec3 \u0111\u00e1p \u1ee9ng Th\u00f4ng s\u1ed1 k\u1ef9 thu\u1eadt NSA\/CSS cho vi\u1ec7c Ti\u00eau h\u1ee7y \u0111\u0129a quang CD\/DVD.<\/p><h2>X\u1eed l\u00fd t\u00e0i s\u1ea3n CNTT<\/h2><p>X\u1eed l\u00fd t\u00e0i s\u1ea3n CNTT \u0111\u00fang c\u00e1ch ng\u00e0y c\u00e0ng tr\u1edf n\u00ean quan tr\u1ecdng kh\u00f4ng ch\u1ec9 v\u1ec1 c\u00e1c v\u1ea5n \u0111\u1ec1 m\u00f4i tr\u01b0\u1eddng m\u00e0 c\u00f2n v\u1ec1 b\u1ea3o m\u1eadt d\u1eef li\u1ec7u.<\/p><p>Nhi\u1ec1u t\u1ed5 ch\u1ee9c kh\u00f4ng c\u00f3 ngu\u1ed3n l\u1ef1c chuy\u00ean d\u1ee5ng ho\u1eb7c s\u1ed1 l\u01b0\u1ee3ng l\u1edbn thi\u1ebft b\u1ecb c\u1ea7n x\u1eed l\u00fd \u0111\u1ec3 c\u00f3 th\u1ec3 \u0111\u1ea7u t\u01b0 mua s\u1eafm thi\u1ebft b\u1ecb. H\u1ecd c\u00f3 th\u1ec3 ch\u1ecdn thu\u00ea ngo\u00e0i khi c\u1ea7n ph\u00e1 h\u1ee7y v\u00e0 x\u1eed l\u00fd. Vi\u1ec7c thu\u00ea ngo\u00e0i c\u00f3 gi\u00e1 c\u1ea3 ph\u1ea3i ch\u0103ng v\u00e0 an to\u00e0n khi \u0111\u01b0\u1ee3c th\u1ef1c hi\u1ec7n \u0111\u00fang. N\u1ebfu b\u1ea1n ch\u1ecdn c\u00e1ch n\u00e0y, h\u00e3y h\u1ecfi ph\u01b0\u01a1ng ph\u00e1p n\u00e0o s\u1ebd \u0111\u01b0\u1ee3c s\u1eed d\u1ee5ng, n\u01a1i c\u00e1c m\u1eb7t h\u00e0ng c\u1ee7a b\u1ea1n s\u1ebd \u0111\u01b0\u1ee3c gi\u1eef tr\u01b0\u1edbc khi ti\u00eau h\u1ee7y ho\u1eb7c li\u1ec7u nh\u00e0 cung c\u1ea5p d\u1ecbch v\u1ee5 c\u00f3 th\u1ec3 ti\u00eau h\u1ee7y t\u1ea1i ch\u1ed7 kh\u00f4ng, \u0111i\u1ec1u g\u00ec x\u1ea3y ra v\u1edbi ch\u1ea5t th\u1ea3i b\u1ecb ph\u00e1 h\u1ee7y v\u00e0 b\u1eb1ng ch\u1ee9ng n\u00e0o b\u1ea1n s\u1ebd nh\u1eadn \u0111\u01b0\u1ee3c r\u1eb1ng nh\u1eefng v\u1eadt ph\u1ea9m \u0111\u00f3 th\u1ef1c s\u1ef1 l\u00e0 b\u1ecb ph\u00e1 h\u1ee7y.<\/p><p>B\u1ea3o m\u1eadt d\u1eef li\u1ec7u l\u00e0 m\u1ed9t qu\u00e1 tr\u00ecnh di\u1ec5n ra li\u00ean t\u1ee5c, b\u1eb1ng c\u00e1ch nh\u1eadn th\u1ee9c \u0111\u01b0\u1ee3c c\u00e1c m\u1ed1i \u0111e d\u1ecda v\u00e0 hi\u1ec3u c\u00e1c t\u00f9y ch\u1ecdn h\u1ee7y, b\u1ea1n s\u1ebd c\u00f3 v\u1ecb th\u1ebf t\u1ed1t h\u01a1n nhi\u1ec1u \u0111\u1ec3 b\u1ea3o v\u1ec7 doanh nghi\u1ec7p v\u00e0 ch\u00ednh b\u1ea1n, ho\u00e0n to\u00e0n y\u00ean t\u00e2m r\u1eb1ng b\u1ea1n kh\u00f4ng \u0111\u1ec3 l\u1ea1i g\u00ec ph\u00eda sau.<\/p><p>Data Terminator cung c\u1ea5p c\u00e1c gi\u1ea3i ph\u00e1p x\u1eed l\u00fd t\u00e0i s\u1ea3n CNTT ho\u00e0n ch\u1ec9nh. Ch\u00fang t\u00f4i c\u00f3 kh\u1ea3 n\u0103ng qu\u1ea3n l\u00fd quy tr\u00ecnh x\u1eed l\u00fd ho\u00e0n ch\u1ec9nh v\u1ec1 x\u00e1c minh t\u00e0i s\u1ea3n, v\u1ec7 sinh d\u1eef li\u1ec7u an to\u00e0n v\u00e0 ph\u00e2n lo\u1ea1i t\u00e0i s\u1ea3n, ti\u00eau h\u1ee7y v\u00e0 x\u1eed l\u00fd th\u00edch h\u1ee3p.<\/p><h2>D\u1ecbch v\u1ee5 kh\u1eed t\u1eeb<\/h2><p>DTC T&amp;S cung c\u1ea5p d\u1ecbch v\u1ee5 kh\u1eed t\u1eeb ch\u1ea5t l\u01b0\u1ee3ng cao d\u1ef1a tr\u00ean chu\u1ea9n <strong>D\u1ecbch v\u1ee5 x\u00f3a v\u00e0 h\u1ee7y d\u1eef li\u1ec7u \u0111i\u1ec7n t\u1eed an to\u00e0n<\/strong>\u00a0\u0111\u01b0\u1ee3c c\u1ea5p ch\u1ee9ng nh\u1eadn ISO 9001:2008. Ch\u00fang t\u00f4i cung c\u1ea5p m\u1ed9t quy tr\u00ecnh ki\u1ec3m tra ch\u1ea5t l\u01b0\u1ee3ng \u0111\u1ec3 kh\u1eed t\u1eeb tr\u00ean \u0111\u0129a khi\u1ebfn t\u1ea5t c\u1ea3 d\u1eef li\u1ec7u \u0111\u01b0\u1ee3c l\u01b0u tr\u1eef tr\u00ean \u0111\u0129a b\u1ecb ph\u00e1 h\u1ee7y v\u0129nh vi\u1ec5n. Do v\u1eady m\u00e0 \u0111\u0129a kh\u00f4ng th\u1ec3 \u0111\u01b0\u1ee3c ph\u1ee5c h\u1ed3i b\u1edfi b\u1ea5t k\u1ef3 c\u00f4ng c\u1ee5 ph\u1ee5c h\u1ed3i c\u00f3 s\u1eb5n n\u00e0o.<\/p><h2>X\u00f3a \u1ed5 c\u1ee9ng<\/h2><p>DTC T&amp;S cung c\u1ea5p D\u1ecbch v\u1ee5 x\u00f3a d\u1eef li\u1ec7u \u0111i\u1ec7n t\u1eed an to\u00e0n ch\u1ea5t l\u01b0\u1ee3ng cao \u0111\u01b0\u1ee3c c\u1ea5p Ch\u1ee9ng nh\u1eadn ISO 9001 cho m\u1ecdi thi\u1ebft b\u1ecb l\u01b0u tr\u1eef nh\u01b0 PATA, SATA ho\u1eb7c SCSI. C\u00f3 nhi\u1ec1u l\u1ef1a ch\u1ecdn \u0111\u1ec3 x\u00f3a d\u1eef li\u1ec7u. M\u1ed9t trong s\u1ed1 \u0111\u00f3 l\u00e0 X\u00f3a b\u1eb1ng ph\u1ea7n m\u1ec1m, b\u1eb1ng c\u00e1ch ghi \u0111\u00e8 c\u00e1c v\u00f9ng nh\u1edb c\u1ee7a \u0111\u0129a b\u1eb1ng m\u1ed9t gi\u00e1 tr\u1ecb m\u1edbi v\u1edbi s\u1ed1 l\u01b0\u1ee3ng v\u01b0\u1ee3t qua nh\u1ea5t \u0111\u1ecbnh \u0111\u1ec3 \u0111\u1ea3m b\u1ea3o d\u1eef li\u1ec7u kh\u00f3 ph\u1ee5c h\u1ed3i h\u01a1n. Nh\u01b0ng ch\u00fang t\u00f4i c\u0169ng cung c\u1ea5p m\u1ed9t t\u00f9y ch\u1ecdn t\u1ed1t h\u01a1n so v\u1edbi x\u00f3a b\u1eb1ng ph\u1ea7n m\u1ec1m l\u00e0 \u201cSecure Erase\u201d, kh\u1edfi t\u1ea1o l\u1ec7nh x\u00f3a an to\u00e0n n\u1ed9i b\u1ed9 trong \u1ed5 \u0111\u0129a, \u0111\u01a1n v\u1ecb x\u00f3a b\u1ea3o m\u1eadt, d\u1ef1a tr\u00ean \u0111\u1eb7c t\u1ea3 ATA c\u1ee7a \u1ee7y ban k\u1ef9 thu\u1eadt T13.<\/p><h2>Nh\u00e2n b\u1ea3n \u0111\u0129a c\u1ee9ng<\/h2><p>Data Terminator s\u1eed d\u1ee5ng c\u00e1c c\u00f4ng c\u1ee5 nh\u01b0 \u0111\u0129a c\u1ee9ng PSIClone \u2122 \u0111\u1ec3 chuy\u1ec3n b\u1ea3n sao cho kh\u00e1ch h\u00e0ng s\u1eed d\u1ee5ng. PSIClone \u2122 \u0111\u01b0\u1ee3c t\u00edch h\u1ee3p nhi\u1ec1u t\u00ednh n\u0103ng h\u1eefu \u00edch cho \u0111i\u1ec1u tra ph\u00e1p y. \u0110\u01b0\u1ee3c thi\u1ebft k\u1ebf v\u1edbi t\u00ednh to\u00e0n v\u1eb9n d\u1eef li\u1ec7u ph\u00e1p y, m\u1ed9t t\u00ednh n\u0103ng quan tr\u1ecdng c\u1ee7a PSIClone \u2122 l\u00e0 ng\u01b0\u1eddi d\u00f9ng kh\u00f4ng th\u1ec3 ghi v\u00e0o ph\u00eda b\u00ean ngu\u1ed3n c\u1ee7a thi\u1ebft b\u1ecb. V\u1edbi ph\u1ea7n m\u1ec1m kh\u00f4i ph\u1ee5c d\u1eef li\u1ec7u \u0111i k\u00e8m, PSIClone c\u00f3 m\u1ecdi th\u1ee9 b\u1ea1n c\u1ea7n \u0111\u1ec3 th\u1ef1c hi\u1ec7n kh\u00f4i ph\u1ee5c d\u1eef li\u1ec7u ngay l\u1eadp t\u1ee9c.<\/p><p>M\u1eb7c d\u00f9 PSIClone \u2122 l\u00e0 thi\u1ebft b\u1ecb nh\u00e2n b\u1ea3n v\u00e0 t\u1ea1o h\u00ecnh \u1ea3nh \u1ed5 \u0111\u0129a, n\u00f3 n\u1ed5i b\u1eadt so v\u1edbi c\u00e1c thi\u1ebft b\u1ecb kh\u00e1c v\u00ec c\u00f3 kh\u1ea3 n\u0103ng th\u1ef1c hi\u1ec7n n\u00e9n m\u1ea1nh m\u1ebd trong khi t\u1ea1o \u1ea3nh \u1ed5 \u0111\u0129a, do \u0111\u00f3 cho ph\u00e9p b\u1ea1n \u0111\u1eb7t h\u00ecnh \u1ea3nh c\u1ee7a nhi\u1ec1u \u1ed5 \u0111\u0129a tr\u00ean m\u1ed9t \u1ed5 \u0111\u0129a. \u0110i\u1ec1u n\u00e0y ti\u1ebft ki\u1ec7m th\u1eddi gian v\u00e0 ti\u1ec1n b\u1ea1c.<\/p>\t\t\t\t\t\t<\/div>\n\t\t\t\t<\/div>\n\t\t\t\t\t<\/div>\n\t\t<\/div>\n\t\t\t\t\t\t\t<\/div>\n\t\t<\/section>\n\t\t\t\t\t\t<\/div>\n\t\t\t\t\t<\/div>\n\t\t","protected":false},"excerpt":{"rendered":"<p class=\"tx-excerpt\">D\u1ecbch v\u1ee5 X\u00f3a d\u1eef li\u1ec7u an to\u00e0n v\u00e0 d\u1ecbch v\u1ee5 kh\u1eed t\u1eeb R\u00f2 r\u1ec9 th\u00f4ng tin l\u00e0 m\u1ed1i \u0111e d\u1ecda l\u1edbn \u0111\u1ed1i v\u1edbi t\u1ea5t c\u1ea3 c\u00e1c t\u1ed5 ch\u1ee9c. C\u00e1c b\u1ed9 ph\u1eadn CNTT th\u01b0\u1eddng","protected":false},"author":1,"featured_media":0,"parent":0,"menu_order":0,"comment_status":"closed","ping_status":"closed","template":"","meta":{"footnotes":""},"class_list":["post-687","page","type-page","status-publish","hentry"],"jetpack_sharing_enabled":true,"_links":{"self":[{"href":"https:\/\/dt-corp.com.vn\/index.php?rest_route=\/wp\/v2\/pages\/687","targetHints":{"allow":["GET"]}}],"collection":[{"href":"https:\/\/dt-corp.com.vn\/index.php?rest_route=\/wp\/v2\/pages"}],"about":[{"href":"https:\/\/dt-corp.com.vn\/index.php?rest_route=\/wp\/v2\/types\/page"}],"author":[{"embeddable":true,"href":"https:\/\/dt-corp.com.vn\/index.php?rest_route=\/wp\/v2\/users\/1"}],"replies":[{"embeddable":true,"href":"https:\/\/dt-corp.com.vn\/index.php?rest_route=%2Fwp%2Fv2%2Fcomments&post=687"}],"version-history":[{"count":13,"href":"https:\/\/dt-corp.com.vn\/index.php?rest_route=\/wp\/v2\/pages\/687\/revisions"}],"predecessor-version":[{"id":941,"href":"https:\/\/dt-corp.com.vn\/index.php?rest_route=\/wp\/v2\/pages\/687\/revisions\/941"}],"wp:attachment":[{"href":"https:\/\/dt-corp.com.vn\/index.php?rest_route=%2Fwp%2Fv2%2Fmedia&parent=687"}],"curies":[{"name":"wp","href":"https:\/\/api.w.org\/{rel}","templated":true}]}}