{"id":711,"date":"2022-03-22T10:01:32","date_gmt":"2022-03-22T03:01:32","guid":{"rendered":"https:\/\/dt-corp.com.vn\/?page_id=711"},"modified":"2022-03-25T14:20:04","modified_gmt":"2022-03-25T07:20:04","slug":"blog","status":"publish","type":"page","link":"https:\/\/dt-corp.com.vn\/?page_id=711","title":{"rendered":"Blog"},"content":{"rendered":"\t\t<div data-elementor-type=\"wp-page\" data-elementor-id=\"711\" class=\"elementor elementor-711\" data-elementor-settings=\"[]\">\n\t\t\t\t\t\t\t<div class=\"elementor-section-wrap\">\n\t\t\t\t\t\t\t<section class=\"elementor-section elementor-top-section elementor-element elementor-element-04b349d elementor-section-boxed elementor-section-height-default elementor-section-height-default\" data-id=\"04b349d\" data-element_type=\"section\">\n\t\t\t\t\t\t<div class=\"elementor-container elementor-column-gap-default\">\n\t\t\t\t\t<div class=\"elementor-column elementor-col-100 elementor-top-column elementor-element elementor-element-c77dd0c\" data-id=\"c77dd0c\" data-element_type=\"column\">\n\t\t\t<div class=\"elementor-widget-wrap elementor-element-populated\">\n\t\t\t\t\t\t\t\t<div class=\"elementor-element elementor-element-0fcecb2 elementor-posts--align-left elementor-grid-3 elementor-grid-tablet-2 elementor-grid-mobile-1 elementor-posts--thumbnail-top elementor-widget elementor-widget-posts\" data-id=\"0fcecb2\" data-element_type=\"widget\" data-settings=\"{&quot;classic_row_gap&quot;:{&quot;unit&quot;:&quot;px&quot;,&quot;size&quot;:34,&quot;sizes&quot;:[]},&quot;classic_columns&quot;:&quot;3&quot;,&quot;classic_columns_tablet&quot;:&quot;2&quot;,&quot;classic_columns_mobile&quot;:&quot;1&quot;,&quot;classic_row_gap_tablet&quot;:{&quot;unit&quot;:&quot;px&quot;,&quot;size&quot;:&quot;&quot;,&quot;sizes&quot;:[]},&quot;classic_row_gap_mobile&quot;:{&quot;unit&quot;:&quot;px&quot;,&quot;size&quot;:&quot;&quot;,&quot;sizes&quot;:[]}}\" data-widget_type=\"posts.classic\">\n\t\t\t\t<div class=\"elementor-widget-container\">\n\t\t\t\t\t<div class=\"elementor-posts-container elementor-posts elementor-posts--skin-classic elementor-grid\">\n\t\t\t\t<article class=\"elementor-post elementor-grid-item post-1757 post type-post status-publish format-standard has-post-thumbnail hentry category-blog\">\n\t\t\t\t<a class=\"elementor-post__thumbnail__link\" href=\"https:\/\/dt-corp.com.vn\/?p=1757\" >\n\t\t\t<div class=\"elementor-post__thumbnail\"><img loading=\"lazy\" decoding=\"async\" width=\"300\" height=\"169\" src=\"https:\/\/dt-corp.com.vn\/wp-content\/uploads\/2022\/08\/photo-1-1627570050482997320971-300x169.webp\" class=\"attachment-medium size-medium\" alt=\"\" \/><\/div>\n\t\t<\/a>\n\t\t\t\t<div class=\"elementor-post__text\">\n\t\t\t\t<h3 class=\"elementor-post__title\">\n\t\t\t<a href=\"https:\/\/dt-corp.com.vn\/?p=1757\" >\n\t\t\t\tFinecam \u2013 \u1ee9ng d\u1ee5ng bi\u1ebfn \u0111i\u1ec7n tho\u1ea1i th\u00e0nh Webcam c\u1ef1c x\u1ecbn\t\t\t<\/a>\n\t\t<\/h3>\n\t\t\t\t<div class=\"elementor-post__meta-data\">\n\t\t\t\t\t<span class=\"elementor-post-date\">\n\t\t\t29\/08\/2022\t\t<\/span>\n\t\t\t\t<span class=\"elementor-post-avatar\">\n\t\t\tNo Comments\t\t<\/span>\n\t\t\t\t<\/div>\n\t\t\t\t<div class=\"elementor-post__excerpt\">\n\t\t\t<p class=\"tx-excerpt\">S\u1eed d\u1ee5ng c\u00f9ng l\u00fac Camera tr\u01b0\u1edbc v\u00e0 Camera sau iPhone \u0111\u1ec3 l\u00e0m Webcam. Kh\u00f4ng c\u1ea7n ph\u1ea3i mua m\u1ed9t Webcam m\u1edbi. FineCam bi\u1ebfn iPhone c\u1ee7a b\u1ea1n<\/p>\t\t<\/div>\n\t\t\t\t\t<a class=\"elementor-post__read-more\" href=\"https:\/\/dt-corp.com.vn\/?p=1757\" >\n\t\t\t\tRead More \u00bb\t\t\t<\/a>\n\t\t\t\t<\/div>\n\t\t\t\t<\/article>\n\t\t\t\t<article class=\"elementor-post elementor-grid-item post-1754 post type-post status-publish format-standard has-post-thumbnail hentry category-blog\">\n\t\t\t\t<a class=\"elementor-post__thumbnail__link\" href=\"https:\/\/dt-corp.com.vn\/?p=1754\" >\n\t\t\t<div class=\"elementor-post__thumbnail\"><img loading=\"lazy\" decoding=\"async\" width=\"300\" height=\"158\" src=\"https:\/\/dt-corp.com.vn\/wp-content\/uploads\/2022\/08\/AI-Security.jpeg-300x158.webp\" class=\"attachment-medium size-medium\" alt=\"\" \/><\/div>\n\t\t<\/a>\n\t\t\t\t<div class=\"elementor-post__text\">\n\t\t\t\t<h3 class=\"elementor-post__title\">\n\t\t\t<a href=\"https:\/\/dt-corp.com.vn\/?p=1754\" >\n\t\t\t\t4 Ways AI Capabilities Transform Security\t\t\t<\/a>\n\t\t<\/h3>\n\t\t\t\t<div class=\"elementor-post__meta-data\">\n\t\t\t\t\t<span class=\"elementor-post-date\">\n\t\t\t29\/08\/2022\t\t<\/span>\n\t\t\t\t<span class=\"elementor-post-avatar\">\n\t\t\tNo Comments\t\t<\/span>\n\t\t\t\t<\/div>\n\t\t\t\t<div class=\"elementor-post__excerpt\">\n\t\t\t<p class=\"tx-excerpt\">Many industries have had to tighten belts in the \u201cnew normal\u201d. In cybersecurity, artificial intelligence (AI) can help. Every day of the new normal we<\/p>\t\t<\/div>\n\t\t\t\t\t<a class=\"elementor-post__read-more\" href=\"https:\/\/dt-corp.com.vn\/?p=1754\" >\n\t\t\t\tRead More \u00bb\t\t\t<\/a>\n\t\t\t\t<\/div>\n\t\t\t\t<\/article>\n\t\t\t\t<article class=\"elementor-post elementor-grid-item post-1746 post type-post status-publish format-standard has-post-thumbnail hentry category-blog\">\n\t\t\t\t<a class=\"elementor-post__thumbnail__link\" href=\"https:\/\/dt-corp.com.vn\/?p=1746\" >\n\t\t\t<div class=\"elementor-post__thumbnail\"><img loading=\"lazy\" decoding=\"async\" width=\"300\" height=\"168\" src=\"https:\/\/dt-corp.com.vn\/wp-content\/uploads\/2022\/08\/windows-11-teaser-300x168.jpg\" class=\"attachment-medium size-medium\" alt=\"\" \/><\/div>\n\t\t<\/a>\n\t\t\t\t<div class=\"elementor-post__text\">\n\t\t\t\t<h3 class=\"elementor-post__title\">\n\t\t\t<a href=\"https:\/\/dt-corp.com.vn\/?p=1746\" >\n\t\t\t\tC\u00e1ch ch\u1ec9nh giao di\u1ec7n Windows 11 gi\u1ed1ng Windows 10 h\u01a1n\t\t\t<\/a>\n\t\t<\/h3>\n\t\t\t\t<div class=\"elementor-post__meta-data\">\n\t\t\t\t\t<span class=\"elementor-post-date\">\n\t\t\t26\/08\/2022\t\t<\/span>\n\t\t\t\t<span class=\"elementor-post-avatar\">\n\t\t\tNo Comments\t\t<\/span>\n\t\t\t\t<\/div>\n\t\t\t\t<div class=\"elementor-post__excerpt\">\n\t\t\t<p class=\"tx-excerpt\">C\u00e1ch l\u00e0m cho Windows 11 gi\u1ed1ng Windows 10 h\u01a1n V\u1ecb tr\u00ed Start Menu Thay \u0111\u1ed5i thi\u1ebft k\u1ebf r\u00f5 r\u00e0ng nh\u1ea5t c\u1ee7a Windows 11 l\u00e0 vi\u1ec7c<\/p>\t\t<\/div>\n\t\t\t\t\t<a class=\"elementor-post__read-more\" href=\"https:\/\/dt-corp.com.vn\/?p=1746\" >\n\t\t\t\tRead More \u00bb\t\t\t<\/a>\n\t\t\t\t<\/div>\n\t\t\t\t<\/article>\n\t\t\t\t<article class=\"elementor-post elementor-grid-item post-1743 post type-post status-publish format-standard has-post-thumbnail hentry category-blog\">\n\t\t\t\t<a class=\"elementor-post__thumbnail__link\" href=\"https:\/\/dt-corp.com.vn\/?p=1743\" >\n\t\t\t<div class=\"elementor-post__thumbnail\"><img loading=\"lazy\" decoding=\"async\" width=\"300\" height=\"170\" src=\"https:\/\/dt-corp.com.vn\/wp-content\/uploads\/2022\/08\/google-xu-huong-la-gi7-300x170.webp\" class=\"attachment-medium size-medium\" alt=\"\" \/><\/div>\n\t\t<\/a>\n\t\t\t\t<div class=\"elementor-post__text\">\n\t\t\t\t<h3 class=\"elementor-post__title\">\n\t\t\t<a href=\"https:\/\/dt-corp.com.vn\/?p=1743\" >\n\t\t\t\tGoogle Trends l\u00e0 g\u00ec? C\u00e1ch s\u1eed d\u1ee5ng Google xu h\u01b0\u1edbng \u0111\u1ec3 t\u0103ng hi\u1ec7u qu\u1ea3 SEO\t\t\t<\/a>\n\t\t<\/h3>\n\t\t\t\t<div class=\"elementor-post__meta-data\">\n\t\t\t\t\t<span class=\"elementor-post-date\">\n\t\t\t26\/08\/2022\t\t<\/span>\n\t\t\t\t<span class=\"elementor-post-avatar\">\n\t\t\tNo Comments\t\t<\/span>\n\t\t\t\t<\/div>\n\t\t\t\t<div class=\"elementor-post__excerpt\">\n\t\t\t<p class=\"tx-excerpt\">1. Google trends\u00a0l\u00e0 g\u00ec? Google trends hay c\u00f2n \u0111\u01b0\u1ee3c g\u1ecdi l\u00e0 Google xu h\u01b0\u1edbng, l\u00e0 m\u1ed9t trong nh\u1eefng c\u00f4ng c\u1ee5 \u0111\u1eb7c bi\u1ec7t h\u1eefu \u00edch c\u1ee7a<\/p>\t\t<\/div>\n\t\t\t\t\t<a class=\"elementor-post__read-more\" href=\"https:\/\/dt-corp.com.vn\/?p=1743\" >\n\t\t\t\tRead More \u00bb\t\t\t<\/a>\n\t\t\t\t<\/div>\n\t\t\t\t<\/article>\n\t\t\t\t<article class=\"elementor-post elementor-grid-item post-1736 post type-post status-publish format-standard has-post-thumbnail hentry category-blog\">\n\t\t\t\t<a class=\"elementor-post__thumbnail__link\" href=\"https:\/\/dt-corp.com.vn\/?p=1736\" >\n\t\t\t<div class=\"elementor-post__thumbnail\"><img loading=\"lazy\" decoding=\"async\" width=\"300\" height=\"126\" src=\"https:\/\/dt-corp.com.vn\/wp-content\/uploads\/2022\/08\/915550_TLS-Market-is-no-longer-about-certificates_Blog-Image_1000x420-300x126.png\" class=\"attachment-medium size-medium\" alt=\"\" \/><\/div>\n\t\t<\/a>\n\t\t\t\t<div class=\"elementor-post__text\">\n\t\t\t\t<h3 class=\"elementor-post__title\">\n\t\t\t<a href=\"https:\/\/dt-corp.com.vn\/?p=1736\" >\n\t\t\t\tState of the market: in the public certification authorities\u2019 world, TLS\/SSL is no longer about certificates\t\t\t<\/a>\n\t\t<\/h3>\n\t\t\t\t<div class=\"elementor-post__meta-data\">\n\t\t\t\t\t<span class=\"elementor-post-date\">\n\t\t\t25\/08\/2022\t\t<\/span>\n\t\t\t\t<span class=\"elementor-post-avatar\">\n\t\t\tNo Comments\t\t<\/span>\n\t\t\t\t<\/div>\n\t\t\t\t<div class=\"elementor-post__excerpt\">\n\t\t\t<p class=\"tx-excerpt\">Frost has released their latest\u00a0Radar report on the TLS market, and the conclusion that jumps out of it is clear: The public TLS market is<\/p>\t\t<\/div>\n\t\t\t\t\t<a class=\"elementor-post__read-more\" href=\"https:\/\/dt-corp.com.vn\/?p=1736\" >\n\t\t\t\tRead More \u00bb\t\t\t<\/a>\n\t\t\t\t<\/div>\n\t\t\t\t<\/article>\n\t\t\t\t<article class=\"elementor-post elementor-grid-item post-1711 post type-post status-publish format-standard has-post-thumbnail hentry category-blog\">\n\t\t\t\t<a class=\"elementor-post__thumbnail__link\" href=\"https:\/\/dt-corp.com.vn\/?p=1711\" >\n\t\t\t<div class=\"elementor-post__thumbnail\"><img loading=\"lazy\" decoding=\"async\" width=\"300\" height=\"170\" src=\"https:\/\/dt-corp.com.vn\/wp-content\/uploads\/2022\/08\/overbooking-la-gi-4-300x170.webp\" class=\"attachment-medium size-medium\" alt=\"\" \/><\/div>\n\t\t<\/a>\n\t\t\t\t<div class=\"elementor-post__text\">\n\t\t\t\t<h3 class=\"elementor-post__title\">\n\t\t\t<a href=\"https:\/\/dt-corp.com.vn\/?p=1711\" >\n\t\t\t\tOverbooking l\u00e0 g\u00ec? L\u00e0m th\u1ebf n\u00e0o \u0111\u1ec3 x\u1eed l\u00fd overbooking trong kh\u00e1ch s\u1ea1n hi\u1ec7u qu\u1ea3?\t\t\t<\/a>\n\t\t<\/h3>\n\t\t\t\t<div class=\"elementor-post__meta-data\">\n\t\t\t\t\t<span class=\"elementor-post-date\">\n\t\t\t09\/08\/2022\t\t<\/span>\n\t\t\t\t<span class=\"elementor-post-avatar\">\n\t\t\tNo Comments\t\t<\/span>\n\t\t\t\t<\/div>\n\t\t\t\t<div class=\"elementor-post__excerpt\">\n\t\t\t<p class=\"tx-excerpt\">1. Overbooking l\u00e0 g\u00ec? Overbooking trong kh\u00e1ch s\u1ea1n l\u00e0 t\u00ecnh tr\u1ea1ng \u0111\u1eb7t ph\u00f2ng t\u0103ng \u0111\u1ed9t bi\u1ebfn, v\u01b0\u1ee3t qua t\u1ed5ng s\u1ed1 ph\u00f2ng s\u1eb5n c\u00f3 c\u1ee7a kh\u00e1ch<\/p>\t\t<\/div>\n\t\t\t\t\t<a class=\"elementor-post__read-more\" href=\"https:\/\/dt-corp.com.vn\/?p=1711\" >\n\t\t\t\tRead More \u00bb\t\t\t<\/a>\n\t\t\t\t<\/div>\n\t\t\t\t<\/article>\n\t\t\t\t<\/div>\n\n\n\t\t\n\t\t\t\t<\/div>\n\t\t\t\t<\/div>\n\t\t\t\t\t<\/div>\n\t\t<\/div>\n\t\t\t\t\t\t\t<\/div>\n\t\t<\/section>\n\t\t\t\t\t\t<\/div>\n\t\t\t\t\t<\/div>\n\t\t","protected":false},"excerpt":{"rendered":"<p class=\"tx-excerpt\">1. Overbooking l\u00e0 g\u00ec? Overbooking trong kh\u00e1ch s\u1ea1n l\u00e0 t\u00ecnh tr\u1ea1ng \u0111\u1eb7t ph\u00f2ng t\u0103ng \u0111\u1ed9t bi\u1ebfn, v\u01b0\u1ee3t qua t\u1ed5ng s\u1ed1 ph\u00f2ng s\u1eb5n c\u00f3 c\u1ee7a kh\u00e1ch s\u1ea1n. Overbooking th\u00fac \u0111\u1ea9y hi\u1ec7u su\u1ea5t \u0111\u1eb7t ph\u00f2ng,","protected":false},"author":1,"featured_media":0,"parent":0,"menu_order":0,"comment_status":"closed","ping_status":"closed","template":"","meta":{"footnotes":""},"class_list":["post-711","page","type-page","status-publish","hentry"],"jetpack_sharing_enabled":true,"_links":{"self":[{"href":"https:\/\/dt-corp.com.vn\/index.php?rest_route=\/wp\/v2\/pages\/711","targetHints":{"allow":["GET"]}}],"collection":[{"href":"https:\/\/dt-corp.com.vn\/index.php?rest_route=\/wp\/v2\/pages"}],"about":[{"href":"https:\/\/dt-corp.com.vn\/index.php?rest_route=\/wp\/v2\/types\/page"}],"author":[{"embeddable":true,"href":"https:\/\/dt-corp.com.vn\/index.php?rest_route=\/wp\/v2\/users\/1"}],"replies":[{"embeddable":true,"href":"https:\/\/dt-corp.com.vn\/index.php?rest_route=%2Fwp%2Fv2%2Fcomments&post=711"}],"version-history":[{"count":7,"href":"https:\/\/dt-corp.com.vn\/index.php?rest_route=\/wp\/v2\/pages\/711\/revisions"}],"predecessor-version":[{"id":800,"href":"https:\/\/dt-corp.com.vn\/index.php?rest_route=\/wp\/v2\/pages\/711\/revisions\/800"}],"wp:attachment":[{"href":"https:\/\/dt-corp.com.vn\/index.php?rest_route=%2Fwp%2Fv2%2Fmedia&parent=711"}],"curies":[{"name":"wp","href":"https:\/\/api.w.org\/{rel}","templated":true}]}}