{"id":716,"date":"2022-03-22T10:01:32","date_gmt":"2022-03-22T03:01:32","guid":{"rendered":"https:\/\/dt-corp.com.vn\/?page_id=716"},"modified":"2022-03-23T22:08:26","modified_gmt":"2022-03-23T15:08:26","slug":"download","status":"publish","type":"page","link":"https:\/\/dt-corp.com.vn\/?page_id=716","title":{"rendered":"Download"},"content":{"rendered":"\t\t<div data-elementor-type=\"wp-page\" data-elementor-id=\"716\" class=\"elementor elementor-716\" data-elementor-settings=\"[]\">\n\t\t\t\t\t\t\t<div class=\"elementor-section-wrap\">\n\t\t\t\t\t\t\t<section class=\"elementor-section elementor-top-section elementor-element elementor-element-0faa3ce elementor-section-boxed elementor-section-height-default elementor-section-height-default\" data-id=\"0faa3ce\" data-element_type=\"section\">\n\t\t\t\t\t\t<div class=\"elementor-container elementor-column-gap-default\">\n\t\t\t\t\t<div class=\"elementor-column elementor-col-100 elementor-top-column elementor-element elementor-element-7e9b50e\" data-id=\"7e9b50e\" data-element_type=\"column\">\n\t\t\t<div class=\"elementor-widget-wrap elementor-element-populated\">\n\t\t\t\t\t\t\t\t<div class=\"elementor-element elementor-element-7b7d89f elementor-flip-box--effect-flip elementor-flip-box--direction-up elementor-widget elementor-widget-flip-box\" data-id=\"7b7d89f\" data-element_type=\"widget\" data-widget_type=\"flip-box.default\">\n\t\t\t\t<div class=\"elementor-widget-container\">\n\t\t\t\t\t<div class=\"elementor-flip-box\">\n\t\t\t<div class=\"elementor-flip-box__layer elementor-flip-box__front\">\n\t\t\t\t<div class=\"elementor-flip-box__layer__overlay\">\n\t\t\t\t\t<div class=\"elementor-flip-box__layer__inner\">\n\t\t\t\t\t\t\t\t\t\t\t\t\t<div class=\"elementor-icon-wrapper elementor-view-default\">\n\t\t\t\t\t\t\t\t<div class=\"elementor-icon\">\n\t\t\t\t\t\t\t\t\t<i class=\"fas fa-book-reader\"><\/i>\t\t\t\t\t\t\t\t<\/div>\n\t\t\t\t\t\t\t<\/div>\n\t\t\t\t\t\t\n\t\t\t\t\t\t\t\t\t\t\t\t\t<h3 class=\"elementor-flip-box__layer__title\">\n\t\t\t\t\t\t\t\tC\u1ea9m nang chuy\u1ec3n \u0111\u1ed5i s\u1ed1\t\t\t\t\t\t\t<\/h3>\n\t\t\t\t\t\t\n\t\t\t\t\t\t\t\t\t\t\t\t\t<div class=\"elementor-flip-box__layer__description\">\n\t\t\t\t\t\t\t\tH\u00e0ng tr\u0103m c\u00e2u h\u1ecfi chuy\u1ec3n \u0111\u1ed5i s\u1ed1 th\u00e0nh c\u00f4ng cho ng\u01b0\u1eddi d\u00e2n, doanh nghi\u1ec7p v\u00e0 c\u01a1 quan Nh\u00e0 n\u01b0\u1edbc\t\t\t\t\t\t\t<\/div>\n\t\t\t\t\t\t\t\t\t\t\t<\/div>\n\t\t\t\t<\/div>\n\t\t\t<\/div>\n\t\t\t<div class=\"elementor-flip-box__layer elementor-flip-box__back\">\n\t\t\t<div class=\"elementor-flip-box__layer__overlay\">\n\t\t\t\t<div class=\"elementor-flip-box__layer__inner\">\n\t\t\t\t\t\t\t\t\t\t\t<h3 class=\"elementor-flip-box__layer__title\">\n\t\t\t\t\t\t\tC\u1ea9m nang Chuy\u1ec3n \u0111\u1ed5i s\u1ed1\t\t\t\t\t\t<\/h3>\n\t\t\t\t\t\n\t\t\t\t\t\t\t\t\t\t\t<div class=\"elementor-flip-box__layer__description\">\n\t\t\t\t\t\t\tN\u1ebfu b\u1ea1n ch\u01b0a t\u00ecm \u0111\u01b0\u1ee3c c\u00e2u h\u1ecfi v\u00e0 c\u00e2u tr\u1ea3 l\u1eddi tho\u1ea3 m\u00e3n mong mu\u1ed1n c\u1ee7a m\u00ecnh ?\n\n\u0110\u1eebng ng\u1ea7n ng\u1ea1i li\u00ean h\u1ec7 ch\u00fang t\u00f4i\t\t\t\t\t\t<\/div>\n\t\t\t\t\t\n\t\t\t\t\t\t\t\t\t\t\t<a class=\"elementor-flip-box__button elementor-button elementor-size-sm\" href=\"https:\/\/dx.mic.gov.vn\/doc-truc-tuyen\/cam-nang-chuyen-doi-so\/pdf\/cam-nang-chuyen-doi-so.pdf\">\n\t\t\t\t\t\t\tT\u1ea3i v\u1ec1\t\t\t\t\t\t<\/a>\n\t\t\t\t\t\t\t\t<\/div>\n\t\t<\/div>\n\t\t<\/div>\n\t\t<\/div>\n\t\t\t\t<\/div>\n\t\t\t\t<\/div>\n\t\t\t\t\t<\/div>\n\t\t<\/div>\n\t\t\t\t\t\t\t<\/div>\n\t\t<\/section>\n\t\t\t\t\t\t<\/div>\n\t\t\t\t\t<\/div>\n\t\t","protected":false},"excerpt":{"rendered":"<p class=\"tx-excerpt\">C\u1ea9m nang chuy\u1ec3n \u0111\u1ed5i s\u1ed1 H\u00e0ng tr\u0103m c\u00e2u h\u1ecfi chuy\u1ec3n \u0111\u1ed5i s\u1ed1 th\u00e0nh c\u00f4ng cho ng\u01b0\u1eddi d\u00e2n, doanh nghi\u1ec7p v\u00e0 c\u01a1 quan Nh\u00e0 n\u01b0\u1edbc C\u1ea9m nang Chuy\u1ec3n \u0111\u1ed5i s\u1ed1 N\u1ebfu b\u1ea1n ch\u01b0a t\u00ecm","protected":false},"author":1,"featured_media":0,"parent":0,"menu_order":0,"comment_status":"closed","ping_status":"closed","template":"","meta":{"footnotes":""},"class_list":["post-716","page","type-page","status-publish","hentry"],"jetpack_sharing_enabled":true,"_links":{"self":[{"href":"https:\/\/dt-corp.com.vn\/index.php?rest_route=\/wp\/v2\/pages\/716","targetHints":{"allow":["GET"]}}],"collection":[{"href":"https:\/\/dt-corp.com.vn\/index.php?rest_route=\/wp\/v2\/pages"}],"about":[{"href":"https:\/\/dt-corp.com.vn\/index.php?rest_route=\/wp\/v2\/types\/page"}],"author":[{"embeddable":true,"href":"https:\/\/dt-corp.com.vn\/index.php?rest_route=\/wp\/v2\/users\/1"}],"replies":[{"embeddable":true,"href":"https:\/\/dt-corp.com.vn\/index.php?rest_route=%2Fwp%2Fv2%2Fcomments&post=716"}],"version-history":[{"count":7,"href":"https:\/\/dt-corp.com.vn\/index.php?rest_route=\/wp\/v2\/pages\/716\/revisions"}],"predecessor-version":[{"id":762,"href":"https:\/\/dt-corp.com.vn\/index.php?rest_route=\/wp\/v2\/pages\/716\/revisions\/762"}],"wp:attachment":[{"href":"https:\/\/dt-corp.com.vn\/index.php?rest_route=%2Fwp%2Fv2%2Fmedia&parent=716"}],"curies":[{"name":"wp","href":"https:\/\/api.w.org\/{rel}","templated":true}]}}